{"id":28575,"date":"2022-01-05T04:06:54","date_gmt":"2022-01-05T03:06:54","guid":{"rendered":"https:\/\/poolbox.eu\/kontakt"},"modified":"2023-05-08T14:48:25","modified_gmt":"2023-05-08T12:48:25","slug":"kontakt","status":"publish","type":"page","link":"https:\/\/poolbox.eu\/cs\/kontakt","title":{"rendered":"Kontakt"},"content":{"rendered":"<p>[et_pb_section fb_built=&#8220;1&#8243; _builder_version=&#8220;4.16&#8243; _module_preset=&#8220;default&#8220; use_background_color_gradient=&#8220;on&#8220; background_color_gradient_stops=&#8220;rgba(22,22,22,0.28) 0%|rgba(22,22,22,0.62) 100%&#8220; background_color_gradient_overlays_image=&#8220;on&#8220; background_color_gradient_start=&#8220;rgba(22,22,22,0.28)&#8220; background_color_gradient_end=&#8220;rgba(22,22,22,0.62)&#8220; background_image=&#8220;https:\/\/poolbox.eu\/wp-content\/uploads\/2022\/01\/foto_bg_1.jpg&#8220; global_colors_info=&#8220;{}&#8220;][et_pb_row _builder_version=&#8220;4.16&#8243; _module_preset=&#8220;default&#8220; global_colors_info=&#8220;{}&#8220;][et_pb_column type=&#8220;4_4&#8243; _builder_version=&#8220;4.16&#8243; _module_preset=&#8220;default&#8220; global_colors_info=&#8220;{}&#8220;][et_pb_text module_class=&#8220;h1_home&#8220; _builder_version=&#8220;4.16&#8243; _module_preset=&#8220;default&#8220; header_font=&#8220;Exo|600||on|||||&#8220; header_text_color=&#8220;#ffffff&#8220; header_font_size=&#8220;65px&#8220; custom_margin=&#8220;||0px||false|false&#8220; header_font_size_tablet=&#8220;64px&#8220; header_font_size_phone=&#8220;48px&#8220; header_font_size_last_edited=&#8220;on|tablet&#8220; global_colors_info=&#8220;{}&#8220;]<\/p>\n<h1>Kontakt<\/h1>\n<p>[\/et_pb_text][\/et_pb_column][\/et_pb_row][\/et_pb_section][et_pb_section fb_built=&#8220;1&#8243; admin_label=&#8220;Contact Info&#8220; _builder_version=&#8220;4.16&#8243; custom_padding=&#8220;0px||0px|||&#8220; locked=&#8220;off&#8220; global_colors_info=&#8220;{}&#8220;][et_pb_row column_structure=&#8220;1_3,1_3,1_3&#8243; _builder_version=&#8220;4.16&#8243; background_size=&#8220;initial&#8220; background_position=&#8220;top_left&#8220; background_repeat=&#8220;repeat&#8220; custom_padding=&#8220;80px|||&#8220; locked=&#8220;off&#8220; global_colors_info=&#8220;{}&#8220;][et_pb_column type=&#8220;1_3&#8243; _builder_version=&#8220;4.16&#8243; background_position=&#8220;top_left&#8220; custom_padding=&#8220;|||&#8220; global_colors_info=&#8220;{}&#8220; custom_padding__hover=&#8220;|||&#8220;][et_pb_blurb title=&#8220;\u00dadaje o spole\u010dnosti&#8220; use_icon=&#8220;on&#8220; font_icon=&#8220;&#xe074;||divi||400&#8243; icon_color=&#8220;#1c5baa&#8220; image_icon_width=&#8220;65px&#8220; image_icon_width_last_edited=&#8220;off|desktop&#8220; admin_label=&#8220;Address&#8220; _builder_version=&#8220;4.18.0&#8243; header_font=&#8220;Exo|300|||||||&#8220; header_text_color=&#8220;#023047&#8243; header_font_size=&#8220;32px&#8220; header_letter_spacing=&#8220;1px&#8220; header_line_height=&#8220;1.4em&#8220; body_font=&#8220;|300|||||||&#8220; body_text_color=&#8220;#023047&#8243; body_font_size=&#8220;18px&#8220; body_line_height=&#8220;1.8em&#8220; text_orientation=&#8220;center&#8220; custom_margin=&#8220;|||&#8220; custom_padding=&#8220;30px|30px|30px|30px&#8220; animation_style=&#8220;fold&#8220; animation_direction=&#8220;bottom&#8220; animation_intensity_fold=&#8220;30%&#8220; border_width_all=&#8220;0px&#8220; border_color_all=&#8220;#e0e0e0&#8243; border_style_all=&#8220;solid&#8220; use_border_color=&#8220;on&#8220; border_color=&#8220;#e0e0e0&#8243; icon_font_size=&#8220;60px&#8220; icon_font_size_last_edited=&#8220;off|desktop&#8220; locked=&#8220;off&#8220; global_colors_info=&#8220;{}&#8220;]<\/p>\n<p>POOLBOX Sp. z o. o.<br \/>K\u0142opot 10, 88-110 K\u0142opot<br \/>VAT UE: PL556 224 35 32<\/p>\n<p>[\/et_pb_blurb][\/et_pb_column][et_pb_column type=&#8220;1_3&#8243; _builder_version=&#8220;4.16&#8243; background_position=&#8220;top_left&#8220; custom_padding=&#8220;|||&#8220; global_colors_info=&#8220;{}&#8220; custom_padding__hover=&#8220;|||&#8220;][et_pb_blurb title=&#8220;Telefon&#8220; use_icon=&#8220;on&#8220; font_icon=&#8220;&#xf3cd;||fa||900&#8243; icon_color=&#8220;#1c5baa&#8220; image_icon_width=&#8220;65px&#8220; image_icon_width_last_edited=&#8220;off|desktop&#8220; _builder_version=&#8220;4.18.0&#8243; header_font=&#8220;Exo|300|||||||&#8220; header_text_color=&#8220;#023047&#8243; header_font_size=&#8220;32px&#8220; header_letter_spacing=&#8220;1px&#8220; header_line_height=&#8220;1.4em&#8220; body_font=&#8220;|300|||||||&#8220; body_text_color=&#8220;#023047&#8243; body_font_size=&#8220;18px&#8220; body_line_height=&#8220;1.8em&#8220; text_orientation=&#8220;center&#8220; custom_margin=&#8220;|||&#8220; custom_padding=&#8220;30px|30px|30px|30px&#8220; animation_style=&#8220;fold&#8220; animation_direction=&#8220;bottom&#8220; animation_delay=&#8220;100ms&#8220; animation_intensity_fold=&#8220;30%&#8220; border_width_all=&#8220;0px&#8220; border_color_all=&#8220;#e0e0e0&#8243; border_style_all=&#8220;solid&#8220; use_border_color=&#8220;on&#8220; border_color=&#8220;#e0e0e0&#8243; icon_font_size=&#8220;60px&#8220; icon_font_size_last_edited=&#8220;off|desktop&#8220; locked=&#8220;off&#8220; global_colors_info=&#8220;{}&#8220;]<\/p>\n<p><strong>PREZIDENT<\/strong> <br \/>Bart\u0142omiej Mochalski<br \/>+48 790 283 997<\/p>\n<p><strong>\u0158EDITEL<\/strong><br \/>Justyna Mochalska  <br \/>+48 696 496 394<\/p>\n<p>[\/et_pb_blurb][\/et_pb_column][et_pb_column type=&#8220;1_3&#8243; _builder_version=&#8220;4.16&#8243; background_position=&#8220;top_left&#8220; custom_padding=&#8220;|||&#8220; global_colors_info=&#8220;{}&#8220; custom_padding__hover=&#8220;|||&#8220;][et_pb_blurb title=&#8220;E-mail&#8220; use_icon=&#8220;on&#8220; font_icon=&#8220;&#xf0e0;||fa||900&#8243; icon_color=&#8220;#1c5baa&#8220; image_icon_width=&#8220;65px&#8220; image_icon_width_last_edited=&#8220;off|desktop&#8220; admin_label=&#8220;Email&#8220; _builder_version=&#8220;4.18.0&#8243; header_font=&#8220;Exo|300|||||||&#8220; header_text_color=&#8220;#023047&#8243; header_font_size=&#8220;35px&#8220; header_letter_spacing=&#8220;1px&#8220; header_line_height=&#8220;1.4em&#8220; body_font=&#8220;|300|||||||&#8220; body_text_color=&#8220;#023047&#8243; body_font_size=&#8220;18px&#8220; body_line_height=&#8220;1.8em&#8220; text_orientation=&#8220;center&#8220; custom_margin=&#8220;|||&#8220; custom_padding=&#8220;30px|30px|30px|30px&#8220; animation_style=&#8220;fold&#8220; animation_direction=&#8220;bottom&#8220; animation_delay=&#8220;200ms&#8220; animation_intensity_fold=&#8220;30%&#8220; border_width_all=&#8220;0px&#8220; border_color_all=&#8220;#e0e0e0&#8243; border_style_all=&#8220;solid&#8220; use_border_color=&#8220;on&#8220; border_color=&#8220;#e0e0e0&#8243; icon_font_size=&#8220;60px&#8220; icon_font_size_last_edited=&#8220;off|desktop&#8220; locked=&#8220;off&#8220; global_colors_info=&#8220;{}&#8220;]<\/p>\n<p>info@poolbox.eu<\/p>\n<p>[\/et_pb_blurb][\/et_pb_column][\/et_pb_row][\/et_pb_section][et_pb_section fb_built=&#8220;1&#8243; fullwidth=&#8220;on&#8220; _builder_version=&#8220;4.18.0&#8243; _module_preset=&#8220;default&#8220; global_colors_info=&#8220;{}&#8220;][et_pb_fullwidth_code _builder_version=&#8220;4.18.0&#8243; _module_preset=&#8220;default&#8220; global_colors_info=&#8220;{}&#8220;]<iframe src=\"https:\/\/www.google.com\/maps\/embed?pb=!1m18!1m12!1m3!1d19292.55790742887!2d18.245904786817533!3d52.812094326622415!2m3!1f0!2f0!3f0!3m2!1i1024!2i768!4f13.1!3m3!1m2!1s0x47035086f733a77b%3A0xf166f3153a59ce54!2sPHU%20MULTI-FINISH%20Izolacje.%20Renowacja%20dach%C3%B3w%20p%C5%82askich.%20Ocieplenie%20poddaszy.!5e0!3m2!1spl!2spl!4v1660654707321!5m2!1spl!2spl\" width=\"9000\" height=\"600\" style=\"border:0;\" allowfullscreen=\"\" loading=\"lazy\" referrerpolicy=\"no-referrer-when-downgrade\"><\/iframe>[\/et_pb_fullwidth_code][\/et_pb_section][et_pb_section fb_built=&#8220;1&#8243; fullwidth=&#8220;on&#8220; _builder_version=&#8220;4.18.0&#8243; _module_preset=&#8220;default&#8220; global_colors_info=&#8220;{}&#8220;][et_pb_fullwidth_code _builder_version=&#8220;4.18.0&#8243; _module_preset=&#8220;default&#8220; global_colors_info=&#8220;{}&#8220;][\/et_pb_fullwidth_code][\/et_pb_section]<\/p>\n","protected":false},"excerpt":{"rendered":"<p>KontaktPOOLBOX Sp. z o. o.K\u0142opot 10, 88-110 K\u0142opotVAT UE: PL556 224 35 32PREZIDENT Bart\u0142omiej Mochalski+48 790 283 997 \u0158EDITELJustyna Mochalska +48 696 496 394info@poolbox.eu<\/p>\n","protected":false},"author":1,"featured_media":0,"parent":0,"menu_order":0,"comment_status":"closed","ping_status":"closed","template":"","meta":{"_et_pb_use_builder":"on","_et_pb_old_content":"","_et_gb_content_width":"","footnotes":""},"class_list":["post-28575","page","type-page","status-publish","hentry"],"_links":{"self":[{"href":"https:\/\/poolbox.eu\/cs\/wp-json\/wp\/v2\/pages\/28575","targetHints":{"allow":["GET"]}}],"collection":[{"href":"https:\/\/poolbox.eu\/cs\/wp-json\/wp\/v2\/pages"}],"about":[{"href":"https:\/\/poolbox.eu\/cs\/wp-json\/wp\/v2\/types\/page"}],"author":[{"embeddable":true,"href":"https:\/\/poolbox.eu\/cs\/wp-json\/wp\/v2\/users\/1"}],"replies":[{"embeddable":true,"href":"https:\/\/poolbox.eu\/cs\/wp-json\/wp\/v2\/comments?post=28575"}],"version-history":[{"count":9,"href":"https:\/\/poolbox.eu\/cs\/wp-json\/wp\/v2\/pages\/28575\/revisions"}],"predecessor-version":[{"id":30557,"href":"https:\/\/poolbox.eu\/cs\/wp-json\/wp\/v2\/pages\/28575\/revisions\/30557"}],"wp:attachment":[{"href":"https:\/\/poolbox.eu\/cs\/wp-json\/wp\/v2\/media?parent=28575"}],"curies":[{"name":"wp","href":"https:\/\/api.w.org\/{rel}","templated":true}]}}