{"id":28652,"date":"2022-04-23T01:40:42","date_gmt":"2022-04-22T23:40:42","guid":{"rendered":"https:\/\/poolbox.eu\/sauny"},"modified":"2023-04-27T13:08:25","modified_gmt":"2023-04-27T11:08:25","slug":"sauny","status":"publish","type":"page","link":"https:\/\/poolbox.eu\/cs\/sauny","title":{"rendered":"Sauny"},"content":{"rendered":"<p>[et_pb_section fb_built=&#8220;1&#8243; _builder_version=&#8220;4.16&#8243; _module_preset=&#8220;default&#8220; use_background_color_gradient=&#8220;on&#8220; background_color_gradient_stops=&#8220;rgba(22,22,22,0.28) 0%|rgba(22,22,22,0.62) 100%&#8220; background_color_gradient_overlays_image=&#8220;on&#8220; background_color_gradient_start=&#8220;rgba(22,22,22,0.28)&#8220; background_color_gradient_end=&#8220;rgba(22,22,22,0.62)&#8220; background_image=&#8220;https:\/\/poolbox.eu\/wp-content\/uploads\/2022\/01\/foto_bg_1.jpg&#8220; global_colors_info=&#8220;{}&#8220;][et_pb_row _builder_version=&#8220;4.16&#8243; _module_preset=&#8220;default&#8220; global_colors_info=&#8220;{}&#8220;][et_pb_column type=&#8220;4_4&#8243; _builder_version=&#8220;4.16&#8243; _module_preset=&#8220;default&#8220; global_colors_info=&#8220;{}&#8220;][et_pb_text module_class=&#8220;h1_home&#8220; _builder_version=&#8220;4.16.1&#8243; _module_preset=&#8220;default&#8220; header_font=&#8220;Exo|600||on|||||&#8220; header_text_color=&#8220;#ffffff&#8220; header_font_size=&#8220;65px&#8220; custom_margin=&#8220;||0px||false|false&#8220; header_font_size_tablet=&#8220;64px&#8220; header_font_size_phone=&#8220;48px&#8220; header_font_size_last_edited=&#8220;on|tablet&#8220; global_colors_info=&#8220;{}&#8220;]<\/p>\n<h1>SAUNAS<\/h1>\n<p>[\/et_pb_text][\/et_pb_column][\/et_pb_row][\/et_pb_section][et_pb_section fb_built=&#8220;1&#8243; admin_label=&#8220;About Us &#8220; _builder_version=&#8220;4.16.1&#8243; background_enable_image=&#8220;off&#8220; custom_padding=&#8220;110px|0px|60px|0px||&#8220; global_colors_info=&#8220;{}&#8220;][et_pb_row column_structure=&#8220;1_2,1_2&#8243; _builder_version=&#8220;4.17.3&#8243; module_alignment=&#8220;center&#8220; custom_margin=&#8220;||40px||false|false&#8220; custom_padding=&#8220;||50px||false|false&#8220; global_colors_info=&#8220;{}&#8220;][et_pb_column type=&#8220;1_2&#8243; _builder_version=&#8220;4.16&#8243; background_color_gradient_direction=&#8220;35deg&#8220; background_color_gradient_start=&#8220;#ff6a88&#8243; background_color_gradient_end=&#8220;#ff99ac&#8220; custom_padding=&#8220;|60px||&#8220; global_colors_info=&#8220;{}&#8220; custom_padding__hover=&#8220;|||&#8220;][et_pb_text _builder_version=&#8220;4.16.1&#8243; text_font=&#8220;||||||||&#8220; header_font=&#8220;||||||||&#8220; header_text_align=&#8220;left&#8220; header_text_color=&#8220;#2b2b2b&#8220; header_line_height=&#8220;1.3em&#8220; header_2_font=&#8220;Exo|300|||||||&#8220; header_2_text_align=&#8220;left&#8220; header_2_text_color=&#8220;#023047&#8243; header_2_font_size=&#8220;42px&#8220; header_2_letter_spacing=&#8220;1px&#8220; text_orientation=&#8220;center&#8220; module_alignment=&#8220;center&#8220; custom_margin=&#8220;||10px|&#8220; animation_style=&#8220;slide&#8220; animation_duration=&#8220;1250ms&#8220; animation_delay=&#8220;250ms&#8220; global_colors_info=&#8220;{}&#8220;]<\/p>\n<h2>Such\u00e1 sauna<\/h2>\n<p>[\/et_pb_text][et_pb_divider color=&#8220;#ffb703&#8243; divider_weight=&#8220;3px&#8220; disabled_on=&#8220;on|on|off&#8220; _builder_version=&#8220;4.16&#8243; max_width=&#8220;90px&#8220; module_alignment=&#8220;left&#8220; height=&#8220;10px&#8220; custom_margin=&#8220;||20px|&#8220; animation_style=&#8220;slide&#8220; animation_direction=&#8220;bottom&#8220; animation_duration=&#8220;1250ms&#8220; animation_delay=&#8220;300ms&#8220; locked=&#8220;off&#8220; global_colors_info=&#8220;{}&#8220;][\/et_pb_divider][et_pb_text _builder_version=&#8220;4.16&#8243; text_font=&#8220;|300|||||||&#8220; text_text_color=&#8220;#023047&#8243; text_font_size=&#8220;18px&#8220; text_line_height=&#8220;1.8em&#8220; header_font=&#8220;||||||||&#8220; header_2_font=&#8220;||||||||&#8220; module_alignment=&#8220;center&#8220; custom_margin=&#8220;||30px|&#8220; global_colors_info=&#8220;{}&#8220;]<\/p>\n<p>Such\u00e1 sauna je ide\u00e1ln\u00edm \u0159e\u0161en\u00edm pro lidi, kte\u0159\u00ed hledaj\u00ed \u00fa\u010dinn\u00fd, pohodln\u00fd a bezpe\u010dn\u00fd zp\u016fsob pocen\u00ed, kter\u00fd v\u00e1m pom\u016f\u017ee zbavit se celulitidy a odstranit z t\u011bla toxiny.<\/p>\n<p>Tento p\u0159\u00edstroj v\u00e1m umo\u017en\u00ed snadno a rychle se zbavit p\u0159ebyte\u010dn\u00e9 tekutiny v t\u011ble. To v\u0161e d\u00edky sv\u00e9 jedine\u010dn\u00e9 konstrukci, kter\u00e1 zaji\u0161\u0165uje kvalitn\u00ed slo\u017een\u00ed vzduchu a del\u0161\u00ed expozi\u010dn\u00ed \u010dasy.<\/p>\n<p>Teplo se z\u00edsk\u00e1v\u00e1 spalov\u00e1n\u00edm d\u0159eva, d\u0159ev\u011bn\u00e9ho uhl\u00ed nebo ra\u0161eliny.<\/p>\n<p>[\/et_pb_text][\/et_pb_column][et_pb_column type=&#8220;1_2&#8243; _builder_version=&#8220;4.16&#8243; use_background_color_gradient=&#8220;on&#8220; background_color_gradient_direction=&#8220;143deg&#8220; background_color_gradient_stops=&#8220;#1c5baa 0%|#8ecae6 100%&#8220; background_color_gradient_start=&#8220;#1c5baa&#8220; background_color_gradient_end=&#8220;#8ecae6&#8243; custom_padding=&#8220;|||&#8220; animation_style=&#8220;zoom&#8220; animation_duration=&#8220;1250ms&#8220; animation_delay=&#8220;450ms&#8220; global_colors_info=&#8220;{}&#8220; custom_padding__hover=&#8220;|||&#8220;][et_pb_image src=&#8220;https:\/\/poolbox.eu\/wp-content\/uploads\/2022\/05\/sauna_sucha.jpg&#8220; title_text=&#8220;sauna\/such\u00e1&#8220; align=&#8220;center&#8220; _builder_version=&#8220;4.17.3&#8243; custom_margin=&#8220;-40px|40px|40px|-40px&#8220; custom_padding=&#8220;|||&#8220; animation_style=&#8220;zoom&#8220; animation_direction=&#8220;right&#8220; animation_duration=&#8220;1250ms&#8220; animation_delay=&#8220;500ms&#8220; animation_intensity_zoom=&#8220;6%&#8220; animation_starting_opacity=&#8220;100%&#8220; box_shadow_style=&#8220;preset3&#8243; box_shadow_color=&#8220;rgba(0,0,0,0.1)&#8220; always_center_on_mobile=&#8220;off&#8220; global_colors_info=&#8220;{}&#8220;][\/et_pb_image][\/et_pb_column][\/et_pb_row][et_pb_row column_structure=&#8220;1_2,1_2&#8243; _builder_version=&#8220;4.17.3&#8243; module_alignment=&#8220;center&#8220; custom_margin=&#8220;||40px||false|false&#8220; custom_padding=&#8220;||50px||false|false&#8220; global_colors_info=&#8220;{}&#8220;][et_pb_column type=&#8220;1_2&#8243; _builder_version=&#8220;4.16&#8243; use_background_color_gradient=&#8220;on&#8220; background_color_gradient_direction=&#8220;143deg&#8220; background_color_gradient_stops=&#8220;#1c5baa 0%|#8ecae6 100%&#8220; background_color_gradient_start=&#8220;#1c5baa&#8220; background_color_gradient_end=&#8220;#8ecae6&#8243; custom_padding=&#8220;|||&#8220; animation_style=&#8220;zoom&#8220; animation_duration=&#8220;1250ms&#8220; animation_delay=&#8220;450ms&#8220; global_colors_info=&#8220;{}&#8220; custom_padding__hover=&#8220;|||&#8220;][et_pb_image src=&#8220;https:\/\/poolbox.eu\/wp-content\/uploads\/2022\/05\/sauna_mokra.jpg&#8220; title_text=&#8220;sauna\/mokr\u00e1&#8220; align=&#8220;center&#8220; _builder_version=&#8220;4.17.3&#8243; custom_margin=&#8220;-40px|40px|40px|-40px&#8220; custom_padding=&#8220;|||&#8220; animation_style=&#8220;zoom&#8220; animation_direction=&#8220;right&#8220; animation_duration=&#8220;1250ms&#8220; animation_delay=&#8220;500ms&#8220; animation_intensity_zoom=&#8220;6%&#8220; animation_starting_opacity=&#8220;100%&#8220; box_shadow_style=&#8220;preset3&#8243; box_shadow_color=&#8220;rgba(0,0,0,0.1)&#8220; always_center_on_mobile=&#8220;off&#8220; global_colors_info=&#8220;{}&#8220;][\/et_pb_image][\/et_pb_column][et_pb_column type=&#8220;1_2&#8243; _builder_version=&#8220;4.16&#8243; background_color_gradient_direction=&#8220;35deg&#8220; background_color_gradient_start=&#8220;#ff6a88&#8243; background_color_gradient_end=&#8220;#ff99ac&#8220; custom_padding=&#8220;|60px||&#8220; global_colors_info=&#8220;{}&#8220; custom_padding__hover=&#8220;|||&#8220;][et_pb_text _builder_version=&#8220;4.16.1&#8243; text_font=&#8220;||||||||&#8220; header_font=&#8220;||||||||&#8220; header_text_align=&#8220;left&#8220; header_text_color=&#8220;#2b2b2b&#8220; header_line_height=&#8220;1.3em&#8220; header_2_font=&#8220;Exo|300|||||||&#8220; header_2_text_align=&#8220;left&#8220; header_2_text_color=&#8220;#023047&#8243; header_2_font_size=&#8220;42px&#8220; header_2_letter_spacing=&#8220;1px&#8220; text_orientation=&#8220;center&#8220; module_alignment=&#8220;center&#8220; custom_margin=&#8220;||10px|&#8220; animation_style=&#8220;slide&#8220; animation_duration=&#8220;1250ms&#8220; animation_delay=&#8220;250ms&#8220; global_colors_info=&#8220;{}&#8220;]<\/p>\n<h2>Mokr\u00e1 sauna<\/h2>\n<p>[\/et_pb_text][et_pb_divider color=&#8220;#ffb703&#8243; divider_weight=&#8220;3px&#8220; disabled_on=&#8220;on|on|off&#8220; _builder_version=&#8220;4.16&#8243; max_width=&#8220;90px&#8220; module_alignment=&#8220;left&#8220; height=&#8220;10px&#8220; custom_margin=&#8220;||20px|&#8220; animation_style=&#8220;slide&#8220; animation_direction=&#8220;bottom&#8220; animation_duration=&#8220;1250ms&#8220; animation_delay=&#8220;300ms&#8220; locked=&#8220;off&#8220; global_colors_info=&#8220;{}&#8220;][\/et_pb_divider][et_pb_text _builder_version=&#8220;4.16&#8243; text_font=&#8220;|300|||||||&#8220; text_text_color=&#8220;#023047&#8243; text_font_size=&#8220;18px&#8220; text_line_height=&#8220;1.8em&#8220; header_font=&#8220;||||||||&#8220; header_2_font=&#8220;||||||||&#8220; module_alignment=&#8220;center&#8220; custom_margin=&#8220;||30px|&#8220; global_colors_info=&#8220;{}&#8220;]<\/p>\n<p>Mokr\u00e1 sauna je typ sauny, kter\u00fd se vyzna\u010duje vlhk\u00fdm prost\u0159ed\u00edm &#8211; vlhkost vzduchu je a\u017e 40 % a teplota se pohybuje mezi 65-70 stupni Celsia.<\/p>\n<p>Lid\u00e9 tvrd\u00ed, \u017ee ve srovn\u00e1n\u00ed s tradi\u010dn\u00ed suchou saunou tyto sauny p\u0159in\u00e1\u0161ej\u00ed hlub\u0161\u00ed relaxaci a \u00falevu p\u0159i nachlazen\u00ed nebo d\u00fdchac\u00edch pot\u00ed\u017e\u00edch.<\/p>\n<p>Vzhledem k podm\u00ednk\u00e1m uvnit\u0159 jsou tyto sauny vhodn\u00e9 pro lidi, kter\u00fdm vad\u00ed such\u00fd a hork\u00fd vzduch.<\/p>\n<p>[\/et_pb_text][\/et_pb_column][\/et_pb_row][et_pb_row column_structure=&#8220;1_2,1_2&#8243; _builder_version=&#8220;4.17.3&#8243; module_alignment=&#8220;center&#8220; custom_margin=&#8220;||40px||false|false&#8220; custom_padding=&#8220;||50px||false|false&#8220; global_colors_info=&#8220;{}&#8220;][et_pb_column type=&#8220;1_2&#8243; _builder_version=&#8220;4.16&#8243; background_color_gradient_direction=&#8220;35deg&#8220; background_color_gradient_start=&#8220;#ff6a88&#8243; background_color_gradient_end=&#8220;#ff99ac&#8220; custom_padding=&#8220;|60px||&#8220; global_colors_info=&#8220;{}&#8220; custom_padding__hover=&#8220;|||&#8220;][et_pb_text _builder_version=&#8220;4.17.3&#8243; text_font=&#8220;||||||||&#8220; header_font=&#8220;||||||||&#8220; header_text_align=&#8220;left&#8220; header_text_color=&#8220;#2b2b2b&#8220; header_line_height=&#8220;1.3em&#8220; header_2_font=&#8220;Exo|300|||||||&#8220; header_2_text_align=&#8220;left&#8220; header_2_text_color=&#8220;#023047&#8243; header_2_font_size=&#8220;42px&#8220; header_2_letter_spacing=&#8220;1px&#8220; text_orientation=&#8220;center&#8220; module_alignment=&#8220;center&#8220; custom_margin=&#8220;||10px|&#8220; animation_style=&#8220;slide&#8220; animation_duration=&#8220;1250ms&#8220; animation_delay=&#8220;250ms&#8220; global_colors_info=&#8220;{}&#8220;]<\/p>\n<h2>Parn\u00ed sauna<\/h2>\n<p>[\/et_pb_text][et_pb_divider color=&#8220;#ffb703&#8243; divider_weight=&#8220;3px&#8220; disabled_on=&#8220;on|on|off&#8220; _builder_version=&#8220;4.16&#8243; max_width=&#8220;90px&#8220; module_alignment=&#8220;left&#8220; height=&#8220;10px&#8220; custom_margin=&#8220;||20px|&#8220; animation_style=&#8220;slide&#8220; animation_direction=&#8220;bottom&#8220; animation_duration=&#8220;1250ms&#8220; animation_delay=&#8220;300ms&#8220; locked=&#8220;off&#8220; global_colors_info=&#8220;{}&#8220;][\/et_pb_divider][et_pb_text _builder_version=&#8220;4.16&#8243; text_font=&#8220;|300|||||||&#8220; text_text_color=&#8220;#023047&#8243; text_font_size=&#8220;18px&#8220; text_line_height=&#8220;1.8em&#8220; header_font=&#8220;||||||||&#8220; header_2_font=&#8220;||||||||&#8220; module_alignment=&#8220;center&#8220; custom_margin=&#8220;||30px|&#8220; global_colors_info=&#8220;{}&#8220;]<\/p>\n<p>Parn\u00ed sauna je skv\u011bl\u00fdm zp\u016fsobem, jak z t\u011bla odstranit toxiny, a d\u00edky sv\u00fdm p\u0159irozen\u00fdm \u010distic\u00edm \u00fa\u010dink\u016fm v\u00e1m dod\u00e1 energii.<\/p>\n<p>Parn\u00ed sauna \u00fadajn\u011b p\u0159in\u00e1\u0161\u00ed \u00falevu p\u0159i stresu, nachlazen\u00ed a ch\u0159ipce, artritid\u011b a dal\u0161\u00edch d\u00fdchac\u00edch pot\u00ed\u017e\u00edch.  <br \/>P\u0159i pravideln\u00e9m pou\u017e\u00edv\u00e1n\u00ed parn\u00ed sauny lze normalizovat krevn\u00ed tlak, bolesti zp\u016fsoben\u00e9 svalov\u00fdmi k\u0159e\u010demi, bolesti kloub\u016f a nespavost.<\/p>\n<p>Krom\u011b toho v\u00e1m pom\u016f\u017ee zhubnout t\u00edm, \u017ee vypot\u00ed nahromad\u011bn\u00e9 toxiny v t\u011ble.<\/p>\n<p>[\/et_pb_text][\/et_pb_column][et_pb_column type=&#8220;1_2&#8243; _builder_version=&#8220;4.16&#8243; use_background_color_gradient=&#8220;on&#8220; background_color_gradient_direction=&#8220;143deg&#8220; background_color_gradient_stops=&#8220;#1c5baa 0%|#8ecae6 100%&#8220; background_color_gradient_start=&#8220;#1c5baa&#8220; background_color_gradient_end=&#8220;#8ecae6&#8243; custom_padding=&#8220;|||&#8220; animation_style=&#8220;zoom&#8220; animation_duration=&#8220;1250ms&#8220; animation_delay=&#8220;450ms&#8220; global_colors_info=&#8220;{}&#8220; custom_padding__hover=&#8220;|||&#8220;][et_pb_image src=&#8220;https:\/\/poolbox.eu\/wp-content\/uploads\/2022\/05\/sauna_parowa.jpg&#8220; title_text=&#8220;sauna_steam&#8220; align=&#8220;center&#8220; _builder_version=&#8220;4.17.3&#8243; custom_margin=&#8220;-40px|40px|40px|-40px&#8220; custom_padding=&#8220;|||&#8220; animation_style=&#8220;zoom&#8220; animation_direction=&#8220;right&#8220; animation_duration=&#8220;1250ms&#8220; animation_delay=&#8220;500ms&#8220; animation_intensity_zoom=&#8220;6%&#8220; animation_starting_opacity=&#8220;100%&#8220; box_shadow_style=&#8220;preset3&#8243; box_shadow_color=&#8220;rgba(0,0,0,0.1)&#8220; always_center_on_mobile=&#8220;off&#8220; global_colors_info=&#8220;{}&#8220;][\/et_pb_image][\/et_pb_column][\/et_pb_row][et_pb_row column_structure=&#8220;1_2,1_2&#8243; _builder_version=&#8220;4.17.3&#8243; module_alignment=&#8220;center&#8220; custom_margin=&#8220;||40px||false|false&#8220; custom_padding=&#8220;||50px||false|false&#8220; global_colors_info=&#8220;{}&#8220;][et_pb_column type=&#8220;1_2&#8243; _builder_version=&#8220;4.16&#8243; use_background_color_gradient=&#8220;on&#8220; background_color_gradient_direction=&#8220;143deg&#8220; background_color_gradient_stops=&#8220;#1c5baa 0%|#8ecae6 100%&#8220; background_color_gradient_start=&#8220;#1c5baa&#8220; background_color_gradient_end=&#8220;#8ecae6&#8243; custom_padding=&#8220;|||&#8220; animation_style=&#8220;zoom&#8220; animation_duration=&#8220;1250ms&#8220; animation_delay=&#8220;450ms&#8220; global_colors_info=&#8220;{}&#8220; custom_padding__hover=&#8220;|||&#8220;][et_pb_image src=&#8220;https:\/\/poolbox.eu\/wp-content\/uploads\/2022\/05\/Sauna_infrared.jpg&#8220; title_text=&#8220;Sauna_infrared&#8220; align=&#8220;center&#8220; _builder_version=&#8220;4.17.3&#8243; custom_margin=&#8220;-40px|40px|40px|-40px&#8220; custom_padding=&#8220;|||&#8220; animation_style=&#8220;zoom&#8220; animation_direction=&#8220;right&#8220; animation_duration=&#8220;1250ms&#8220; animation_delay=&#8220;500ms&#8220; animation_intensity_zoom=&#8220;6%&#8220; animation_starting_opacity=&#8220;100%&#8220; box_shadow_style=&#8220;preset3&#8243; box_shadow_color=&#8220;rgba(0,0,0,0.1)&#8220; always_center_on_mobile=&#8220;off&#8220; global_colors_info=&#8220;{}&#8220;][\/et_pb_image][\/et_pb_column][et_pb_column type=&#8220;1_2&#8243; _builder_version=&#8220;4.16&#8243; background_color_gradient_direction=&#8220;35deg&#8220; background_color_gradient_start=&#8220;#ff6a88&#8243; background_color_gradient_end=&#8220;#ff99ac&#8220; custom_padding=&#8220;|60px||&#8220; global_colors_info=&#8220;{}&#8220; custom_padding__hover=&#8220;|||&#8220;][et_pb_text _builder_version=&#8220;4.17.3&#8243; text_font=&#8220;||||||||&#8220; header_font=&#8220;||||||||&#8220; header_text_align=&#8220;left&#8220; header_text_color=&#8220;#2b2b2b&#8220; header_line_height=&#8220;1.3em&#8220; header_2_font=&#8220;Exo|300|||||||&#8220; header_2_text_align=&#8220;left&#8220; header_2_text_color=&#8220;#023047&#8243; header_2_font_size=&#8220;42px&#8220; header_2_letter_spacing=&#8220;1px&#8220; text_orientation=&#8220;center&#8220; module_alignment=&#8220;center&#8220; custom_margin=&#8220;||10px|&#8220; animation_style=&#8220;slide&#8220; animation_duration=&#8220;1250ms&#8220; animation_delay=&#8220;250ms&#8220; global_colors_info=&#8220;{}&#8220;]<\/p>\n<h2>Infrasauna<\/h2>\n<p>[\/et_pb_text][et_pb_divider color=&#8220;#ffb703&#8243; divider_weight=&#8220;3px&#8220; disabled_on=&#8220;on|on|off&#8220; _builder_version=&#8220;4.16&#8243; max_width=&#8220;90px&#8220; module_alignment=&#8220;left&#8220; height=&#8220;10px&#8220; custom_margin=&#8220;||20px|&#8220; animation_style=&#8220;slide&#8220; animation_direction=&#8220;bottom&#8220; animation_duration=&#8220;1250ms&#8220; animation_delay=&#8220;300ms&#8220; locked=&#8220;off&#8220; global_colors_info=&#8220;{}&#8220;][\/et_pb_divider][et_pb_text _builder_version=&#8220;4.16&#8243; text_font=&#8220;|300|||||||&#8220; text_text_color=&#8220;#023047&#8243; text_font_size=&#8220;18px&#8220; text_line_height=&#8220;1.8em&#8220; header_font=&#8220;||||||||&#8220; header_2_font=&#8220;||||||||&#8220; module_alignment=&#8220;center&#8220; custom_margin=&#8220;||30px|&#8220; global_colors_info=&#8220;{}&#8220;]<\/p>\n<p>Infrasauna je \u00fa\u017easn\u00fd zp\u016fsob, jak pos\u00edlit zdrav\u00ed, sn\u00ed\u017eit stres a zv\u00fd\u0161it energii.<\/p>\n<p>Pom\u00e1h\u00e1 odstra\u0148ovat toxiny z t\u011bla a ulevuje od bolesti t\u00edm, \u017ee posiluje svaly hlub\u0161\u00edm pronik\u00e1n\u00edm ne\u017e tradi\u010dn\u00ed sauna.  <br \/>Infra\u010derven\u00e9 teplo v\u00e1s zah\u0159eje zevnit\u0159, ani\u017e by oh\u0159\u00edvalo vzduch kolem v\u00e1s.<\/p>\n<p>Infrasauna ovliv\u0148uje bun\u011b\u010dn\u00fd metabolismus, zvy\u0161uje hladinu kysl\u00edku a pr\u016ftok krve do tk\u00e1n\u00ed a org\u00e1n\u016f.<\/p>\n<p>&nbsp;<\/p>\n<p>[\/et_pb_text][\/et_pb_column][\/et_pb_row][\/et_pb_section]<\/p>\n","protected":false},"excerpt":{"rendered":"<p>SAUNASSuch\u00e1 saunaSuch\u00e1 sauna je ide\u00e1ln\u00edm \u0159e\u0161en\u00edm pro lidi, kte\u0159\u00ed hledaj\u00ed \u00fa\u010dinn\u00fd, pohodln\u00fd a bezpe\u010dn\u00fd zp\u016fsob pocen\u00ed, kter\u00fd v\u00e1m pom\u016f\u017ee zbavit se celulitidy a odstranit z t\u011bla toxiny. Tento p\u0159\u00edstroj v\u00e1m umo\u017en\u00ed snadno a rychle se zbavit p\u0159ebyte\u010dn\u00e9 tekutiny v t\u011ble. To v\u0161e d\u00edky sv\u00e9 jedine\u010dn\u00e9 konstrukci, kter\u00e1 zaji\u0161\u0165uje kvalitn\u00ed slo\u017een\u00ed vzduchu a del\u0161\u00ed expozi\u010dn\u00ed \u010dasy. [&hellip;]<\/p>\n","protected":false},"author":1,"featured_media":0,"parent":0,"menu_order":0,"comment_status":"closed","ping_status":"closed","template":"","meta":{"_et_pb_use_builder":"on","_et_pb_old_content":"","_et_gb_content_width":"","footnotes":""},"class_list":["post-28652","page","type-page","status-publish","hentry"],"_links":{"self":[{"href":"https:\/\/poolbox.eu\/cs\/wp-json\/wp\/v2\/pages\/28652","targetHints":{"allow":["GET"]}}],"collection":[{"href":"https:\/\/poolbox.eu\/cs\/wp-json\/wp\/v2\/pages"}],"about":[{"href":"https:\/\/poolbox.eu\/cs\/wp-json\/wp\/v2\/types\/page"}],"author":[{"embeddable":true,"href":"https:\/\/poolbox.eu\/cs\/wp-json\/wp\/v2\/users\/1"}],"replies":[{"embeddable":true,"href":"https:\/\/poolbox.eu\/cs\/wp-json\/wp\/v2\/comments?post=28652"}],"version-history":[{"count":3,"href":"https:\/\/poolbox.eu\/cs\/wp-json\/wp\/v2\/pages\/28652\/revisions"}],"predecessor-version":[{"id":28661,"href":"https:\/\/poolbox.eu\/cs\/wp-json\/wp\/v2\/pages\/28652\/revisions\/28661"}],"wp:attachment":[{"href":"https:\/\/poolbox.eu\/cs\/wp-json\/wp\/v2\/media?parent=28652"}],"curies":[{"name":"wp","href":"https:\/\/api.w.org\/{rel}","templated":true}]}}