{"id":28746,"date":"2022-04-23T01:56:57","date_gmt":"2022-04-22T23:56:57","guid":{"rendered":"https:\/\/poolbox.eu\/snehova-jeskyne"},"modified":"2023-04-27T13:08:45","modified_gmt":"2023-04-27T11:08:45","slug":"snehova-jeskyne","status":"publish","type":"page","link":"https:\/\/poolbox.eu\/cs\/snehova-jeskyne","title":{"rendered":"Sn\u011bhov\u00e1 jeskyn\u011b"},"content":{"rendered":"<p>[et_pb_section fb_built=&#8220;1&#8243; _builder_version=&#8220;4.16&#8243; _module_preset=&#8220;default&#8220; use_background_color_gradient=&#8220;on&#8220; background_color_gradient_stops=&#8220;rgba(22,22,22,0.28) 0%|rgba(22,22,22,0.62) 100%&#8220; background_color_gradient_overlays_image=&#8220;on&#8220; background_color_gradient_start=&#8220;rgba(22,22,22,0.28)&#8220; background_color_gradient_end=&#8220;rgba(22,22,22,0.62)&#8220; background_image=&#8220;https:\/\/poolbox.eu\/wp-content\/uploads\/2022\/01\/foto_bg_1.jpg&#8220; global_colors_info=&#8220;{}&#8220;][et_pb_row _builder_version=&#8220;4.16&#8243; _module_preset=&#8220;default&#8220; global_colors_info=&#8220;{}&#8220;][et_pb_column type=&#8220;4_4&#8243; _builder_version=&#8220;4.16&#8243; _module_preset=&#8220;default&#8220; global_colors_info=&#8220;{}&#8220;][et_pb_text module_class=&#8220;h1_home&#8220; _builder_version=&#8220;4.16.1&#8243; _module_preset=&#8220;default&#8220; header_font=&#8220;Exo|600||on|||||&#8220; header_text_color=&#8220;#ffffff&#8220; header_font_size=&#8220;65px&#8220; custom_margin=&#8220;||0px||false|false&#8220; header_font_size_tablet=&#8220;64px&#8220; header_font_size_phone=&#8220;48px&#8220; header_font_size_last_edited=&#8220;on|tablet&#8220; global_colors_info=&#8220;{}&#8220;]<\/p>\n<h1>SNOWHOUSE<\/h1>\n<p>[\/et_pb_text][\/et_pb_column][\/et_pb_row][\/et_pb_section][et_pb_section fb_built=&#8220;1&#8243; admin_label=&#8220;About Us &#8220; _builder_version=&#8220;4.16.1&#8243; background_enable_image=&#8220;off&#8220; custom_padding=&#8220;110px|0px|0px|0px||&#8220; global_colors_info=&#8220;{}&#8220;][et_pb_row column_structure=&#8220;1_2,1_2&#8243; _builder_version=&#8220;4.16&#8243; module_alignment=&#8220;center&#8220; custom_margin=&#8220;|||&#8220; custom_padding=&#8220;|||&#8220; global_colors_info=&#8220;{}&#8220;][et_pb_column type=&#8220;1_2&#8243; _builder_version=&#8220;4.16&#8243; background_color_gradient_direction=&#8220;35deg&#8220; background_color_gradient_start=&#8220;#ff6a88&#8243; background_color_gradient_end=&#8220;#ff99ac&#8220; custom_padding=&#8220;|60px||&#8220; global_colors_info=&#8220;{}&#8220; custom_padding__hover=&#8220;|||&#8220;][et_pb_text _builder_version=&#8220;4.16&#8243; text_font=&#8220;||||||||&#8220; header_font=&#8220;||||||||&#8220; header_text_align=&#8220;left&#8220; header_text_color=&#8220;#2b2b2b&#8220; header_line_height=&#8220;1.3em&#8220; header_2_font=&#8220;Exo|300|||||||&#8220; header_2_text_align=&#8220;left&#8220; header_2_text_color=&#8220;#023047&#8243; header_2_font_size=&#8220;42px&#8220; header_2_letter_spacing=&#8220;1px&#8220; text_orientation=&#8220;center&#8220; module_alignment=&#8220;center&#8220; custom_margin=&#8220;||10px|&#8220; animation_style=&#8220;slide&#8220; animation_duration=&#8220;1250ms&#8220; animation_delay=&#8220;250ms&#8220; global_colors_info=&#8220;{}&#8220;]<\/p>\n<h2>Sn\u011bhov\u00e1 jeskyn\u011b<\/h2>\n<p>[\/et_pb_text][et_pb_divider color=&#8220;#ffb703&#8243; divider_weight=&#8220;3px&#8220; disabled_on=&#8220;on|on|off&#8220; _builder_version=&#8220;4.16&#8243; max_width=&#8220;90px&#8220; module_alignment=&#8220;left&#8220; height=&#8220;10px&#8220; custom_margin=&#8220;||20px|&#8220; animation_style=&#8220;slide&#8220; animation_direction=&#8220;bottom&#8220; animation_duration=&#8220;1250ms&#8220; animation_delay=&#8220;300ms&#8220; locked=&#8220;off&#8220; global_colors_info=&#8220;{}&#8220;][\/et_pb_divider][et_pb_text _builder_version=&#8220;4.16&#8243; text_font=&#8220;|300|||||||&#8220; text_text_color=&#8220;#023047&#8243; text_font_size=&#8220;18px&#8220; text_line_height=&#8220;1.8em&#8220; header_font=&#8220;||||||||&#8220; header_2_font=&#8220;||||||||&#8220; module_alignment=&#8220;center&#8220; custom_margin=&#8220;||30px|&#8220; global_colors_info=&#8220;{}&#8220;]<\/p>\n<p>Sn\u011bhov\u00e1 jeskyn\u011b je m\u00edstem, kter\u00e9 zaru\u010duje jedine\u010dn\u00fd z\u00e1\u017eitek, kter\u00fd si m\u016f\u017ee u\u017e\u00edt ka\u017ed\u00fd. Je to ide\u00e1ln\u00ed m\u00edsto pro tr\u00e1ven\u00ed \u010dasu s rodinou a bl\u00edzk\u00fdmi.<\/p>\n<p>Je tak\u00e9 ide\u00e1ln\u00edm m\u00edstem pro ochlazen\u00ed t\u011bla po pobytu v saun\u011b. Ve sn\u011bhov\u00e9 jeskyni je teplota a\u017e -15 \u00b0C a vlhkost 15 %.<\/p>\n<p>Sezen\u00ed v takov\u00e9 m\u00edstnosti je obzvl\u00e1\u0161t\u011b u\u017eite\u010dn\u00e9 pro lidi trp\u00edc\u00ed nachlazen\u00edm, revmatismem, artritidou nebo jin\u00fdmi zdravotn\u00edmi probl\u00e9my. Sn\u011bhov\u00e1 jeskyn\u011b pom\u00e1h\u00e1 zm\u00edrnit bolest a zlep\u0161it krevn\u00ed ob\u011bh.<\/p>\n<p>[\/et_pb_text][\/et_pb_column][et_pb_column type=&#8220;1_2&#8243; _builder_version=&#8220;4.16&#8243; use_background_color_gradient=&#8220;on&#8220; background_color_gradient_direction=&#8220;143deg&#8220; background_color_gradient_stops=&#8220;#1c5baa 0%|#8ecae6 100%&#8220; background_color_gradient_start=&#8220;#1c5baa&#8220; background_color_gradient_end=&#8220;#8ecae6&#8243; custom_padding=&#8220;|||&#8220; animation_style=&#8220;zoom&#8220; animation_duration=&#8220;1250ms&#8220; animation_delay=&#8220;450ms&#8220; global_colors_info=&#8220;{}&#8220; custom_padding__hover=&#8220;|||&#8220;][et_pb_image src=&#8220;https:\/\/poolbox.eu\/wp-content\/uploads\/2022\/09\/grota_sniezna.jpg&#8220; title_text=&#8220;sn\u011bhov\u00e1 jeskyn\u011b poolbox&#8220; align=&#8220;center&#8220; _builder_version=&#8220;4.18.0&#8243; custom_margin=&#8220;-40px|40px|40px|-40px&#8220; custom_padding=&#8220;|||&#8220; animation_style=&#8220;zoom&#8220; animation_direction=&#8220;right&#8220; animation_duration=&#8220;1250ms&#8220; animation_delay=&#8220;500ms&#8220; animation_intensity_zoom=&#8220;6%&#8220; animation_starting_opacity=&#8220;100%&#8220; box_shadow_style=&#8220;preset3&#8243; box_shadow_color=&#8220;rgba(0,0,0,0.1)&#8220; always_center_on_mobile=&#8220;off&#8220; global_colors_info=&#8220;{}&#8220;][\/et_pb_image][\/et_pb_column][\/et_pb_row][\/et_pb_section][et_pb_section fb_built=&#8220;1&#8243; admin_label=&#8220;Featured Products&#8220; _builder_version=&#8220;4.16&#8243; custom_padding=&#8220;0px||26px|||&#8220; global_colors_info=&#8220;{}&#8220;][et_pb_row _builder_version=&#8220;4.17.3&#8243; background_size=&#8220;initial&#8220; background_position=&#8220;top_left&#8220; background_repeat=&#8220;repeat&#8220; custom_padding=&#8220;||129px|||&#8220; global_colors_info=&#8220;{}&#8220;][et_pb_column type=&#8220;4_4&#8243; _builder_version=&#8220;4.16&#8243; custom_padding=&#8220;|||&#8220; global_colors_info=&#8220;{}&#8220; custom_padding__hover=&#8220;|||&#8220;][et_pb_text _builder_version=&#8220;4.18.0&#8243; text_font=&#8220;|300|||||||&#8220; text_text_color=&#8220;#023047&#8243; text_font_size=&#8220;18px&#8220; text_line_height=&#8220;1.8em&#8220; header_font=&#8220;||||||||&#8220; header_text_align=&#8220;left&#8220; header_2_font=&#8220;||||||||&#8220; text_orientation=&#8220;center&#8220; max_width=&#8220;1204px&#8220; module_alignment=&#8220;center&#8220; animation_style=&#8220;slide&#8220; global_colors_info=&#8220;{}&#8220;]<\/p>\n<p style=\"text-align: left;\"><span style=\"text-decoration: underline;\">V\u00fdhody sn\u011bhov\u00e9 jeskyn\u011b:<\/span><\/p>\n<p style=\"text-align: left;\"><span style=\"text-decoration: underline;\"><\/span>&#8211; zvy\u0161uje imunitu,<br \/>&#8211; zlep\u0161uje krevn\u00ed ob\u011bh,<br \/>&#8211; zm\u00edr\u0148uje st\u00e1vaj\u00edc\u00ed bolesti,<br \/>&#8211; m\u00e1 protiz\u00e1n\u011btliv\u00fd \u00fa\u010dinek,<br \/>&#8211; sni\u017euje svalov\u00e9 nap\u011bt\u00ed,<br \/>&#8211; m\u00e1 pozitivn\u00ed vliv na pl\u00edce a d\u00fdchac\u00ed cesty.<\/p>\n<p>[\/et_pb_text][\/et_pb_column][\/et_pb_row][\/et_pb_section]<\/p>\n","protected":false},"excerpt":{"rendered":"<p>SNOWHOUSESn\u011bhov\u00e1 jeskyn\u011bSn\u011bhov\u00e1 jeskyn\u011b je m\u00edstem, kter\u00e9 zaru\u010duje jedine\u010dn\u00fd z\u00e1\u017eitek, kter\u00fd si m\u016f\u017ee u\u017e\u00edt ka\u017ed\u00fd. Je to ide\u00e1ln\u00ed m\u00edsto pro tr\u00e1ven\u00ed \u010dasu s rodinou a bl\u00edzk\u00fdmi. Je tak\u00e9 ide\u00e1ln\u00edm m\u00edstem pro ochlazen\u00ed t\u011bla po pobytu v saun\u011b. Ve sn\u011bhov\u00e9 jeskyni je teplota a\u017e -15 \u00b0C a vlhkost 15 %. Sezen\u00ed v takov\u00e9 m\u00edstnosti je obzvl\u00e1\u0161t\u011b u\u017eite\u010dn\u00e9 [&hellip;]<\/p>\n","protected":false},"author":1,"featured_media":0,"parent":0,"menu_order":0,"comment_status":"closed","ping_status":"closed","template":"","meta":{"_et_pb_use_builder":"on","_et_pb_old_content":"","_et_gb_content_width":"","footnotes":""},"class_list":["post-28746","page","type-page","status-publish","hentry"],"_links":{"self":[{"href":"https:\/\/poolbox.eu\/cs\/wp-json\/wp\/v2\/pages\/28746","targetHints":{"allow":["GET"]}}],"collection":[{"href":"https:\/\/poolbox.eu\/cs\/wp-json\/wp\/v2\/pages"}],"about":[{"href":"https:\/\/poolbox.eu\/cs\/wp-json\/wp\/v2\/types\/page"}],"author":[{"embeddable":true,"href":"https:\/\/poolbox.eu\/cs\/wp-json\/wp\/v2\/users\/1"}],"replies":[{"embeddable":true,"href":"https:\/\/poolbox.eu\/cs\/wp-json\/wp\/v2\/comments?post=28746"}],"version-history":[{"count":3,"href":"https:\/\/poolbox.eu\/cs\/wp-json\/wp\/v2\/pages\/28746\/revisions"}],"predecessor-version":[{"id":28750,"href":"https:\/\/poolbox.eu\/cs\/wp-json\/wp\/v2\/pages\/28746\/revisions\/28750"}],"wp:attachment":[{"href":"https:\/\/poolbox.eu\/cs\/wp-json\/wp\/v2\/media?parent=28746"}],"curies":[{"name":"wp","href":"https:\/\/api.w.org\/{rel}","templated":true}]}}