{"id":28790,"date":"2022-05-10T21:19:52","date_gmt":"2022-05-10T19:19:52","guid":{"rendered":"https:\/\/poolbox.eu\/solna-jeskyne"},"modified":"2023-04-27T13:08:53","modified_gmt":"2023-04-27T11:08:53","slug":"solna-jeskyne","status":"publish","type":"page","link":"https:\/\/poolbox.eu\/cs\/solna-jeskyne","title":{"rendered":"Soln\u00e1 jeskyn\u011b"},"content":{"rendered":"<p>[et_pb_section fb_built=&#8220;1&#8243; _builder_version=&#8220;4.16&#8243; _module_preset=&#8220;default&#8220; use_background_color_gradient=&#8220;on&#8220; background_color_gradient_stops=&#8220;rgba(22,22,22,0.28) 0%|rgba(22,22,22,0.62) 100%&#8220; background_color_gradient_overlays_image=&#8220;on&#8220; background_color_gradient_start=&#8220;rgba(22,22,22,0.28)&#8220; background_color_gradient_end=&#8220;rgba(22,22,22,0.62)&#8220; background_image=&#8220;https:\/\/poolbox.eu\/wp-content\/uploads\/2022\/01\/foto_bg_1.jpg&#8220; global_colors_info=&#8220;{}&#8220;][et_pb_row _builder_version=&#8220;4.16&#8243; _module_preset=&#8220;default&#8220; global_colors_info=&#8220;{}&#8220;][et_pb_column type=&#8220;4_4&#8243; _builder_version=&#8220;4.16&#8243; _module_preset=&#8220;default&#8220; global_colors_info=&#8220;{}&#8220;][et_pb_text module_class=&#8220;h1_home&#8220; _builder_version=&#8220;4.16.1&#8243; _module_preset=&#8220;default&#8220; header_font=&#8220;Exo|600||on|||||&#8220; header_text_color=&#8220;#ffffff&#8220; header_font_size=&#8220;65px&#8220; custom_margin=&#8220;||0px||false|false&#8220; header_font_size_tablet=&#8220;64px&#8220; header_font_size_phone=&#8220;48px&#8220; header_font_size_last_edited=&#8220;on|tablet&#8220; global_colors_info=&#8220;{}&#8220;]<\/p>\n<h1>SALT GROTA<\/h1>\n<p>[\/et_pb_text][\/et_pb_column][\/et_pb_row][\/et_pb_section][et_pb_section fb_built=&#8220;1&#8243; admin_label=&#8220;About Us &#8220; _builder_version=&#8220;4.16.1&#8243; background_enable_image=&#8220;off&#8220; custom_padding=&#8220;110px|0px|0px|0px||&#8220; global_colors_info=&#8220;{}&#8220;][et_pb_row column_structure=&#8220;1_2,1_2&#8243; _builder_version=&#8220;4.16&#8243; module_alignment=&#8220;center&#8220; custom_margin=&#8220;|||&#8220; custom_padding=&#8220;|||&#8220; global_colors_info=&#8220;{}&#8220;][et_pb_column type=&#8220;1_2&#8243; _builder_version=&#8220;4.16&#8243; background_color_gradient_direction=&#8220;35deg&#8220; background_color_gradient_start=&#8220;#ff6a88&#8243; background_color_gradient_end=&#8220;#ff99ac&#8220; custom_padding=&#8220;|60px||&#8220; global_colors_info=&#8220;{}&#8220; custom_padding__hover=&#8220;|||&#8220;][et_pb_text _builder_version=&#8220;4.17.3&#8243; text_font=&#8220;||||||||&#8220; header_font=&#8220;||||||||&#8220; header_text_align=&#8220;left&#8220; header_text_color=&#8220;#2b2b2b&#8220; header_line_height=&#8220;1.3em&#8220; header_2_font=&#8220;Exo|300|||||||&#8220; header_2_text_align=&#8220;left&#8220; header_2_text_color=&#8220;#023047&#8243; header_2_font_size=&#8220;42px&#8220; header_2_letter_spacing=&#8220;1px&#8220; text_orientation=&#8220;center&#8220; module_alignment=&#8220;center&#8220; custom_margin=&#8220;||10px|&#8220; animation_style=&#8220;slide&#8220; animation_duration=&#8220;1250ms&#8220; animation_delay=&#8220;250ms&#8220; global_colors_info=&#8220;{}&#8220;]<\/p>\n<h2>Soln\u00e1 jeskyn\u011b<\/h2>\n<p>[\/et_pb_text][et_pb_divider color=&#8220;#ffb703&#8243; divider_weight=&#8220;3px&#8220; disabled_on=&#8220;on|on|off&#8220; _builder_version=&#8220;4.16&#8243; max_width=&#8220;90px&#8220; module_alignment=&#8220;left&#8220; height=&#8220;10px&#8220; custom_margin=&#8220;||20px|&#8220; animation_style=&#8220;slide&#8220; animation_direction=&#8220;bottom&#8220; animation_duration=&#8220;1250ms&#8220; animation_delay=&#8220;300ms&#8220; locked=&#8220;off&#8220; global_colors_info=&#8220;{}&#8220;][\/et_pb_divider][et_pb_text _builder_version=&#8220;4.16&#8243; text_font=&#8220;|300|||||||&#8220; text_text_color=&#8220;#023047&#8243; text_font_size=&#8220;18px&#8220; text_line_height=&#8220;1.8em&#8220; header_font=&#8220;||||||||&#8220; header_2_font=&#8220;||||||||&#8220; module_alignment=&#8220;center&#8220; custom_margin=&#8220;||30px|&#8220; global_colors_info=&#8220;{}&#8220;]<\/p>\n<p>Soln\u00e1 jeskyn\u011b je p\u0159\u00edrodn\u00ed l\u00e1zn\u011b, kde m\u016f\u017eete uniknout ka\u017edodenn\u00edmu shonu. Atmosf\u00e9ra v soln\u00e9 jeskyni je uvol\u0148uj\u00edc\u00ed a uklid\u0148uj\u00edc\u00ed, zejm\u00e9na pro alergiky a osoby trp\u00edc\u00ed onemocn\u011bn\u00edm d\u00fdchac\u00edch cest.<\/p>\n<p>Mikroklima v soln\u00e9 jeskyni je podobn\u00e9 mo\u0159sk\u00e9mu, co\u017e m\u00e1 na n\u00e1\u0161 organismus blahod\u00e1rn\u00fd vliv. Krystaly soli v m\u00edstnosti uvol\u0148uj\u00ed z\u00e1porn\u00e9 ionty, kter\u00e9 jsou absorbov\u00e1ny na\u0161imi ko\u017en\u00edmi bu\u0148kami a p\u016fsob\u00ed proti stresu.<\/p>\n<p>[\/et_pb_text][\/et_pb_column][et_pb_column type=&#8220;1_2&#8243; _builder_version=&#8220;4.16&#8243; use_background_color_gradient=&#8220;on&#8220; background_color_gradient_direction=&#8220;143deg&#8220; background_color_gradient_stops=&#8220;#1c5baa 0%|#8ecae6 100%&#8220; background_color_gradient_start=&#8220;#1c5baa&#8220; background_color_gradient_end=&#8220;#8ecae6&#8243; custom_padding=&#8220;|||&#8220; animation_style=&#8220;zoom&#8220; animation_duration=&#8220;1250ms&#8220; animation_delay=&#8220;450ms&#8220; global_colors_info=&#8220;{}&#8220; custom_padding__hover=&#8220;|||&#8220;][et_pb_image src=&#8220;https:\/\/poolbox.eu\/wp-content\/uploads\/2022\/05\/grota_solna_1.jpg&#8220; title_text=&#8220;grotto_salt_1&#8243; align=&#8220;center&#8220; _builder_version=&#8220;4.17.3&#8243; custom_margin=&#8220;-40px|40px|40px|-40px&#8220; custom_padding=&#8220;|||&#8220; animation_style=&#8220;zoom&#8220; animation_direction=&#8220;right&#8220; animation_duration=&#8220;1250ms&#8220; animation_delay=&#8220;500ms&#8220; animation_intensity_zoom=&#8220;6%&#8220; animation_starting_opacity=&#8220;100%&#8220; box_shadow_style=&#8220;preset3&#8243; box_shadow_color=&#8220;rgba(0,0,0,0.1)&#8220; always_center_on_mobile=&#8220;off&#8220; global_colors_info=&#8220;{}&#8220;][\/et_pb_image][\/et_pb_column][\/et_pb_row][\/et_pb_section][et_pb_section fb_built=&#8220;1&#8243; admin_label=&#8220;Featured Products&#8220; _builder_version=&#8220;4.16&#8243; custom_padding=&#8220;0px||26px|||&#8220; global_colors_info=&#8220;{}&#8220;][et_pb_row _builder_version=&#8220;4.17.3&#8243; background_size=&#8220;initial&#8220; background_position=&#8220;top_left&#8220; background_repeat=&#8220;repeat&#8220; custom_padding=&#8220;||50px|||&#8220; global_colors_info=&#8220;{}&#8220;][et_pb_column type=&#8220;4_4&#8243; _builder_version=&#8220;4.16&#8243; custom_padding=&#8220;|||&#8220; global_colors_info=&#8220;{}&#8220; custom_padding__hover=&#8220;|||&#8220;][et_pb_text _builder_version=&#8220;4.17.3&#8243; text_font=&#8220;|300|||||||&#8220; text_text_color=&#8220;#023047&#8243; text_font_size=&#8220;18px&#8220; text_line_height=&#8220;1.8em&#8220; header_font=&#8220;||||||||&#8220; header_text_align=&#8220;left&#8220; header_2_font=&#8220;||||||||&#8220; text_orientation=&#8220;center&#8220; max_width=&#8220;1204px&#8220; module_alignment=&#8220;center&#8220; animation_style=&#8220;slide&#8220; global_colors_info=&#8220;{}&#8220;]<\/p>\n<p style=\"text-align: left;\">Soln\u00e9 jeskyn\u011b se vyu\u017e\u00edvaj\u00ed k mnoha \u00fa\u010del\u016fm. Pom\u00e1haj\u00ed nap\u0159\u00edklad:<br \/>&#8211; sn\u00ed\u017eit v\u00fdskyt alergi\u00ed a astmatick\u00fdch z\u00e1chvat\u016f,<br \/>&#8211; zm\u00edrnit stres a \u00fazkost,<br \/>&#8211; zlep\u0161it kvalitu sp\u00e1nku,<br \/>&#8211; zm\u00edrnit chronickou bolest v krku nebo bolest v krku,<br \/>&#8211; podporuj\u00ed zdravou poko\u017eku, vlasy a nehty.<\/p>\n<p>[\/et_pb_text][\/et_pb_column][\/et_pb_row][et_pb_row column_structure=&#8220;1_2,1_2&#8243; use_custom_gutter=&#8220;on&#8220; _builder_version=&#8220;4.16&#8243; max_width=&#8220;1280px&#8220; custom_margin=&#8220;|||&#8220; custom_padding=&#8220;|||&#8220; use_custom_width=&#8220;on&#8220; custom_width_px=&#8220;1280px&#8220; global_colors_info=&#8220;{}&#8220;][et_pb_column type=&#8220;1_2&#8243; _builder_version=&#8220;4.16&#8243; custom_padding=&#8220;|||&#8220; global_colors_info=&#8220;{}&#8220; custom_padding__hover=&#8220;|||&#8220;][et_pb_image src=&#8220;https:\/\/poolbox.eu\/wp-content\/uploads\/2022\/05\/grota_solna_5.jpg&#8220; title_text=&#8220;grotto_salt_5&#8243; show_in_lightbox=&#8220;on&#8220; use_overlay=&#8220;on&#8220; overlay_icon_color=&#8220;rgba(0,0,0,0.22)&#8220; hover_overlay_color=&#8220;rgba(255,255,255,0.29)&#8220; align=&#8220;center&#8220; align_tablet=&#8220;center&#8220; align_phone=&#8220;center&#8220; align_last_edited=&#8220;on|desktop&#8220; _builder_version=&#8220;4.17.3&#8243; custom_margin=&#8220;||15%|&#8220; animation_style=&#8220;slide&#8220; animation_direction=&#8220;bottom&#8220; animation_intensity_slide=&#8220;4%&#8220; global_colors_info=&#8220;{}&#8220;][\/et_pb_image][et_pb_image src=&#8220;https:\/\/poolbox.eu\/wp-content\/uploads\/2022\/05\/grota_solna_3.jpg&#8220; title_text=&#8220;grotto_salt_3&#8243; show_in_lightbox=&#8220;on&#8220; use_overlay=&#8220;on&#8220; overlay_icon_color=&#8220;rgba(0,0,0,0.22)&#8220; hover_overlay_color=&#8220;rgba(255,255,255,0.29)&#8220; align=&#8220;center&#8220; align_tablet=&#8220;center&#8220; align_phone=&#8220;center&#8220; align_last_edited=&#8220;on|desktop&#8220; _builder_version=&#8220;4.17.3&#8243; custom_margin=&#8220;||15%|&#8220; animation_style=&#8220;slide&#8220; animation_direction=&#8220;bottom&#8220; animation_intensity_slide=&#8220;4%&#8220; locked=&#8220;off&#8220; global_colors_info=&#8220;{}&#8220;][\/et_pb_image][\/et_pb_column][et_pb_column type=&#8220;1_2&#8243; _builder_version=&#8220;4.16&#8243; custom_padding=&#8220;|||&#8220; global_colors_info=&#8220;{}&#8220; custom_padding__hover=&#8220;|||&#8220;][et_pb_image src=&#8220;https:\/\/poolbox.eu\/wp-content\/uploads\/2022\/05\/grota_solna_4.jpg&#8220; title_text=&#8220;grotto_salt_4&#8243; show_in_lightbox=&#8220;on&#8220; use_overlay=&#8220;on&#8220; overlay_icon_color=&#8220;rgba(0,0,0,0.22)&#8220; hover_overlay_color=&#8220;rgba(255,255,255,0.29)&#8220; align=&#8220;center&#8220; align_tablet=&#8220;&#8220; align_phone=&#8220;center&#8220; align_last_edited=&#8220;on|desktop&#8220; _builder_version=&#8220;4.17.3&#8243; custom_margin=&#8220;||15%|&#8220; animation_style=&#8220;slide&#8220; animation_direction=&#8220;bottom&#8220; animation_intensity_slide=&#8220;4%&#8220; locked=&#8220;off&#8220; global_colors_info=&#8220;{}&#8220;][\/et_pb_image][et_pb_image src=&#8220;https:\/\/poolbox.eu\/wp-content\/uploads\/2022\/05\/grota_solna_2.jpg&#8220; title_text=&#8220;grotto_salt_2&#8243; show_in_lightbox=&#8220;on&#8220; use_overlay=&#8220;on&#8220; overlay_icon_color=&#8220;rgba(0,0,0,0.22)&#8220; hover_overlay_color=&#8220;rgba(255,255,255,0.29)&#8220; align=&#8220;center&#8220; align_tablet=&#8220;center&#8220; align_phone=&#8220;center&#8220; align_last_edited=&#8220;on|desktop&#8220; _builder_version=&#8220;4.17.3&#8243; custom_margin=&#8220;||15%|&#8220; animation_style=&#8220;slide&#8220; animation_direction=&#8220;bottom&#8220; animation_intensity_slide=&#8220;4%&#8220; locked=&#8220;off&#8220; global_colors_info=&#8220;{}&#8220;][\/et_pb_image][\/et_pb_column][\/et_pb_row][et_pb_row _builder_version=&#8220;4.17.3&#8243; background_size=&#8220;initial&#8220; background_position=&#8220;top_left&#8220; background_repeat=&#8220;repeat&#8220; custom_padding=&#8220;||50px|||&#8220; global_colors_info=&#8220;{}&#8220;][et_pb_column type=&#8220;4_4&#8243; _builder_version=&#8220;4.16&#8243; custom_padding=&#8220;|||&#8220; global_colors_info=&#8220;{}&#8220; custom_padding__hover=&#8220;|||&#8220;][et_pb_text _builder_version=&#8220;4.17.3&#8243; text_font=&#8220;|300|||||||&#8220; text_text_color=&#8220;#023047&#8243; text_font_size=&#8220;18px&#8220; text_line_height=&#8220;1.8em&#8220; header_font=&#8220;||||||||&#8220; header_text_align=&#8220;left&#8220; header_2_font=&#8220;||||||||&#8220; text_orientation=&#8220;center&#8220; max_width=&#8220;1204px&#8220; module_alignment=&#8220;center&#8220; animation_style=&#8220;slide&#8220; global_colors_info=&#8220;{}&#8220;]<\/p>\n<p style=\"text-align: left;\"><span style=\"text-decoration: underline;\">Vlastnosti soln\u00e9 jeskyn\u011b:<\/span><\/p>\n<p style=\"text-align: left;\">&#8211; velmi n\u00edzk\u00fd obsah vlhkosti (1-2 %), tak\u017ee nedoch\u00e1z\u00ed k pocen\u00ed,<br \/>&#8211; Teplota v m\u00edstnosti je v\u017edy konstantn\u00ed, a to 23\/24 stup\u0148\u016f Celsia,<br \/>&#8211; vzduch obsahuje velk\u00e9 mno\u017estv\u00ed kysl\u00edku d\u00edky vysok\u00e9 koncentraci soln\u00fdch \u010d\u00e1stic ve vzduchu (a\u017e 90 %), co\u017e v\u00e1m b\u011bhem sezen\u00ed zp\u0159\u00edjemn\u00ed pocit, kter\u00fd napom\u00e1h\u00e1 detoxika\u010dn\u00edmu procesu t\u00edm, \u017ee zbavuje t\u011blo toxin\u016f.<\/p>\n<p>[\/et_pb_text][\/et_pb_column][\/et_pb_row][\/et_pb_section]<\/p>\n","protected":false},"excerpt":{"rendered":"<p>SALT GROTASoln\u00e1 jeskyn\u011bSoln\u00e1 jeskyn\u011b je p\u0159\u00edrodn\u00ed l\u00e1zn\u011b, kde m\u016f\u017eete uniknout ka\u017edodenn\u00edmu shonu. Atmosf\u00e9ra v soln\u00e9 jeskyni je uvol\u0148uj\u00edc\u00ed a uklid\u0148uj\u00edc\u00ed, zejm\u00e9na pro alergiky a osoby trp\u00edc\u00ed onemocn\u011bn\u00edm d\u00fdchac\u00edch cest. Mikroklima v soln\u00e9 jeskyni je podobn\u00e9 mo\u0159sk\u00e9mu, co\u017e m\u00e1 na n\u00e1\u0161 organismus blahod\u00e1rn\u00fd vliv. Krystaly soli v m\u00edstnosti uvol\u0148uj\u00ed z\u00e1porn\u00e9 ionty, kter\u00e9 jsou absorbov\u00e1ny na\u0161imi ko\u017en\u00edmi [&hellip;]<\/p>\n","protected":false},"author":1,"featured_media":0,"parent":0,"menu_order":0,"comment_status":"closed","ping_status":"closed","template":"","meta":{"_et_pb_use_builder":"on","_et_pb_old_content":"","_et_gb_content_width":"","footnotes":""},"class_list":["post-28790","page","type-page","status-publish","hentry"],"_links":{"self":[{"href":"https:\/\/poolbox.eu\/cs\/wp-json\/wp\/v2\/pages\/28790","targetHints":{"allow":["GET"]}}],"collection":[{"href":"https:\/\/poolbox.eu\/cs\/wp-json\/wp\/v2\/pages"}],"about":[{"href":"https:\/\/poolbox.eu\/cs\/wp-json\/wp\/v2\/types\/page"}],"author":[{"embeddable":true,"href":"https:\/\/poolbox.eu\/cs\/wp-json\/wp\/v2\/users\/1"}],"replies":[{"embeddable":true,"href":"https:\/\/poolbox.eu\/cs\/wp-json\/wp\/v2\/comments?post=28790"}],"version-history":[{"count":3,"href":"https:\/\/poolbox.eu\/cs\/wp-json\/wp\/v2\/pages\/28790\/revisions"}],"predecessor-version":[{"id":28797,"href":"https:\/\/poolbox.eu\/cs\/wp-json\/wp\/v2\/pages\/28790\/revisions\/28797"}],"wp:attachment":[{"href":"https:\/\/poolbox.eu\/cs\/wp-json\/wp\/v2\/media?parent=28790"}],"curies":[{"name":"wp","href":"https:\/\/api.w.org\/{rel}","templated":true}]}}