{"id":28907,"date":"2023-01-18T09:38:44","date_gmt":"2023-01-18T08:38:44","guid":{"rendered":"https:\/\/poolbox.eu\/poolbox-1300-duo"},"modified":"2023-05-17T11:34:20","modified_gmt":"2023-05-17T09:34:20","slug":"poolbox-1300-duo","status":"publish","type":"page","link":"https:\/\/poolbox.eu\/de\/poolbox-1300-duo","title":{"rendered":"PoolBox 1300 DUO"},"content":{"rendered":"<p>[et_pb_section fb_built=&#8220;1&#8243; _builder_version=&#8220;4.16&#8243; _module_preset=&#8220;default&#8220; use_background_color_gradient=&#8220;on&#8220; background_color_gradient_stops=&#8220;rgba(22,22,22,0.28) 0%|rgba(22,22,22,0.62) 100%&#8220; background_color_gradient_overlays_image=&#8220;on&#8220; background_color_gradient_start=&#8220;rgba(22,22,22,0.28)&#8220; background_color_gradient_end=&#8220;rgba(22,22,22,0.62)&#8220; background_image=&#8220;https:\/\/poolbox.eu\/wp-content\/uploads\/2022\/01\/foto_bg_1.jpg&#8220; global_colors_info=&#8220;{}&#8220;][et_pb_row _builder_version=&#8220;4.16&#8243; _module_preset=&#8220;default&#8220; global_colors_info=&#8220;{}&#8220;][et_pb_column type=&#8220;4_4&#8243; _builder_version=&#8220;4.16&#8243; _module_preset=&#8220;default&#8220; global_colors_info=&#8220;{}&#8220;][et_pb_text module_class=&#8220;h1_home&#8220; _builder_version=&#8220;4.16&#8243; _module_preset=&#8220;default&#8220; header_font=&#8220;Exo|600||on|||||&#8220; header_text_color=&#8220;#ffffff&#8220; header_font_size=&#8220;65px&#8220; custom_margin=&#8220;||0px||false|false&#8220; header_font_size_tablet=&#8220;64px&#8220; header_font_size_phone=&#8220;48px&#8220; header_font_size_last_edited=&#8220;on|tablet&#8220; global_colors_info=&#8220;{}&#8220;]<\/p>\n<h1>Poolbox 1300 DUO<\/h1>\n<p>[\/et_pb_text][\/et_pb_column][\/et_pb_row][\/et_pb_section][et_pb_section fb_built=&#8220;1&#8243; admin_label=&#8220;Featured Products&#8220; _builder_version=&#8220;4.16&#8243; custom_padding=&#8220;0px||26px|||&#8220; global_colors_info=&#8220;{}&#8220;][et_pb_row _builder_version=&#8220;4.18.0&#8243; _module_preset=&#8220;default&#8220; global_colors_info=&#8220;{}&#8220;][et_pb_column type=&#8220;4_4&#8243; _builder_version=&#8220;4.18.0&#8243; _module_preset=&#8220;default&#8220; global_colors_info=&#8220;{}&#8220;][et_pb_code _builder_version=&#8220;4.18.0&#8243; _module_preset=&#8220;default&#8220; global_colors_info=&#8220;{}&#8220;][\/et_pb_code][\/et_pb_column][\/et_pb_row][et_pb_row _builder_version=&#8220;4.19.4&#8243; background_size=&#8220;initial&#8220; background_position=&#8220;top_left&#8220; background_repeat=&#8220;repeat&#8220; width=&#8220;100%&#8220; max_width=&#8220;1110px&#8220; global_colors_info=&#8220;{}&#8220;][et_pb_column type=&#8220;4_4&#8243; _builder_version=&#8220;4.19.4&#8243; custom_padding=&#8220;|||&#8220; global_colors_info=&#8220;{}&#8220; custom_padding__hover=&#8220;|||&#8220;][et_pb_text _builder_version=&#8220;4.18.0&#8243; text_font=&#8220;||||||||&#8220; header_font=&#8220;||||||||&#8220; header_2_font=&#8220;Exo|300|||||||&#8220; header_2_text_align=&#8220;center&#8220; header_2_text_color=&#8220;#023047&#8243; header_2_font_size=&#8220;42px&#8220; header_2_letter_spacing=&#8220;1px&#8220; background_size=&#8220;initial&#8220; background_position=&#8220;top_left&#8220; background_repeat=&#8220;repeat&#8220; text_orientation=&#8220;center&#8220; module_alignment=&#8220;center&#8220; custom_margin=&#8220;||10px|&#8220; animation_style=&#8220;slide&#8220; animation_duration=&#8220;1250ms&#8220; animation_delay=&#8220;250ms&#8220; locked=&#8220;off&#8220; global_colors_info=&#8220;{}&#8220;]<\/p>\n<h2>POOLBOX 1300 DUO GANZJAHRES-SPA-RAUM<\/h2>\n<p>[\/et_pb_text][et_pb_text _builder_version=&#8220;4.19.4&#8243; text_font=&#8220;||||||||&#8220; header_font=&#8220;||||||||&#8220; header_2_font=&#8220;Exo|300|||||||&#8220; header_2_text_align=&#8220;center&#8220; header_2_text_color=&#8220;#023047&#8243; header_2_font_size=&#8220;42px&#8220; header_2_letter_spacing=&#8220;1px&#8220; background_size=&#8220;initial&#8220; background_position=&#8220;top_left&#8220; background_repeat=&#8220;repeat&#8220; text_orientation=&#8220;center&#8220; module_alignment=&#8220;center&#8220; custom_margin=&#8220;||10px|&#8220; animation_style=&#8220;slide&#8220; animation_duration=&#8220;1250ms&#8220; animation_delay=&#8220;250ms&#8220; locked=&#8220;off&#8220; global_colors_info=&#8220;{}&#8220;]<\/p>\n<h3>L\u00e4nge 13m &#8211; Breite 8,6m &#8211; H\u00f6he 4m &#8211; Insgesamt 111,8m2<\/h3>\n<p>[\/et_pb_text][et_pb_divider color=&#8220;#ffb703&#8243; divider_weight=&#8220;3px&#8220; disabled_on=&#8220;on|on|off&#8220; _builder_version=&#8220;4.16&#8243; max_width=&#8220;100px&#8220; module_alignment=&#8220;center&#8220; height=&#8220;10px&#8220; custom_margin=&#8220;||20px|&#8220; animation_style=&#8220;slide&#8220; animation_direction=&#8220;bottom&#8220; saved_tabs=&#8220;all&#8220; locked=&#8220;off&#8220; global_colors_info=&#8220;{}&#8220;][\/et_pb_divider][\/et_pb_column][\/et_pb_row][et_pb_row use_custom_gutter=&#8220;on&#8220; _builder_version=&#8220;4.18.0&#8243; max_width=&#8220;1280px&#8220; custom_margin=&#8220;|||&#8220; custom_padding=&#8220;|||&#8220; use_custom_width=&#8220;on&#8220; custom_width_px=&#8220;1280px&#8220; global_colors_info=&#8220;{}&#8220;][et_pb_column type=&#8220;4_4&#8243; _builder_version=&#8220;4.16&#8243; custom_padding=&#8220;|||&#8220; global_colors_info=&#8220;{}&#8220; custom_padding__hover=&#8220;|||&#8220;][et_pb_image src=&#8220;https:\/\/poolbox.eu\/wp-content\/uploads\/2023\/01\/1300_duo.jpg&#8220; title_text=&#8220;1300_duo&#8220; show_in_lightbox=&#8220;on&#8220; use_overlay=&#8220;on&#8220; overlay_icon_color=&#8220;rgba(0,0,0,0.22)&#8220; hover_overlay_color=&#8220;rgba(255,255,255,0.29)&#8220; align=&#8220;center&#8220; align_tablet=&#8220;center&#8220; align_phone=&#8220;center&#8220; align_last_edited=&#8220;on|desktop&#8220; _builder_version=&#8220;4.19.4&#8243; custom_margin=&#8220;||5%||false|false&#8220; animation_style=&#8220;slide&#8220; animation_direction=&#8220;bottom&#8220; animation_intensity_slide=&#8220;4%&#8220; global_colors_info=&#8220;{}&#8220;][\/et_pb_image][\/et_pb_column][\/et_pb_row][et_pb_row column_structure=&#8220;1_2,1_2&#8243; _builder_version=&#8220;4.19.4&#8243; _module_preset=&#8220;default&#8220; global_colors_info=&#8220;{}&#8220;][et_pb_column type=&#8220;1_2&#8243; _builder_version=&#8220;4.19.4&#8243; _module_preset=&#8220;default&#8220; global_colors_info=&#8220;{}&#8220;][et_pb_text _builder_version=&#8220;4.19.4&#8243; text_font=&#8220;|300|||||||&#8220; text_text_color=&#8220;#023047&#8243; text_font_size=&#8220;18px&#8220; text_line_height=&#8220;1.8em&#8220; header_font=&#8220;||||||||&#8220; header_2_font=&#8220;||||||||&#8220; text_orientation=&#8220;center&#8220; max_width=&#8220;90%&#8220; module_alignment=&#8220;center&#8220; custom_padding=&#8220;0px|||||&#8220; animation_style=&#8220;slide&#8220; animation_duration=&#8220;1150ms&#8220; animation_delay=&#8220;150ms&#8220; global_colors_info=&#8220;{}&#8220;]<\/p>\n<h3 style=\"text-align: left;\"><span style=\"color: #ffb703;\">Serienm\u00e4\u00dfige Ausstattung<\/span><\/h3>\n<p style=\"text-align: left;\">&#8211; Stahlbau<br \/>&#8211; Klempnerarbeit<br \/>&#8211; Elektroinstallation, TV<br \/>&#8211; LED-Beleuchtung<br \/>&#8211; TV und Tonanlage<br \/>&#8211; Isolierung Polyurethanschaum 0.022W\/mk 13cm gr. Wand und Dach<br \/>&#8211; Polyurethanschaum-D\u00e4mmung 0,022 W\/mk 26 cm dicker Boden<br \/>&#8211; Fu\u00dfbodenheizung<br \/>&#8211; Pool-Luftentfeuchter<br \/>&#8211; Schwimmbadbel\u00fcftung<br \/>&#8211; Poolw\u00e4rmepumpe<br \/>&#8211; Schwimmbad-Erholung<br \/>&#8211; wasserdichte Platten (Wand)<br \/>&#8211; Spanndecken PVC-Folie<br \/>&#8211; Bodenbel\u00e4ge aus Vinylplatten oder Harz<br \/>&#8211; M\u00f6bel f\u00fcr Garderobe\/Umkleidekabine<br \/>&#8211; Aluminium-Tischlerei<br \/>&#8211; Dachfenster 120&#215;220<br \/>&#8211; 2 x Panoramadachfenster 300&#215;400<br \/>&#8211; Fassade aus Verbundwerkstoff oder Aluminium<br \/>&#8211; wei\u00dfes dekoratives Aluminiumband<\/p>\n<p style=\"text-align: left;\">[\/et_pb_text][et_pb_image src=&#8220;https:\/\/poolbox.eu\/wp-content\/uploads\/2022\/03\/Double_13m_basen_sauna_widok_2.jpg&#8220; title_text=&#8220;Double_13m_basen_sauna_view_2&#8243; _builder_version=&#8220;4.19.4&#8243; _module_preset=&#8220;default&#8220; global_colors_info=&#8220;{}&#8220;][\/et_pb_image][et_pb_text _builder_version=&#8220;4.19.4&#8243; text_font=&#8220;|300|||||||&#8220; text_text_color=&#8220;#023047&#8243; text_font_size=&#8220;18px&#8220; text_line_height=&#8220;1.8em&#8220; header_font=&#8220;||||||||&#8220; header_2_font=&#8220;||||||||&#8220; text_orientation=&#8220;center&#8220; max_width=&#8220;90%&#8220; module_alignment=&#8220;center&#8220; custom_padding=&#8220;0px|||||&#8220; animation_style=&#8220;slide&#8220; animation_duration=&#8220;1150ms&#8220; animation_delay=&#8220;150ms&#8220; hover_enabled=&#8220;0&#8243; global_colors_info=&#8220;{}&#8220; sticky_enabled=&#8220;0&#8243;]<\/p>\n<p style=\"text-align: left;\"><em><span style=\"color: #ffb703; font-size: 30px;\"><\/span><\/em><\/p>\n<p style=\"text-align: left;\"><em><span style=\"color: #ffb703; font-size: 30px;\"><\/span><\/em><\/p>\n<p style=\"text-align: left;\"><em><span style=\"color: #ffb703; font-size: 30px;\">Preis ab <\/span> <span style=\"color: #ffb703; font-size: 40px;\"><br \/>\n  <strong>189.000 EUR<\/strong><br \/>\n<\/span><\/em><\/p>\n<p style=\"text-align: left;\"><em><\/em><\/p>\n<p style=\"text-align: left;\"><em><\/em><\/p>\n<p style=\"text-align: left;\"><em>Die angegebenen Preise sind Nettopreise.<\/em><br \/><em>Die Preise beinhalten nicht den Transport.<\/em><br \/><em>Wir berechnen den Preis f\u00fcr den Transport individuell.  <\/em><\/p>\n<p>[\/et_pb_text][et_pb_cta button_url=&#8220;https:\/\/poolbox.eu\/wp-content\/uploads\/2023\/01\/oferta_1300_duo.pdf&#8220; url_new_window=&#8220;on&#8220; button_text=&#8220;Laden Sie das Angebot im PDF-Format herunter&#8220; _builder_version=&#8220;4.19.4&#8243; _module_preset=&#8220;default&#8220; background_color=&#8220;RGBA(255,255,255,0)&#8220; custom_button=&#8220;on&#8220; button_text_color=&#8220;#242038&#8243; link_option_url_new_window=&#8220;on&#8220; global_colors_info=&#8220;{}&#8220;][\/et_pb_cta][\/et_pb_column][et_pb_column type=&#8220;1_2&#8243; _builder_version=&#8220;4.19.4&#8243; _module_preset=&#8220;default&#8220; global_colors_info=&#8220;{}&#8220;][et_pb_image src=&#8220;https:\/\/poolbox.eu\/wp-content\/uploads\/2022\/03\/Double_13m_basen_sauna_widok_1.jpg&#8220; title_text=&#8220;Double_13m_basen_sauna_view_1&#8243; _builder_version=&#8220;4.19.4&#8243; _module_preset=&#8220;default&#8220; global_colors_info=&#8220;{}&#8220;][\/et_pb_image][et_pb_text _builder_version=&#8220;4.19.4&#8243; text_font=&#8220;|300|||||||&#8220; text_text_color=&#8220;#023047&#8243; text_font_size=&#8220;18px&#8220; text_line_height=&#8220;1.8em&#8220; header_font=&#8220;||||||||&#8220; header_2_font=&#8220;||||||||&#8220; text_orientation=&#8220;center&#8220; max_width=&#8220;90%&#8220; module_alignment=&#8220;center&#8220; custom_padding=&#8220;0px|||||&#8220; animation_style=&#8220;slide&#8220; animation_duration=&#8220;1150ms&#8220; animation_delay=&#8220;150ms&#8220; global_colors_info=&#8220;{}&#8220;]<\/p>\n<h3 style=\"text-align: left;\"><span style=\"color: #ffb703;\"><\/span><\/h3>\n<h3 style=\"text-align: left;\"><span style=\"color: #ffb703;\">Zus\u00e4tzliche Ausr\u00fcstung<\/span><\/h3>\n<p style=\"text-align: left;\">&#8211; Acryl-Pools kpl. ab 17.500 EUR<br \/>&#8211; Polypropylen-Pools kpl. ab \u20ac5.700<br \/>&#8211; schwimmb\u00e4der aus edelstahl kpl. ab 21 000 EUR<br \/>&#8211; Lehrschwimmbecken kpl. ab 21.700 EUR<br \/>&#8211; Stahlverst\u00e4rkung f\u00fcr Polypropylen- und Edelstahlbecken ab 5.000 Euro<br \/>&#8211; schwimmende Gegenstromanlage ab \u20ac11.000<br \/>&#8211; Fitness-Laufband ab 12.000 \u20ac<br \/>&#8211; Whirlpools ab 2 Personen. bis zu 9 Personen. ab \u20ac8.000<br \/>&#8211; Schwimmbadzubeh\u00f6r (Dosierstation, Staubsauger usw.) ab 500 \u20ac.<br \/>&#8211; Trocken-, Feucht-, Dampf- und Infrarotsauna ab 8.000 Euro<br \/>&#8211; Eispool von 1m3 bis 6m3 (Kaltwasserwanne) ab 11.600 \u20ac<br \/>&#8211; contrastspa duo (Kalt- und Warmwasserwanne) ab \u20ac11.600<br \/>&#8211; Salzgrotte ab \u20ac8.000<br \/>&#8211; Schneegrotte ab \u20ac85.000<br \/>&#8211; Fitnessger\u00e4te ab 7.000 \u20ac<br \/>&#8211; Sitzgarnitur (Sofa, Liege, Sessel, Tisch) ab 3.000 \u20ac.<br \/>&#8211; Grill\/Bar (M\u00f6bel, Gasgrill, Kanister, K\u00fchlschrank, Geschirrsp\u00fcler, Sp\u00fcle mit Wasserhahn, Hockers) ab 7.600 \u20ac.<br \/>&#8211; Klimaanlage ab 4.000 \u20ac<br \/>&#8211; Fl\u00fcssigkristallfolie (intelligentes Glas) ab 330 Euro\/qm<br \/>&#8211; Wi-Fi-Steuerung ab \u20ac550<br \/>&#8211; \u00d6ffnungsmechanismus f\u00fcr Dachfenster 140&#215;140 ab \u20ac600<br \/>&#8211; Terrasse ab \u20ac7.500<br \/>&#8211; Glaspergola (Wintergarten) ab \u20ac12.500<\/p>\n<p>[\/et_pb_text][\/et_pb_column][\/et_pb_row][\/et_pb_section]<\/p>\n","protected":false},"excerpt":{"rendered":"<p>Poolbox 1300 DUOPOOLBOX 1300 DUO GANZJAHRES-SPA-RAUML\u00e4nge 13m &#8211; Breite 8,6m &#8211; H\u00f6he 4m &#8211; Insgesamt 111,8m2Serienm\u00e4\u00dfige Ausstattung &#8211; Stahlbau- Klempnerarbeit- Elektroinstallation, TV- LED-Beleuchtung- TV und Tonanlage- Isolierung Polyurethanschaum 0.022W\/mk 13cm gr. Wand und Dach- Polyurethanschaum-D\u00e4mmung 0,022 W\/mk 26 cm dicker Boden- Fu\u00dfbodenheizung- Pool-Luftentfeuchter- Schwimmbadbel\u00fcftung- Poolw\u00e4rmepumpe- Schwimmbad-Erholung- wasserdichte Platten (Wand)- Spanndecken PVC-Folie- Bodenbel\u00e4ge aus Vinylplatten oder [&hellip;]<\/p>\n","protected":false},"author":1,"featured_media":0,"parent":0,"menu_order":0,"comment_status":"closed","ping_status":"closed","template":"","meta":{"_et_pb_use_builder":"on","_et_pb_old_content":"","_et_gb_content_width":"","footnotes":""},"class_list":["post-28907","page","type-page","status-publish","hentry"],"_links":{"self":[{"href":"https:\/\/poolbox.eu\/de\/wp-json\/wp\/v2\/pages\/28907","targetHints":{"allow":["GET"]}}],"collection":[{"href":"https:\/\/poolbox.eu\/de\/wp-json\/wp\/v2\/pages"}],"about":[{"href":"https:\/\/poolbox.eu\/de\/wp-json\/wp\/v2\/types\/page"}],"author":[{"embeddable":true,"href":"https:\/\/poolbox.eu\/de\/wp-json\/wp\/v2\/users\/1"}],"replies":[{"embeddable":true,"href":"https:\/\/poolbox.eu\/de\/wp-json\/wp\/v2\/comments?post=28907"}],"version-history":[{"count":12,"href":"https:\/\/poolbox.eu\/de\/wp-json\/wp\/v2\/pages\/28907\/revisions"}],"predecessor-version":[{"id":31010,"href":"https:\/\/poolbox.eu\/de\/wp-json\/wp\/v2\/pages\/28907\/revisions\/31010"}],"wp:attachment":[{"href":"https:\/\/poolbox.eu\/de\/wp-json\/wp\/v2\/media?parent=28907"}],"curies":[{"name":"wp","href":"https:\/\/api.w.org\/{rel}","templated":true}]}}