{"id":28768,"date":"2023-01-17T12:30:22","date_gmt":"2023-01-17T11:30:22","guid":{"rendered":"https:\/\/poolbox.eu\/poolbox-1300"},"modified":"2023-05-17T11:32:11","modified_gmt":"2023-05-17T09:32:11","slug":"poolbox-1300","status":"publish","type":"page","link":"https:\/\/poolbox.eu\/en\/poolbox-1300","title":{"rendered":"Poolbox 1300"},"content":{"rendered":"<p>[et_pb_section fb_built=&#8221;1&#8243; _builder_version=&#8221;4.16&#8243; _module_preset=&#8221;default&#8221; use_background_color_gradient=&#8221;on&#8221; background_color_gradient_stops=&#8221;rgba(22,22,22,0.28) 0%|rgba(22,22,22,0.62) 100%&#8221; background_color_gradient_overlays_image=&#8221;on&#8221; background_color_gradient_start=&#8221;rgba(22,22,22,0.28)&#8221; background_color_gradient_end=&#8221;rgba(22,22,22,0.62)&#8221; background_image=&#8221;https:\/\/poolbox.eu\/wp-content\/uploads\/2022\/01\/foto_bg_1.jpg&#8221; global_colors_info=&#8221;{}&#8221;][et_pb_row _builder_version=&#8221;4.16&#8243; _module_preset=&#8221;default&#8221; global_colors_info=&#8221;{}&#8221;][et_pb_column type=&#8221;4_4&#8243; _builder_version=&#8221;4.16&#8243; _module_preset=&#8221;default&#8221; global_colors_info=&#8221;{}&#8221;][et_pb_text module_class=&#8221;h1_home&#8221; _builder_version=&#8221;4.16&#8243; _module_preset=&#8221;default&#8221; header_font=&#8221;Exo|600||on|||||&#8221; header_text_color=&#8221;#ffffff&#8221; header_font_size=&#8221;65px&#8221; custom_margin=&#8221;||0px||false|false&#8221; header_font_size_tablet=&#8221;64px&#8221; header_font_size_phone=&#8221;48px&#8221; header_font_size_last_edited=&#8221;on|tablet&#8221; global_colors_info=&#8221;{}&#8221;]<\/p>\n<h1>Poolbox 1300<\/h1>\n<p>[\/et_pb_text][\/et_pb_column][\/et_pb_row][\/et_pb_section][et_pb_section fb_built=&#8221;1&#8243; admin_label=&#8221;Featured Products&#8221; _builder_version=&#8221;4.16&#8243; custom_padding=&#8221;0px||26px|||&#8221; global_colors_info=&#8221;{}&#8221;][et_pb_row _builder_version=&#8221;4.18.0&#8243; _module_preset=&#8221;default&#8221; global_colors_info=&#8221;{}&#8221;][et_pb_column type=&#8221;4_4&#8243; _builder_version=&#8221;4.18.0&#8243; _module_preset=&#8221;default&#8221; global_colors_info=&#8221;{}&#8221;][et_pb_code _builder_version=&#8221;4.18.0&#8243; _module_preset=&#8221;default&#8221; global_colors_info=&#8221;{}&#8221;][\/et_pb_code][\/et_pb_column][\/et_pb_row][et_pb_row _builder_version=&#8221;4.16&#8243; background_size=&#8221;initial&#8221; background_position=&#8221;top_left&#8221; background_repeat=&#8221;repeat&#8221; global_colors_info=&#8221;{}&#8221;][et_pb_column type=&#8221;4_4&#8243; _builder_version=&#8221;4.16&#8243; custom_padding=&#8221;|||&#8221; global_colors_info=&#8221;{}&#8221; custom_padding__hover=&#8221;|||&#8221;][et_pb_text _builder_version=&#8221;4.18.0&#8243; text_font=&#8221;||||||||&#8221; header_font=&#8221;||||||||&#8221; header_2_font=&#8221;Exo|300|||||||&#8221; header_2_text_align=&#8221;center&#8221; header_2_text_color=&#8221;#023047&#8243; header_2_font_size=&#8221;42px&#8221; header_2_letter_spacing=&#8221;1px&#8221; background_size=&#8221;initial&#8221; background_position=&#8221;top_left&#8221; background_repeat=&#8221;repeat&#8221; text_orientation=&#8221;center&#8221; module_alignment=&#8221;center&#8221; custom_margin=&#8221;||10px|&#8221; animation_style=&#8221;slide&#8221; animation_duration=&#8221;1250ms&#8221; animation_delay=&#8221;250ms&#8221; locked=&#8221;off&#8221; global_colors_info=&#8221;{}&#8221;]<\/p>\n<h2>POOLBOX 1300 YEAR-ROUND SPA ROOM<\/h2>\n<p>[\/et_pb_text][et_pb_text _builder_version=&#8221;4.19.4&#8243; text_font=&#8221;||||||||&#8221; header_font=&#8221;||||||||&#8221; header_2_font=&#8221;Exo|300|||||||&#8221; header_2_text_align=&#8221;center&#8221; header_2_text_color=&#8221;#023047&#8243; header_2_font_size=&#8221;42px&#8221; header_2_letter_spacing=&#8221;1px&#8221; background_size=&#8221;initial&#8221; background_position=&#8221;top_left&#8221; background_repeat=&#8221;repeat&#8221; text_orientation=&#8221;center&#8221; module_alignment=&#8221;center&#8221; custom_margin=&#8221;||10px|&#8221; animation_style=&#8221;slide&#8221; animation_duration=&#8221;1250ms&#8221; animation_delay=&#8221;250ms&#8221; locked=&#8221;off&#8221; global_colors_info=&#8221;{}&#8221;]<\/p>\n<h3>Length 13m &#8211; Width 4.3m &#8211; Height 4m &#8211; Total 55.9m2.<\/h3>\n<p>[\/et_pb_text][et_pb_divider color=&#8221;#ffb703&#8243; divider_weight=&#8221;3px&#8221; disabled_on=&#8221;on|on|off&#8221; _builder_version=&#8221;4.16&#8243; max_width=&#8221;100px&#8221; module_alignment=&#8221;center&#8221; height=&#8221;10px&#8221; custom_margin=&#8221;||20px|&#8221; animation_style=&#8221;slide&#8221; animation_direction=&#8221;bottom&#8221; saved_tabs=&#8221;all&#8221; locked=&#8221;off&#8221; global_colors_info=&#8221;{}&#8221;][\/et_pb_divider][\/et_pb_column][\/et_pb_row][et_pb_row use_custom_gutter=&#8221;on&#8221; _builder_version=&#8221;4.18.0&#8243; max_width=&#8221;1280px&#8221; custom_margin=&#8221;|||&#8221; custom_padding=&#8221;|||&#8221; use_custom_width=&#8221;on&#8221; custom_width_px=&#8221;1280px&#8221; global_colors_info=&#8221;{}&#8221;][et_pb_column type=&#8221;4_4&#8243; _builder_version=&#8221;4.16&#8243; custom_padding=&#8221;|||&#8221; global_colors_info=&#8221;{}&#8221; custom_padding__hover=&#8221;|||&#8221;][et_pb_image src=&#8221;https:\/\/poolbox.eu\/wp-content\/uploads\/2023\/01\/poolbox_1300.jpg&#8221; title_text=&#8221;poolbox_1300&#8243; show_in_lightbox=&#8221;on&#8221; use_overlay=&#8221;on&#8221; overlay_icon_color=&#8221;rgba(0,0,0,0.22)&#8221; hover_overlay_color=&#8221;rgba(255,255,255,0.29)&#8221; align=&#8221;center&#8221; align_tablet=&#8221;center&#8221; align_phone=&#8221;center&#8221; align_last_edited=&#8221;on|desktop&#8221; _builder_version=&#8221;4.19.4&#8243; custom_margin=&#8221;||5%||false|false&#8221; animation_style=&#8221;slide&#8221; animation_direction=&#8221;bottom&#8221; animation_intensity_slide=&#8221;4%&#8221; global_colors_info=&#8221;{}&#8221;][\/et_pb_image][\/et_pb_column][\/et_pb_row][et_pb_row column_structure=&#8221;1_2,1_2&#8243; _builder_version=&#8221;4.19.4&#8243; _module_preset=&#8221;default&#8221; global_colors_info=&#8221;{}&#8221;][et_pb_column type=&#8221;1_2&#8243; _builder_version=&#8221;4.19.4&#8243; _module_preset=&#8221;default&#8221; global_colors_info=&#8221;{}&#8221;][et_pb_text _builder_version=&#8221;4.19.4&#8243; text_font=&#8221;|300|||||||&#8221; text_text_color=&#8221;#023047&#8243; text_font_size=&#8221;18px&#8221; text_line_height=&#8221;1.8em&#8221; header_font=&#8221;||||||||&#8221; header_2_font=&#8221;||||||||&#8221; text_orientation=&#8221;center&#8221; max_width=&#8221;90%&#8221; module_alignment=&#8221;center&#8221; custom_padding=&#8221;0px|||||&#8221; animation_style=&#8221;slide&#8221; animation_duration=&#8221;1150ms&#8221; animation_delay=&#8221;150ms&#8221; global_colors_info=&#8221;{}&#8221;]<\/p>\n<h3 style=\"text-align: left;\"><span style=\"color: #ffb703;\">Standard equipment<\/span><\/h3>\n<p style=\"text-align: left;\">&#8211; steel construction<br \/>&#8211; plumbing<br \/>&#8211; electrical system, TV<br \/>&#8211; LED lighting<br \/>&#8211; TV and sound system<br \/>&#8211; Insulation polyurethane foam 0.022W\/mk 13cm gr. wall and roof<br \/>&#8211; Insulation polyurethane foam 0.022W\/mk 26cm gr. floor<br \/>&#8211; underfloor heating<br \/>&#8211; pool dehumidifier<br \/>&#8211; pool ventilation<br \/>&#8211; pool heat pump<br \/>&#8211; pool recuperation<br \/>&#8211; waterproof panels (wall)<br \/>&#8211; stretch ceilings PVC foil<br \/>&#8211; flooring vinyl panels or resin<br \/>&#8211; cloakroom\/changing room furniture<br \/>&#8211; aluminum joinery<br \/>&#8211; roof window 140&#215;140<br \/>&#8211; panoramic roof window 300&#215;400<br \/>&#8211; composite or aluminum facade<br \/>&#8211; white decorative aluminum band<\/p>\n<p style=\"text-align: left;\">\n<p>[\/et_pb_text][et_pb_image src=&#8221;https:\/\/poolbox.eu\/wp-content\/uploads\/2022\/03\/13m_jacuzzi_sauna_kacik_wypoczynkowy_widok_1.jpg&#8221; title_text=&#8221;13m_jacuzzi_sauna_court_view_1&#8243; _builder_version=&#8221;4.19.4&#8243; _module_preset=&#8221;default&#8221; global_colors_info=&#8221;{}&#8221;][\/et_pb_image][et_pb_text _builder_version=&#8221;4.19.4&#8243; text_font=&#8221;|300|||||||&#8221; text_text_color=&#8221;#023047&#8243; text_font_size=&#8221;18px&#8221; text_line_height=&#8221;1.8em&#8221; header_font=&#8221;||||||||&#8221; header_2_font=&#8221;||||||||&#8221; text_orientation=&#8221;center&#8221; max_width=&#8221;90%&#8221; module_alignment=&#8221;center&#8221; custom_padding=&#8221;0px|||||&#8221; animation_style=&#8221;slide&#8221; animation_duration=&#8221;1150ms&#8221; animation_delay=&#8221;150ms&#8221; global_colors_info=&#8221;{}&#8221;]<\/p>\n<p style=\"text-align: left;\"><em><span style=\"color: #ffb703; font-size: 30px;\"><\/span><\/em><\/p>\n<p style=\"text-align: left;\"><em><span style=\"color: #ffb703; font-size: 30px;\"><\/span><\/em><\/p>\n<p style=\"text-align: left;\"><em><span style=\"color: #ffb703; font-size: 30px;\">price from <\/span> <span style=\"color: #ffb703; font-size: 40px;\"><br \/>\n  <strong>99 thousand euros<\/strong><br \/>\n<\/span><\/em><\/p>\n<p style=\"text-align: left;\"><em><\/em><\/p>\n<p style=\"text-align: left;\"><em><\/em><\/p>\n<p style=\"text-align: left;\"><em>The prices listed are net prices.<\/em><br \/><em>Prices do not include transportation.<\/em><br \/><em>We calculate the price of transportation individually.  <\/em><\/p>\n<p>[\/et_pb_text][et_pb_cta button_url=&#8221;https:\/\/poolbox.eu\/wp-content\/uploads\/2023\/01\/oferta_1300.pdf&#8221; url_new_window=&#8221;on&#8221; button_text=&#8221;Download the Offer in PDF&#8221; _builder_version=&#8221;4.19.4&#8243; _module_preset=&#8221;default&#8221; background_color=&#8221;RGBA(255,255,255,0)&#8221; custom_button=&#8221;on&#8221; button_text_color=&#8221;#242038&#8243; link_option_url_new_window=&#8221;on&#8221; global_colors_info=&#8221;{}&#8221;][\/et_pb_cta][\/et_pb_column][et_pb_column type=&#8221;1_2&#8243; _builder_version=&#8221;4.19.4&#8243; _module_preset=&#8221;default&#8221; global_colors_info=&#8221;{}&#8221;][et_pb_image src=&#8221;https:\/\/poolbox.eu\/wp-content\/uploads\/2022\/11\/13m_basen_grill_bar_widok_1.jpg&#8221; title_text=&#8221;13m_basen_grill_bar_widok_1&#8243; _builder_version=&#8221;4.19.4&#8243; _module_preset=&#8221;default&#8221; global_colors_info=&#8221;{}&#8221;][\/et_pb_image][et_pb_text _builder_version=&#8221;4.19.4&#8243; text_font=&#8221;|300|||||||&#8221; text_text_color=&#8221;#023047&#8243; text_font_size=&#8221;18px&#8221; text_line_height=&#8221;1.8em&#8221; header_font=&#8221;||||||||&#8221; header_2_font=&#8221;||||||||&#8221; text_orientation=&#8221;center&#8221; max_width=&#8221;90%&#8221; module_alignment=&#8221;center&#8221; custom_padding=&#8221;0px|||||&#8221; animation_style=&#8221;slide&#8221; animation_duration=&#8221;1150ms&#8221; animation_delay=&#8221;150ms&#8221; global_colors_info=&#8221;{}&#8221;]<\/p>\n<h3 style=\"text-align: left;\"><span style=\"color: #ffb703;\"><\/span><\/h3>\n<h3 style=\"text-align: left;\"><span style=\"color: #ffb703;\">Dodatkowe wyposa\u017cenie<\/span><\/h3>\n<p style=\"text-align: left;\">&#8211; baseny akrylowe kpl. od 17 500 euro<br \/>&#8211; baseny polipropylenowe kpl. od 5 700 euro<br \/>&#8211; baseny treningowe kpl. od 21 700 euro<br \/>&#8211; stalowe wzmocnienie basen\u00f3w z polipropylenu i stali nierdzewnej od 5 000 euro<br \/>&#8211; przeciwpr\u0105d p\u0142ywacki od 11 000 euro<br \/>&#8211; bie\u017cnia treningowa od 12 000 euro<br \/>&#8211; wanny z hydromasa\u017cem od 2 os. do 9os. od 8 000 euro<br \/>&#8211; akcesoria basenowe (stacja dozuj\u0105ca, odkurzacz itp.) od 500 euro<br \/>&#8211; sauna sucha, mokra, parowa i infrared od 8 000 euro<br \/>&#8211; icepool od 1m3 do 6m3 ( niecka zimna woda) od 11 600 euro<br \/>&#8211; contrastspa duo (niecka zimna oraz ciep\u0142a woda) od 11 600 euro<br \/>&#8211; grota solna od 8 000 euro<br \/>&#8211; grota \u015bnie\u017cna od 85 000 euro<br \/>&#8211; wyposa\u017cenie si\u0142owni od 7 000 euro<br \/>&#8211; zestaw wypoczynkowy (sofa, le\u017cak, fotel, st\u00f3\u0142) od 3 000 euro<br \/>&#8211; grill\/bar (meble, grill gazowy, poch\u0142aniacz powietrza, lod\u00f3wka, zmywarka, zlewozmywak z kranem, hokery) od 7 600 euro<br \/>&#8211; klimatyzacja od 4 000 euro<br \/>&#8211; folia ciek\u0142okrystaliczna (inteligentna szyba) od 330euro\/m2<br \/>&#8211; sterowanie Wi-Fi od 550 euro<br \/>&#8211; mechanizm otwierania okna dachowego 140&#215;140 od 600 euro<br \/>&#8211; taras od 7 500 euro<br \/>&#8211; szklana pergola (ogr\u00f3d zimowy) od 12 500 euro<\/p>\n<p>[\/et_pb_text][\/et_pb_column][\/et_pb_row][\/et_pb_section]<\/p>\n","protected":false},"excerpt":{"rendered":"<p>Poolbox 1300POOLBOX 1300 YEAR-ROUND SPA ROOMLength 13m &#8211; Width 4.3m &#8211; Height 4m &#8211; Total 55.9m2.Standard equipment &#8211; steel construction- plumbing- electrical system, TV- LED lighting- TV and sound system- Insulation polyurethane foam 0.022W\/mk 13cm gr. wall and roof- Insulation polyurethane foam 0.022W\/mk 26cm gr. floor- underfloor heating- pool dehumidifier- pool ventilation- pool heat pump- [&hellip;]<\/p>\n","protected":false},"author":1,"featured_media":0,"parent":0,"menu_order":0,"comment_status":"closed","ping_status":"closed","template":"","meta":{"_et_pb_use_builder":"on","_et_pb_old_content":"","_et_gb_content_width":"","footnotes":""},"class_list":["post-28768","page","type-page","status-publish","hentry"],"_links":{"self":[{"href":"https:\/\/poolbox.eu\/en\/wp-json\/wp\/v2\/pages\/28768","targetHints":{"allow":["GET"]}}],"collection":[{"href":"https:\/\/poolbox.eu\/en\/wp-json\/wp\/v2\/pages"}],"about":[{"href":"https:\/\/poolbox.eu\/en\/wp-json\/wp\/v2\/types\/page"}],"author":[{"embeddable":true,"href":"https:\/\/poolbox.eu\/en\/wp-json\/wp\/v2\/users\/1"}],"replies":[{"embeddable":true,"href":"https:\/\/poolbox.eu\/en\/wp-json\/wp\/v2\/comments?post=28768"}],"version-history":[{"count":11,"href":"https:\/\/poolbox.eu\/en\/wp-json\/wp\/v2\/pages\/28768\/revisions"}],"predecessor-version":[{"id":30958,"href":"https:\/\/poolbox.eu\/en\/wp-json\/wp\/v2\/pages\/28768\/revisions\/30958"}],"wp:attachment":[{"href":"https:\/\/poolbox.eu\/en\/wp-json\/wp\/v2\/media?parent=28768"}],"curies":[{"name":"wp","href":"https:\/\/api.w.org\/{rel}","templated":true}]}}