{"id":29106,"date":"2022-01-05T04:06:54","date_gmt":"2022-01-05T03:06:54","guid":{"rendered":"https:\/\/poolbox.eu\/neem-contact-op-met"},"modified":"2023-05-08T14:46:17","modified_gmt":"2023-05-08T12:46:17","slug":"neem-contact-op-met","status":"publish","type":"page","link":"https:\/\/poolbox.eu\/nl\/neem-contact-op-met","title":{"rendered":"Contact"},"content":{"rendered":"<p>[et_pb_section fb_built=&#8221;1&#8243; _builder_version=&#8221;4.16&#8243; _module_preset=&#8221;default&#8221; use_background_color_gradient=&#8221;on&#8221; background_color_gradient_stops=&#8221;rgba(22,22,22,0.28) 0%|rgba(22,22,22,0.62) 100%&#8221; background_color_gradient_overlays_image=&#8221;on&#8221; background_color_gradient_start=&#8221;rgba(22,22,22,0.28)&#8221; background_color_gradient_end=&#8221;rgba(22,22,22,0.62)&#8221; background_image=&#8221;https:\/\/poolbox.eu\/wp-content\/uploads\/2022\/01\/foto_bg_1.jpg&#8221; global_colors_info=&#8221;{}&#8221;][et_pb_row _builder_version=&#8221;4.16&#8243; _module_preset=&#8221;default&#8221; global_colors_info=&#8221;{}&#8221;][et_pb_column type=&#8221;4_4&#8243; _builder_version=&#8221;4.16&#8243; _module_preset=&#8221;default&#8221; global_colors_info=&#8221;{}&#8221;][et_pb_text module_class=&#8221;h1_home&#8221; _builder_version=&#8221;4.16&#8243; _module_preset=&#8221;default&#8221; header_font=&#8221;Exo|600||on|||||&#8221; header_text_color=&#8221;#ffffff&#8221; header_font_size=&#8221;65px&#8221; custom_margin=&#8221;||0px||false|false&#8221; header_font_size_tablet=&#8221;64px&#8221; header_font_size_phone=&#8221;48px&#8221; header_font_size_last_edited=&#8221;on|tablet&#8221; global_colors_info=&#8221;{}&#8221;]<\/p>\n<h1>Contact<\/h1>\n<p>[\/et_pb_text][\/et_pb_column][\/et_pb_row][\/et_pb_section][et_pb_section fb_built=&#8221;1&#8243; admin_label=&#8221;Contact Info&#8221; _builder_version=&#8221;4.16&#8243; custom_padding=&#8221;0px||0px|||&#8221; locked=&#8221;off&#8221; global_colors_info=&#8221;{}&#8221;][et_pb_row column_structure=&#8221;1_3,1_3,1_3&#8243; _builder_version=&#8221;4.16&#8243; background_size=&#8221;initial&#8221; background_position=&#8221;top_left&#8221; background_repeat=&#8221;repeat&#8221; custom_padding=&#8221;80px|||&#8221; locked=&#8221;off&#8221; global_colors_info=&#8221;{}&#8221;][et_pb_column type=&#8221;1_3&#8243; _builder_version=&#8221;4.16&#8243; background_position=&#8221;top_left&#8221; custom_padding=&#8221;|||&#8221; global_colors_info=&#8221;{}&#8221; custom_padding__hover=&#8221;|||&#8221;][et_pb_blurb title=&#8221;Bedrijf&#8221; use_icon=&#8221;on&#8221; font_icon=&#8221;&#xe074;||divi||400&#8243; icon_color=&#8221;#1c5baa&#8221; image_icon_width=&#8221;65px&#8221; image_icon_width_last_edited=&#8221;off|desktop&#8221; admin_label=&#8221;Address&#8221; _builder_version=&#8221;4.18.0&#8243; header_font=&#8221;Exo|300|||||||&#8221; header_text_color=&#8221;#023047&#8243; header_font_size=&#8221;32px&#8221; header_letter_spacing=&#8221;1px&#8221; header_line_height=&#8221;1.4em&#8221; body_font=&#8221;|300|||||||&#8221; body_text_color=&#8221;#023047&#8243; body_font_size=&#8221;18px&#8221; body_line_height=&#8221;1.8em&#8221; text_orientation=&#8221;center&#8221; custom_margin=&#8221;|||&#8221; custom_padding=&#8221;30px|30px|30px|30px&#8221; animation_style=&#8221;fold&#8221; animation_direction=&#8221;bottom&#8221; animation_intensity_fold=&#8221;30%&#8221; border_width_all=&#8221;0px&#8221; border_color_all=&#8221;#e0e0e0&#8243; border_style_all=&#8221;solid&#8221; use_border_color=&#8221;on&#8221; border_color=&#8221;#e0e0e0&#8243; icon_font_size=&#8221;60px&#8221; icon_font_size_last_edited=&#8221;off|desktop&#8221; locked=&#8221;off&#8221; global_colors_info=&#8221;{}&#8221;]<\/p>\n<p>POOLBOX Sp. z o. o.<br \/>K\u0142opot 10, 88-110 K\u0142opot<br \/>VAT UE: PL556 224 35 32<\/p>\n<p>[\/et_pb_blurb][\/et_pb_column][et_pb_column type=&#8221;1_3&#8243; _builder_version=&#8221;4.16&#8243; background_position=&#8221;top_left&#8221; custom_padding=&#8221;|||&#8221; global_colors_info=&#8221;{}&#8221; custom_padding__hover=&#8221;|||&#8221;][et_pb_blurb title=&#8221;Telefoon&#8221; use_icon=&#8221;on&#8221; font_icon=&#8221;&#xf3cd;||fa||900&#8243; icon_color=&#8221;#1c5baa&#8221; image_icon_width=&#8221;65px&#8221; image_icon_width_last_edited=&#8221;off|desktop&#8221; _builder_version=&#8221;4.18.0&#8243; header_font=&#8221;Exo|300|||||||&#8221; header_text_color=&#8221;#023047&#8243; header_font_size=&#8221;32px&#8221; header_letter_spacing=&#8221;1px&#8221; header_line_height=&#8221;1.4em&#8221; body_font=&#8221;|300|||||||&#8221; body_text_color=&#8221;#023047&#8243; body_font_size=&#8221;18px&#8221; body_line_height=&#8221;1.8em&#8221; text_orientation=&#8221;center&#8221; custom_margin=&#8221;|||&#8221; custom_padding=&#8221;30px|30px|30px|30px&#8221; animation_style=&#8221;fold&#8221; animation_direction=&#8221;bottom&#8221; animation_delay=&#8221;100ms&#8221; animation_intensity_fold=&#8221;30%&#8221; border_width_all=&#8221;0px&#8221; border_color_all=&#8221;#e0e0e0&#8243; border_style_all=&#8221;solid&#8221; use_border_color=&#8221;on&#8221; border_color=&#8221;#e0e0e0&#8243; icon_font_size=&#8221;60px&#8221; icon_font_size_last_edited=&#8221;off|desktop&#8221; locked=&#8221;off&#8221; global_colors_info=&#8221;{}&#8221;]<\/p>\n<p><strong>PRESIDENT<\/strong> <br \/>Bart\u0142omiej Mochalski<br \/>+48 790 283 997<\/p>\n<p><strong>DIRECTOR<\/strong><br \/>Justyna Mochalska  <br \/>+48 696 496 394<\/p>\n<p>[\/et_pb_blurb][\/et_pb_column][et_pb_column type=&#8221;1_3&#8243; _builder_version=&#8221;4.16&#8243; background_position=&#8221;top_left&#8221; custom_padding=&#8221;|||&#8221; global_colors_info=&#8221;{}&#8221; custom_padding__hover=&#8221;|||&#8221;][et_pb_blurb title=&#8221;E-mail&#8221; use_icon=&#8221;on&#8221; font_icon=&#8221;&#xf0e0;||fa||900&#8243; icon_color=&#8221;#1c5baa&#8221; image_icon_width=&#8221;65px&#8221; image_icon_width_last_edited=&#8221;off|desktop&#8221; admin_label=&#8221;Email&#8221; _builder_version=&#8221;4.18.0&#8243; header_font=&#8221;Exo|300|||||||&#8221; header_text_color=&#8221;#023047&#8243; header_font_size=&#8221;35px&#8221; header_letter_spacing=&#8221;1px&#8221; header_line_height=&#8221;1.4em&#8221; body_font=&#8221;|300|||||||&#8221; body_text_color=&#8221;#023047&#8243; body_font_size=&#8221;18px&#8221; body_line_height=&#8221;1.8em&#8221; text_orientation=&#8221;center&#8221; custom_margin=&#8221;|||&#8221; custom_padding=&#8221;30px|30px|30px|30px&#8221; animation_style=&#8221;fold&#8221; animation_direction=&#8221;bottom&#8221; animation_delay=&#8221;200ms&#8221; animation_intensity_fold=&#8221;30%&#8221; border_width_all=&#8221;0px&#8221; border_color_all=&#8221;#e0e0e0&#8243; border_style_all=&#8221;solid&#8221; use_border_color=&#8221;on&#8221; border_color=&#8221;#e0e0e0&#8243; icon_font_size=&#8221;60px&#8221; icon_font_size_last_edited=&#8221;off|desktop&#8221; locked=&#8221;off&#8221; global_colors_info=&#8221;{}&#8221;]<\/p>\n<p>info@poolbox.eu<\/p>\n<p>[\/et_pb_blurb][\/et_pb_column][\/et_pb_row][\/et_pb_section][et_pb_section fb_built=&#8221;1&#8243; fullwidth=&#8221;on&#8221; _builder_version=&#8221;4.18.0&#8243; _module_preset=&#8221;default&#8221; global_colors_info=&#8221;{}&#8221;][et_pb_fullwidth_code _builder_version=&#8221;4.18.0&#8243; _module_preset=&#8221;default&#8221; global_colors_info=&#8221;{}&#8221;]<iframe src=\"https:\/\/www.google.com\/maps\/embed?pb=!1m18!1m12!1m3!1d19292.55790742887!2d18.245904786817533!3d52.812094326622415!2m3!1f0!2f0!3f0!3m2!1i1024!2i768!4f13.1!3m3!1m2!1s0x47035086f733a77b%3A0xf166f3153a59ce54!2sPHU%20MULTI-FINISH%20Izolacje.%20Renowacja%20dach%C3%B3w%20p%C5%82askich.%20Ocieplenie%20poddaszy.!5e0!3m2!1spl!2spl!4v1660654707321!5m2!1spl!2spl\" width=\"9000\" height=\"600\" style=\"border:0;\" allowfullscreen=\"\" loading=\"lazy\" referrerpolicy=\"no-referrer-when-downgrade\"><\/iframe>[\/et_pb_fullwidth_code][\/et_pb_section][et_pb_section fb_built=&#8221;1&#8243; fullwidth=&#8221;on&#8221; _builder_version=&#8221;4.18.0&#8243; _module_preset=&#8221;default&#8221; global_colors_info=&#8221;{}&#8221;][et_pb_fullwidth_code _builder_version=&#8221;4.18.0&#8243; _module_preset=&#8221;default&#8221; global_colors_info=&#8221;{}&#8221;][\/et_pb_fullwidth_code][\/et_pb_section]<\/p>\n","protected":false},"excerpt":{"rendered":"<p>ContactPOOLBOX Sp. z o. o.K\u0142opot 10, 88-110 K\u0142opotVAT UE: PL556 224 35 32PRESIDENT Bart\u0142omiej Mochalski+48 790 283 997 DIRECTORJustyna Mochalska +48 696 496 394info@poolbox.eu<\/p>\n","protected":false},"author":1,"featured_media":0,"parent":0,"menu_order":0,"comment_status":"closed","ping_status":"closed","template":"","meta":{"_et_pb_use_builder":"on","_et_pb_old_content":"","_et_gb_content_width":"","footnotes":""},"class_list":["post-29106","page","type-page","status-publish","hentry"],"_links":{"self":[{"href":"https:\/\/poolbox.eu\/nl\/wp-json\/wp\/v2\/pages\/29106","targetHints":{"allow":["GET"]}}],"collection":[{"href":"https:\/\/poolbox.eu\/nl\/wp-json\/wp\/v2\/pages"}],"about":[{"href":"https:\/\/poolbox.eu\/nl\/wp-json\/wp\/v2\/types\/page"}],"author":[{"embeddable":true,"href":"https:\/\/poolbox.eu\/nl\/wp-json\/wp\/v2\/users\/1"}],"replies":[{"embeddable":true,"href":"https:\/\/poolbox.eu\/nl\/wp-json\/wp\/v2\/comments?post=29106"}],"version-history":[{"count":18,"href":"https:\/\/poolbox.eu\/nl\/wp-json\/wp\/v2\/pages\/29106\/revisions"}],"predecessor-version":[{"id":30548,"href":"https:\/\/poolbox.eu\/nl\/wp-json\/wp\/v2\/pages\/29106\/revisions\/30548"}],"wp:attachment":[{"href":"https:\/\/poolbox.eu\/nl\/wp-json\/wp\/v2\/media?parent=29106"}],"curies":[{"name":"wp","href":"https:\/\/api.w.org\/{rel}","templated":true}]}}