{"id":28670,"date":"2022-04-23T01:40:42","date_gmt":"2022-04-22T23:40:42","guid":{"rendered":"https:\/\/poolbox.eu\/badstuer"},"modified":"2023-04-27T13:08:29","modified_gmt":"2023-04-27T11:08:29","slug":"badstuer","status":"publish","type":"page","link":"https:\/\/poolbox.eu\/no\/badstuer","title":{"rendered":"badstuer"},"content":{"rendered":"<p>[et_pb_section fb_built=&raquo;1&#8243; _builder_version=&raquo;4.16&#8243; _module_preset=&raquo;default&raquo; use_background_color_gradient=&raquo;on&raquo; background_color_gradient_stops=&raquo;rgba(22,22,22,0.28) 0%|rgba(22,22,22,0.62) 100%&raquo; background_color_gradient_overlays_image=&raquo;on&raquo; background_color_gradient_start=&raquo;rgba(22,22,22,0.28)&raquo; background_color_gradient_end=&raquo;rgba(22,22,22,0.62)&raquo; background_image=&raquo;https:\/\/poolbox.eu\/wp-content\/uploads\/2022\/01\/foto_bg_1.jpg&raquo; global_colors_info=&raquo;{}&raquo;][et_pb_row _builder_version=&raquo;4.16&#8243; _module_preset=&raquo;default&raquo; global_colors_info=&raquo;{}&raquo;][et_pb_column type=&raquo;4_4&#8243; _builder_version=&raquo;4.16&#8243; _module_preset=&raquo;default&raquo; global_colors_info=&raquo;{}&raquo;][et_pb_text module_class=&raquo;h1_home&raquo; _builder_version=&raquo;4.16.1&#8243; _module_preset=&raquo;default&raquo; header_font=&raquo;Exo|600||on|||||&raquo; header_text_color=&raquo;#ffffff&raquo; header_font_size=&raquo;65px&raquo; custom_margin=&raquo;||0px||false|false&raquo; header_font_size_tablet=&raquo;64px&raquo; header_font_size_phone=&raquo;48px&raquo; header_font_size_last_edited=&raquo;on|tablet&raquo; global_colors_info=&raquo;{}&raquo;]<\/p>\n<h1>Badstuer<\/h1>\n<p>[\/et_pb_text][\/et_pb_column][\/et_pb_row][\/et_pb_section][et_pb_section fb_built=&raquo;1&#8243; admin_label=&raquo;About Us &raquo; _builder_version=&raquo;4.16.1&#8243; background_enable_image=&raquo;off&raquo; custom_padding=&raquo;110px|0px|60px|0px||&raquo; global_colors_info=&raquo;{}&raquo;][et_pb_row column_structure=&raquo;1_2,1_2&#8243; _builder_version=&raquo;4.17.3&#8243; module_alignment=&raquo;center&raquo; custom_margin=&raquo;||40px||false|false&raquo; custom_padding=&raquo;||50px||false|false&raquo; global_colors_info=&raquo;{}&raquo;][et_pb_column type=&raquo;1_2&#8243; _builder_version=&raquo;4.16&#8243; background_color_gradient_direction=&raquo;35deg&raquo; background_color_gradient_start=&raquo;#ff6a88&#8243; background_color_gradient_end=&raquo;#ff99ac&raquo; custom_padding=&raquo;|60px||&raquo; global_colors_info=&raquo;{}&raquo; custom_padding__hover=&raquo;|||&raquo;][et_pb_text _builder_version=&raquo;4.16.1&#8243; text_font=&raquo;||||||||&raquo; header_font=&raquo;||||||||&raquo; header_text_align=&raquo;left&raquo; header_text_color=&raquo;#2b2b2b&raquo; header_line_height=&raquo;1.3em&raquo; header_2_font=&raquo;Exo|300|||||||&raquo; header_2_text_align=&raquo;left&raquo; header_2_text_color=&raquo;#023047&#8243; header_2_font_size=&raquo;42px&raquo; header_2_letter_spacing=&raquo;1px&raquo; text_orientation=&raquo;center&raquo; module_alignment=&raquo;center&raquo; custom_margin=&raquo;||10px|&raquo; animation_style=&raquo;slide&raquo; animation_duration=&raquo;1250ms&raquo; animation_delay=&raquo;250ms&raquo; global_colors_info=&raquo;{}&raquo;]<\/p>\n<h2>T\u00f8rr badstue<\/h2>\n<p>[\/et_pb_text][et_pb_divider color=&raquo;#ffb703&#8243; divider_weight=&raquo;3px&raquo; disabled_on=&raquo;on|on|off&raquo; _builder_version=&raquo;4.16&#8243; max_width=&raquo;90px&raquo; module_alignment=&raquo;left&raquo; height=&raquo;10px&raquo; custom_margin=&raquo;||20px|&raquo; animation_style=&raquo;slide&raquo; animation_direction=&raquo;bottom&raquo; animation_duration=&raquo;1250ms&raquo; animation_delay=&raquo;300ms&raquo; locked=&raquo;off&raquo; global_colors_info=&raquo;{}&raquo;][\/et_pb_divider][et_pb_text _builder_version=&raquo;4.16&#8243; text_font=&raquo;|300|||||||&raquo; text_text_color=&raquo;#023047&#8243; text_font_size=&raquo;18px&raquo; text_line_height=&raquo;1.8em&raquo; header_font=&raquo;||||||||&raquo; header_2_font=&raquo;||||||||&raquo; module_alignment=&raquo;center&raquo; custom_margin=&raquo;||30px|&raquo; global_colors_info=&raquo;{}&raquo;]<\/p>\n<p>En t\u00f8rrbadstue er en perfekt l\u00f8sning for folk som leter etter en effektiv, komfortabel og trygg m\u00e5te \u00e5 svette p\u00e5, den vil hjelpe deg \u00e5 bli kvitt cellulitter og fjerne giftstoffer fra kroppen.<\/p>\n<p>Denne enheten lar deg raskt og enkelt kvitte deg med ekstra v\u00e6ske i kroppen. Alt takket v\u00e6re det unike designet, som sikrer h\u00f8ykvalitets luftsammensetning og lengre eksponeringstid.<\/p>\n<p>Varmen genereres ved \u00e5 brenne ved, trekull eller torv i ovnen.<\/p>\n<p>[\/et_pb_text][\/et_pb_column][et_pb_column type=&raquo;1_2&#8243; _builder_version=&raquo;4.16&#8243; use_background_color_gradient=&raquo;on&raquo; background_color_gradient_direction=&raquo;143deg&raquo; background_color_gradient_stops=&raquo;#1c5baa 0%|#8ecae6 100%&raquo; background_color_gradient_start=&raquo;#1c5baa&raquo; background_color_gradient_end=&raquo;#8ecae6&#8243; custom_padding=&raquo;|||&raquo; animation_style=&raquo;zoom&raquo; animation_duration=&raquo;1250ms&raquo; animation_delay=&raquo;450ms&raquo; global_colors_info=&raquo;{}&raquo; custom_padding__hover=&raquo;|||&raquo;][et_pb_image src=&raquo;https:\/\/poolbox.eu\/wp-content\/uploads\/2022\/05\/sauna_sucha.jpg&raquo; title_text=&raquo;t\u00f8rr_badstue&raquo; align=&raquo;center&raquo; _builder_version=&raquo;4.17.3&#8243; custom_margin=&raquo;-40px|40px|40px|-40px&raquo; custom_padding=&raquo;|||&raquo; animation_style=&raquo;zoom&raquo; animation_direction=&raquo;right&raquo; animation_duration=&raquo;1250ms&raquo; animation_delay=&raquo;500ms&raquo; animation_intensity_zoom=&raquo;6%&raquo; animation_starting_opacity=&raquo;100%&raquo; box_shadow_style=&raquo;preset3&#8243; box_shadow_color=&raquo;rgba(0,0,0,0.1)&raquo; always_center_on_mobile=&raquo;off&raquo; global_colors_info=&raquo;{}&raquo;][\/et_pb_image][\/et_pb_column][\/et_pb_row][et_pb_row column_structure=&raquo;1_2,1_2&#8243; _builder_version=&raquo;4.17.3&#8243; module_alignment=&raquo;center&raquo; custom_margin=&raquo;||40px||false|false&raquo; custom_padding=&raquo;||50px||false|false&raquo; global_colors_info=&raquo;{}&raquo;][et_pb_column type=&raquo;1_2&#8243; _builder_version=&raquo;4.16&#8243; use_background_color_gradient=&raquo;on&raquo; background_color_gradient_direction=&raquo;143deg&raquo; background_color_gradient_stops=&raquo;#1c5baa 0%|#8ecae6 100%&raquo; background_color_gradient_start=&raquo;#1c5baa&raquo; background_color_gradient_end=&raquo;#8ecae6&#8243; custom_padding=&raquo;|||&raquo; animation_style=&raquo;zoom&raquo; animation_duration=&raquo;1250ms&raquo; animation_delay=&raquo;450ms&raquo; global_colors_info=&raquo;{}&raquo; custom_padding__hover=&raquo;|||&raquo;][et_pb_image src=&raquo;https:\/\/poolbox.eu\/wp-content\/uploads\/2022\/05\/sauna_mokra.jpg&raquo; title_text=&raquo;wet_sauna&raquo; align=&raquo;center&raquo; _builder_version=&raquo;4.17.3&#8243; custom_margin=&raquo;-40px|40px|40px|-40px&raquo; custom_padding=&raquo;|||&raquo; animation_style=&raquo;zoom&raquo; animation_direction=&raquo;right&raquo; animation_duration=&raquo;1250ms&raquo; animation_delay=&raquo;500ms&raquo; animation_intensity_zoom=&raquo;6%&raquo; animation_starting_opacity=&raquo;100%&raquo; box_shadow_style=&raquo;preset3&#8243; box_shadow_color=&raquo;rgba(0,0,0,0.1)&raquo; always_center_on_mobile=&raquo;off&raquo; global_colors_info=&raquo;{}&raquo;][\/et_pb_image][\/et_pb_column][et_pb_column type=&raquo;1_2&#8243; _builder_version=&raquo;4.16&#8243; background_color_gradient_direction=&raquo;35deg&raquo; background_color_gradient_start=&raquo;#ff6a88&#8243; background_color_gradient_end=&raquo;#ff99ac&raquo; custom_padding=&raquo;|60px||&raquo; global_colors_info=&raquo;{}&raquo; custom_padding__hover=&raquo;|||&raquo;][et_pb_text _builder_version=&raquo;4.16.1&#8243; text_font=&raquo;||||||||&raquo; header_font=&raquo;||||||||&raquo; header_text_align=&raquo;left&raquo; header_text_color=&raquo;#2b2b2b&raquo; header_line_height=&raquo;1.3em&raquo; header_2_font=&raquo;Exo|300|||||||&raquo; header_2_text_align=&raquo;left&raquo; header_2_text_color=&raquo;#023047&#8243; header_2_font_size=&raquo;42px&raquo; header_2_letter_spacing=&raquo;1px&raquo; text_orientation=&raquo;center&raquo; module_alignment=&raquo;center&raquo; custom_margin=&raquo;||10px|&raquo; animation_style=&raquo;slide&raquo; animation_duration=&raquo;1250ms&raquo; animation_delay=&raquo;250ms&raquo; global_colors_info=&raquo;{}&raquo;]<\/p>\n<h2>V\u00e5t badstue<\/h2>\n<p>[\/et_pb_text][et_pb_divider color=&raquo;#ffb703&#8243; divider_weight=&raquo;3px&raquo; disabled_on=&raquo;on|on|off&raquo; _builder_version=&raquo;4.16&#8243; max_width=&raquo;90px&raquo; module_alignment=&raquo;left&raquo; height=&raquo;10px&raquo; custom_margin=&raquo;||20px|&raquo; animation_style=&raquo;slide&raquo; animation_direction=&raquo;bottom&raquo; animation_duration=&raquo;1250ms&raquo; animation_delay=&raquo;300ms&raquo; locked=&raquo;off&raquo; global_colors_info=&raquo;{}&raquo;][\/et_pb_divider][et_pb_text _builder_version=&raquo;4.16&#8243; text_font=&raquo;|300|||||||&raquo; text_text_color=&raquo;#023047&#8243; text_font_size=&raquo;18px&raquo; text_line_height=&raquo;1.8em&raquo; header_font=&raquo;||||||||&raquo; header_2_font=&raquo;||||||||&raquo; module_alignment=&raquo;center&raquo; custom_margin=&raquo;||30px|&raquo; global_colors_info=&raquo;{}&raquo;]<\/p>\n<p>En v\u00e5t badstue er en type badstue som er preget av et fuktig milj\u00f8 &#8211; luftfuktigheten er opptil 40 %, og temperaturen svinger mellom 65-70 grader Celsius<\/p>\n<p>Sammenlignet med en tradisjonell t\u00f8rrbadstue, sier folk at disse badstuene har en tendens til \u00e5 gi dypere avslapning og gi lindring fra forkj\u00f8lelse eller luftveisproblemer.<\/p>\n<p>P\u00e5 grunn av forholdene som r\u00e5der i den, anbefales disse badstuene for personer som er plaget av t\u00f8rr og varm luft.<\/p>\n<p>[\/et_pb_text][\/et_pb_column][\/et_pb_row][et_pb_row column_structure=&raquo;1_2,1_2&#8243; _builder_version=&raquo;4.17.3&#8243; module_alignment=&raquo;center&raquo; custom_margin=&raquo;||40px||false|false&raquo; custom_padding=&raquo;||50px||false|false&raquo; global_colors_info=&raquo;{}&raquo;][et_pb_column type=&raquo;1_2&#8243; _builder_version=&raquo;4.16&#8243; background_color_gradient_direction=&raquo;35deg&raquo; background_color_gradient_start=&raquo;#ff6a88&#8243; background_color_gradient_end=&raquo;#ff99ac&raquo; custom_padding=&raquo;|60px||&raquo; global_colors_info=&raquo;{}&raquo; custom_padding__hover=&raquo;|||&raquo;][et_pb_text _builder_version=&raquo;4.17.3&#8243; text_font=&raquo;||||||||&raquo; header_font=&raquo;||||||||&raquo; header_text_align=&raquo;left&raquo; header_text_color=&raquo;#2b2b2b&raquo; header_line_height=&raquo;1.3em&raquo; header_2_font=&raquo;Exo|300|||||||&raquo; header_2_text_align=&raquo;left&raquo; header_2_text_color=&raquo;#023047&#8243; header_2_font_size=&raquo;42px&raquo; header_2_letter_spacing=&raquo;1px&raquo; text_orientation=&raquo;center&raquo; module_alignment=&raquo;center&raquo; custom_margin=&raquo;||10px|&raquo; animation_style=&raquo;slide&raquo; animation_duration=&raquo;1250ms&raquo; animation_delay=&raquo;250ms&raquo; global_colors_info=&raquo;{}&raquo;]<\/p>\n<h2>Dampbadstue<\/h2>\n<p>[\/et_pb_text][et_pb_divider color=&raquo;#ffb703&#8243; divider_weight=&raquo;3px&raquo; disabled_on=&raquo;on|on|off&raquo; _builder_version=&raquo;4.16&#8243; max_width=&raquo;90px&raquo; module_alignment=&raquo;left&raquo; height=&raquo;10px&raquo; custom_margin=&raquo;||20px|&raquo; animation_style=&raquo;slide&raquo; animation_direction=&raquo;bottom&raquo; animation_duration=&raquo;1250ms&raquo; animation_delay=&raquo;300ms&raquo; locked=&raquo;off&raquo; global_colors_info=&raquo;{}&raquo;][\/et_pb_divider][et_pb_text _builder_version=&raquo;4.16&#8243; text_font=&raquo;|300|||||||&raquo; text_text_color=&raquo;#023047&#8243; text_font_size=&raquo;18px&raquo; text_line_height=&raquo;1.8em&raquo; header_font=&raquo;||||||||&raquo; header_2_font=&raquo;||||||||&raquo; module_alignment=&raquo;center&raquo; custom_margin=&raquo;||30px|&raquo; global_colors_info=&raquo;{}&raquo;]<\/p>\n<p>En dampbadstue er en utmerket m\u00e5te \u00e5 fjerne giftstoffer fra kroppen p\u00e5 og f\u00e5r deg til \u00e5 f\u00f8le deg oppfrisket takket v\u00e6re dens naturlige rensende effekter.<\/p>\n<p>Dampbadstuen sies \u00e5 gi lindring fra stress, forkj\u00f8lelse og influensa, leddgikt og andre luftveisproblemer. <br \/>Ved regelmessig bruk av dampbadstuen kan du normalisere blodtrykket, smerter for\u00e5rsaket av muskelspasmer, leddsmerter og s\u00f8vnl\u00f8shet.<\/p>\n<p>I tillegg vil det hjelpe deg \u00e5 g\u00e5 ned i vekt ved \u00e5 svette giftstoffer som er akkumulert i kroppen din.<\/p>\n<p>[\/et_pb_text][\/et_pb_column][et_pb_column type=&raquo;1_2&#8243; _builder_version=&raquo;4.16&#8243; use_background_color_gradient=&raquo;on&raquo; background_color_gradient_direction=&raquo;143deg&raquo; background_color_gradient_stops=&raquo;#1c5baa 0%|#8ecae6 100%&raquo; background_color_gradient_start=&raquo;#1c5baa&raquo; background_color_gradient_end=&raquo;#8ecae6&#8243; custom_padding=&raquo;|||&raquo; animation_style=&raquo;zoom&raquo; animation_duration=&raquo;1250ms&raquo; animation_delay=&raquo;450ms&raquo; global_colors_info=&raquo;{}&raquo; custom_padding__hover=&raquo;|||&raquo;][et_pb_image src=&raquo;https:\/\/poolbox.eu\/wp-content\/uploads\/2022\/05\/sauna_parowa.jpg&raquo; title_text=&raquo;dampbadstue&raquo; align=&raquo;center&raquo; _builder_version=&raquo;4.17.3&#8243; custom_margin=&raquo;-40px|40px|40px|-40px&raquo; custom_padding=&raquo;|||&raquo; animation_style=&raquo;zoom&raquo; animation_direction=&raquo;right&raquo; animation_duration=&raquo;1250ms&raquo; animation_delay=&raquo;500ms&raquo; animation_intensity_zoom=&raquo;6%&raquo; animation_starting_opacity=&raquo;100%&raquo; box_shadow_style=&raquo;preset3&#8243; box_shadow_color=&raquo;rgba(0,0,0,0.1)&raquo; always_center_on_mobile=&raquo;off&raquo; global_colors_info=&raquo;{}&raquo;][\/et_pb_image][\/et_pb_column][\/et_pb_row][et_pb_row column_structure=&raquo;1_2,1_2&#8243; _builder_version=&raquo;4.17.3&#8243; module_alignment=&raquo;center&raquo; custom_margin=&raquo;||40px||false|false&raquo; custom_padding=&raquo;||50px||false|false&raquo; global_colors_info=&raquo;{}&raquo;][et_pb_column type=&raquo;1_2&#8243; _builder_version=&raquo;4.16&#8243; use_background_color_gradient=&raquo;on&raquo; background_color_gradient_direction=&raquo;143deg&raquo; background_color_gradient_stops=&raquo;#1c5baa 0%|#8ecae6 100%&raquo; background_color_gradient_start=&raquo;#1c5baa&raquo; background_color_gradient_end=&raquo;#8ecae6&#8243; custom_padding=&raquo;|||&raquo; animation_style=&raquo;zoom&raquo; animation_duration=&raquo;1250ms&raquo; animation_delay=&raquo;450ms&raquo; global_colors_info=&raquo;{}&raquo; custom_padding__hover=&raquo;|||&raquo;][et_pb_image src=&raquo;https:\/\/poolbox.eu\/wp-content\/uploads\/2022\/05\/Sauna_infrared.jpg&raquo; title_text=&raquo;Sauna_infrar\u00f8d&raquo; align=&raquo;center&raquo; _builder_version=&raquo;4.17.3&#8243; custom_margin=&raquo;-40px|40px|40px|-40px&raquo; custom_padding=&raquo;|||&raquo; animation_style=&raquo;zoom&raquo; animation_direction=&raquo;right&raquo; animation_duration=&raquo;1250ms&raquo; animation_delay=&raquo;500ms&raquo; animation_intensity_zoom=&raquo;6%&raquo; animation_starting_opacity=&raquo;100%&raquo; box_shadow_style=&raquo;preset3&#8243; box_shadow_color=&raquo;rgba(0,0,0,0.1)&raquo; always_center_on_mobile=&raquo;off&raquo; global_colors_info=&raquo;{}&raquo;][\/et_pb_image][\/et_pb_column][et_pb_column type=&raquo;1_2&#8243; _builder_version=&raquo;4.16&#8243; background_color_gradient_direction=&raquo;35deg&raquo; background_color_gradient_start=&raquo;#ff6a88&#8243; background_color_gradient_end=&raquo;#ff99ac&raquo; custom_padding=&raquo;|60px||&raquo; global_colors_info=&raquo;{}&raquo; custom_padding__hover=&raquo;|||&raquo;][et_pb_text _builder_version=&raquo;4.17.3&#8243; text_font=&raquo;||||||||&raquo; header_font=&raquo;||||||||&raquo; header_text_align=&raquo;left&raquo; header_text_color=&raquo;#2b2b2b&raquo; header_line_height=&raquo;1.3em&raquo; header_2_font=&raquo;Exo|300|||||||&raquo; header_2_text_align=&raquo;left&raquo; header_2_text_color=&raquo;#023047&#8243; header_2_font_size=&raquo;42px&raquo; header_2_letter_spacing=&raquo;1px&raquo; text_orientation=&raquo;center&raquo; module_alignment=&raquo;center&raquo; custom_margin=&raquo;||10px|&raquo; animation_style=&raquo;slide&raquo; animation_duration=&raquo;1250ms&raquo; animation_delay=&raquo;250ms&raquo; global_colors_info=&raquo;{}&raquo;]<\/p>\n<h2>infrar\u00f8d badstue<\/h2>\n<p>[\/et_pb_text][et_pb_divider color=&raquo;#ffb703&#8243; divider_weight=&raquo;3px&raquo; disabled_on=&raquo;on|on|off&raquo; _builder_version=&raquo;4.16&#8243; max_width=&raquo;90px&raquo; module_alignment=&raquo;left&raquo; height=&raquo;10px&raquo; custom_margin=&raquo;||20px|&raquo; animation_style=&raquo;slide&raquo; animation_direction=&raquo;bottom&raquo; animation_duration=&raquo;1250ms&raquo; animation_delay=&raquo;300ms&raquo; locked=&raquo;off&raquo; global_colors_info=&raquo;{}&raquo;][\/et_pb_divider][et_pb_text _builder_version=&raquo;4.16&#8243; text_font=&raquo;|300|||||||&raquo; text_text_color=&raquo;#023047&#8243; text_font_size=&raquo;18px&raquo; text_line_height=&raquo;1.8em&raquo; header_font=&raquo;||||||||&raquo; header_2_font=&raquo;||||||||&raquo; module_alignment=&raquo;center&raquo; custom_margin=&raquo;||30px|&raquo; global_colors_info=&raquo;{}&raquo;]<\/p>\n<p>Infrar\u00f8d saunaterapi er en fantastisk m\u00e5te \u00e5 \u00f8ke helsen din, redusere stress og \u00f8ke energien din.<\/p>\n<p>Det hjelper med \u00e5 eliminere giftstoffer fra kroppen og lindrer smerte ved \u00e5 styrke musklene p\u00e5 grunn av dypere penetrasjon enn tradisjonell badstue. <br \/>Infrar\u00f8d varme varmer deg innenfra uten engang \u00e5 varme opp luften rundt deg.<\/p>\n<p>Infrar\u00f8d badstuebehandling p\u00e5virker cellemetabolismen, \u00f8ker oksygenniv\u00e5et og blodstr\u00f8mmen til vev og organer.<\/p>\n<p>&nbsp;<\/p>\n<p>[\/et_pb_text][\/et_pb_column][\/et_pb_row][\/et_pb_section]<\/p>\n","protected":false},"excerpt":{"rendered":"<p>BadstuerT\u00f8rr badstueEn t\u00f8rrbadstue er en perfekt l\u00f8sning for folk som leter etter en effektiv, komfortabel og trygg m\u00e5te \u00e5 svette p\u00e5, den vil hjelpe deg \u00e5 bli kvitt cellulitter og fjerne giftstoffer fra kroppen. Denne enheten lar deg raskt og enkelt kvitte deg med ekstra v\u00e6ske i kroppen. Alt takket v\u00e6re det unike designet, som [&hellip;]<\/p>\n","protected":false},"author":1,"featured_media":0,"parent":0,"menu_order":0,"comment_status":"closed","ping_status":"closed","template":"","meta":{"_et_pb_use_builder":"on","_et_pb_old_content":"","_et_gb_content_width":"","footnotes":""},"class_list":["post-28670","page","type-page","status-publish","hentry"],"_links":{"self":[{"href":"https:\/\/poolbox.eu\/no\/wp-json\/wp\/v2\/pages\/28670","targetHints":{"allow":["GET"]}}],"collection":[{"href":"https:\/\/poolbox.eu\/no\/wp-json\/wp\/v2\/pages"}],"about":[{"href":"https:\/\/poolbox.eu\/no\/wp-json\/wp\/v2\/types\/page"}],"author":[{"embeddable":true,"href":"https:\/\/poolbox.eu\/no\/wp-json\/wp\/v2\/users\/1"}],"replies":[{"embeddable":true,"href":"https:\/\/poolbox.eu\/no\/wp-json\/wp\/v2\/comments?post=28670"}],"version-history":[{"count":3,"href":"https:\/\/poolbox.eu\/no\/wp-json\/wp\/v2\/pages\/28670\/revisions"}],"predecessor-version":[{"id":28678,"href":"https:\/\/poolbox.eu\/no\/wp-json\/wp\/v2\/pages\/28670\/revisions\/28678"}],"wp:attachment":[{"href":"https:\/\/poolbox.eu\/no\/wp-json\/wp\/v2\/media?parent=28670"}],"curies":[{"name":"wp","href":"https:\/\/api.w.org\/{rel}","templated":true}]}}