{"id":28938,"date":"2023-04-20T11:35:07","date_gmt":"2023-04-20T09:35:07","guid":{"rendered":"https:\/\/poolbox.eu\/poolbox-1300-2"},"modified":"2023-05-10T12:51:53","modified_gmt":"2023-05-10T10:51:53","slug":"poolbox-1300-2","status":"publish","type":"page","link":"https:\/\/poolbox.eu\/no\/poolbox-1300-2","title":{"rendered":"PoolBox 1300"},"content":{"rendered":"<p>[et_pb_section fb_built=&raquo;1&#8243; _builder_version=&raquo;4.16&#8243; _module_preset=&raquo;default&raquo; use_background_color_gradient=&raquo;on&raquo; background_color_gradient_stops=&raquo;rgba(22,22,22,0.28) 0%|rgba(22,22,22,0.62) 100%&raquo; background_color_gradient_overlays_image=&raquo;on&raquo; background_color_gradient_start=&raquo;rgba(22,22,22,0.28)&raquo; background_color_gradient_end=&raquo;rgba(22,22,22,0.62)&raquo; background_image=&raquo;https:\/\/poolbox.eu\/wp-content\/uploads\/2022\/01\/foto_bg_1.jpg&raquo; global_colors_info=&raquo;{}&raquo;][et_pb_row _builder_version=&raquo;4.16&#8243; _module_preset=&raquo;default&raquo; global_colors_info=&raquo;{}&raquo;][et_pb_column type=&raquo;4_4&#8243; _builder_version=&raquo;4.16&#8243; _module_preset=&raquo;default&raquo; global_colors_info=&raquo;{}&raquo;][et_pb_text module_class=&raquo;h1_home&raquo; _builder_version=&raquo;4.16.1&#8243; _module_preset=&raquo;default&raquo; header_font=&raquo;Exo|600||on|||||&raquo; header_text_color=&raquo;#ffffff&raquo; header_font_size=&raquo;65px&raquo; custom_margin=&raquo;||0px||false|false&raquo; header_font_size_tablet=&raquo;64px&raquo; header_font_size_phone=&raquo;48px&raquo; header_font_size_last_edited=&raquo;on|tablet&raquo; global_colors_info=&raquo;{}&raquo;]<\/p>\n<h1> POOLBOX 1300<\/h1>\n<p>[\/et_pb_text][\/et_pb_column][\/et_pb_row][\/et_pb_section][et_pb_section fb_built=&raquo;1&#8243; _builder_version=&raquo;4.16&#8243; custom_padding=&raquo;|||&raquo; global_colors_info=&raquo;{}&raquo;][et_pb_row column_structure=&raquo;1_2,1_2&#8243; use_custom_gutter=&raquo;on&raquo; _builder_version=&raquo;4.16.1&#8243; max_width=&raquo;1280px&raquo; custom_margin=&raquo;|||&raquo; custom_padding=&raquo;|||&raquo; use_custom_width=&raquo;on&raquo; custom_width_px=&raquo;1280px&raquo; global_colors_info=&raquo;{}&raquo;][et_pb_column type=&raquo;1_2&#8243; _builder_version=&raquo;4.16&#8243; custom_padding=&raquo;|||&raquo; global_colors_info=&raquo;{}&raquo; custom_padding__hover=&raquo;|||&raquo;][et_pb_image src=&raquo;https:\/\/poolbox.eu\/wp-content\/uploads\/2022\/03\/13m_basen_kacik_wypoczynkowy_widok_1.jpg&raquo; title_text=&raquo;13m_sv\u00f8mmebasseng_rekreasjonshj\u00f8rne_utsikt_1&#8243; show_in_lightbox=&raquo;on&raquo; use_overlay=&raquo;on&raquo; overlay_icon_color=&raquo;rgba(0,0,0,0.22)&raquo; hover_overlay_color=&raquo;rgba(255,255,255,0.29)&raquo; align=&raquo;center&raquo; align_tablet=&raquo;center&raquo; align_phone=&raquo;center&raquo; align_last_edited=&raquo;on|desktop&raquo; _builder_version=&raquo;4.16.1&#8243; custom_margin=&raquo;||||false|false&raquo; animation_style=&raquo;slide&raquo; animation_direction=&raquo;bottom&raquo; animation_intensity_slide=&raquo;4%&raquo; global_colors_info=&raquo;{}&raquo;][\/et_pb_image][\/et_pb_column][et_pb_column type=&raquo;1_2&#8243; _builder_version=&raquo;4.16&#8243; custom_padding=&raquo;|||&raquo; global_colors_info=&raquo;{}&raquo; custom_padding__hover=&raquo;|||&raquo;][et_pb_image src=&raquo;https:\/\/poolbox.eu\/wp-content\/uploads\/2022\/03\/13m_basen_kacik_wypoczynkowy_widok_2.jpg&raquo; title_text=&raquo;13m_pool_relaxation_corner_view_2&#8243; show_in_lightbox=&raquo;on&raquo; use_overlay=&raquo;on&raquo; overlay_icon_color=&raquo;rgba(0,0,0,0.22)&raquo; hover_overlay_color=&raquo;rgba(255,255,255,0.29)&raquo; align=&raquo;center&raquo; align_tablet=&raquo;&raquo; align_phone=&raquo;center&raquo; align_last_edited=&raquo;on|desktop&raquo; _builder_version=&raquo;4.16.1&#8243; custom_margin=&raquo;||||false|false&raquo; animation_style=&raquo;slide&raquo; animation_direction=&raquo;bottom&raquo; animation_intensity_slide=&raquo;4%&raquo; locked=&raquo;off&raquo; global_colors_info=&raquo;{}&raquo;][\/et_pb_image][\/et_pb_column][\/et_pb_row][et_pb_row _builder_version=&raquo;4.16.1&#8243; _module_preset=&raquo;default&raquo; global_colors_info=&raquo;{}&raquo;][et_pb_column type=&raquo;4_4&#8243; _builder_version=&raquo;4.16.1&#8243; _module_preset=&raquo;default&raquo; global_colors_info=&raquo;{}&raquo;][et_pb_text _builder_version=&raquo;4.20.4&#8243; _module_preset=&raquo;default&raquo; text_font=&raquo;Exo|300|||||||&raquo; text_text_color=&raquo;#023047&#8243; text_font_size=&raquo;26px&raquo; text_letter_spacing=&raquo;1px&raquo; text_orientation=&raquo;center&raquo; global_colors_info=&raquo;{}&raquo;]<\/p>\n<p>POOLBOX 13&#215;4.3 sv\u00f8mmebasseng med jacuzzi + salongomr\u00e5de<\/p>\n<p>[\/et_pb_text][\/et_pb_column][\/et_pb_row][et_pb_row _builder_version=&raquo;4.16.1&#8243; _module_preset=&raquo;default&raquo; global_colors_info=&raquo;{}&raquo;][et_pb_column type=&raquo;4_4&#8243; _builder_version=&raquo;4.16.1&#8243; _module_preset=&raquo;default&raquo; global_colors_info=&raquo;{}&raquo;][et_pb_divider color=&raquo;#8ecae6&#8243; _builder_version=&raquo;4.16.1&#8243; _module_preset=&raquo;default&raquo; global_colors_info=&raquo;{}&raquo;][\/et_pb_divider][\/et_pb_column][\/et_pb_row][et_pb_row column_structure=&raquo;1_2,1_2&#8243; use_custom_gutter=&raquo;on&raquo; _builder_version=&raquo;4.16&#8243; max_width=&raquo;1280px&raquo; custom_margin=&raquo;|||&raquo; custom_padding=&raquo;|||&raquo; use_custom_width=&raquo;on&raquo; custom_width_px=&raquo;1280px&raquo; global_colors_info=&raquo;{}&raquo;][et_pb_column type=&raquo;1_2&#8243; _builder_version=&raquo;4.16&#8243; custom_padding=&raquo;|||&raquo; global_colors_info=&raquo;{}&raquo; custom_padding__hover=&raquo;|||&raquo;][et_pb_image src=&raquo;https:\/\/poolbox.eu\/wp-content\/uploads\/2022\/03\/13m_basen_sauna_widok_1.jpg&raquo; title_text=&raquo;13m_pool_sauna_view_1&#8243; show_in_lightbox=&raquo;on&raquo; use_overlay=&raquo;on&raquo; overlay_icon_color=&raquo;rgba(0,0,0,0.22)&raquo; hover_overlay_color=&raquo;rgba(255,255,255,0.29)&raquo; align=&raquo;center&raquo; align_tablet=&raquo;center&raquo; align_phone=&raquo;center&raquo; align_last_edited=&raquo;on|desktop&raquo; _builder_version=&raquo;4.16.1&#8243; custom_margin=&raquo;||||false|false&raquo; animation_style=&raquo;slide&raquo; animation_direction=&raquo;bottom&raquo; animation_intensity_slide=&raquo;4%&raquo; locked=&raquo;off&raquo; global_colors_info=&raquo;{}&raquo;][\/et_pb_image][\/et_pb_column][et_pb_column type=&raquo;1_2&#8243; _builder_version=&raquo;4.16&#8243; custom_padding=&raquo;|||&raquo; global_colors_info=&raquo;{}&raquo; custom_padding__hover=&raquo;|||&raquo;][et_pb_image src=&raquo;https:\/\/poolbox.eu\/wp-content\/uploads\/2022\/03\/13m_basen_sauna_widok_2.jpg&raquo; title_text=&raquo;13m_pool_sauna_view_2&#8243; show_in_lightbox=&raquo;on&raquo; use_overlay=&raquo;on&raquo; overlay_icon_color=&raquo;rgba(0,0,0,0.22)&raquo; hover_overlay_color=&raquo;rgba(255,255,255,0.29)&raquo; align=&raquo;center&raquo; align_tablet=&raquo;center&raquo; align_phone=&raquo;center&raquo; align_last_edited=&raquo;on|desktop&raquo; _builder_version=&raquo;4.16.1&#8243; custom_margin=&raquo;||||false|false&raquo; animation_style=&raquo;slide&raquo; animation_direction=&raquo;bottom&raquo; animation_intensity_slide=&raquo;4%&raquo; locked=&raquo;off&raquo; global_colors_info=&raquo;{}&raquo;][\/et_pb_image][\/et_pb_column][\/et_pb_row][et_pb_row _builder_version=&raquo;4.16.1&#8243; _module_preset=&raquo;default&raquo; global_colors_info=&raquo;{}&raquo;][et_pb_column type=&raquo;4_4&#8243; _builder_version=&raquo;4.16.1&#8243; _module_preset=&raquo;default&raquo; global_colors_info=&raquo;{}&raquo;][et_pb_text _builder_version=&raquo;4.20.4&#8243; _module_preset=&raquo;default&raquo; text_font=&raquo;Exo|300|||||||&raquo; text_text_color=&raquo;#023047&#8243; text_font_size=&raquo;26px&raquo; text_letter_spacing=&raquo;1px&raquo; text_orientation=&raquo;center&raquo; global_colors_info=&raquo;{}&raquo;]<\/p>\n<p>POOLBOX 13&#215;4,3 sv\u00f8mmebasseng med jacuzzi + badstue<\/p>\n<p>[\/et_pb_text][\/et_pb_column][\/et_pb_row][et_pb_row _builder_version=&raquo;4.16.1&#8243; _module_preset=&raquo;default&raquo; global_colors_info=&raquo;{}&raquo;][et_pb_column type=&raquo;4_4&#8243; _builder_version=&raquo;4.16.1&#8243; _module_preset=&raquo;default&raquo; global_colors_info=&raquo;{}&raquo;][et_pb_divider color=&raquo;#8ecae6&#8243; _builder_version=&raquo;4.16.1&#8243; _module_preset=&raquo;default&raquo; global_colors_info=&raquo;{}&raquo;][\/et_pb_divider][\/et_pb_column][\/et_pb_row][et_pb_row column_structure=&raquo;1_2,1_2&#8243; use_custom_gutter=&raquo;on&raquo; _builder_version=&raquo;4.16&#8243; max_width=&raquo;1280px&raquo; custom_margin=&raquo;|||&raquo; custom_padding=&raquo;|||&raquo; use_custom_width=&raquo;on&raquo; custom_width_px=&raquo;1280px&raquo; global_colors_info=&raquo;{}&raquo;][et_pb_column type=&raquo;1_2&#8243; _builder_version=&raquo;4.16&#8243; custom_padding=&raquo;|||&raquo; global_colors_info=&raquo;{}&raquo; custom_padding__hover=&raquo;|||&raquo;][et_pb_image src=&raquo;https:\/\/poolbox.eu\/wp-content\/uploads\/2022\/03\/13m_jacuzzi_sauna_kacik_wypoczynkowy_widok_1.jpg&raquo; title_text=&raquo;13m_jacuzzi_sauna_relaxation_corner_view_1&#8243; show_in_lightbox=&raquo;on&raquo; use_overlay=&raquo;on&raquo; overlay_icon_color=&raquo;rgba(0,0,0,0.22)&raquo; hover_overlay_color=&raquo;rgba(255,255,255,0.29)&raquo; align=&raquo;center&raquo; align_tablet=&raquo;center&raquo; align_phone=&raquo;center&raquo; align_last_edited=&raquo;on|desktop&raquo; _builder_version=&raquo;4.16.1&#8243; custom_margin=&raquo;||||false|false&raquo; animation_style=&raquo;slide&raquo; animation_direction=&raquo;bottom&raquo; animation_intensity_slide=&raquo;4%&raquo; locked=&raquo;off&raquo; global_colors_info=&raquo;{}&raquo;][\/et_pb_image][\/et_pb_column][et_pb_column type=&raquo;1_2&#8243; _builder_version=&raquo;4.16&#8243; custom_padding=&raquo;|||&raquo; global_colors_info=&raquo;{}&raquo; custom_padding__hover=&raquo;|||&raquo;][et_pb_image src=&raquo;https:\/\/poolbox.eu\/wp-content\/uploads\/2022\/03\/13m_jacuzzi_sauna_kacik_wypoczynkowy_widok_2.jpg&raquo; title_text=&raquo;13m_jacuzzi_sauna_relaxation_corner_view_2&#8243; show_in_lightbox=&raquo;on&raquo; use_overlay=&raquo;on&raquo; overlay_icon_color=&raquo;rgba(0,0,0,0.22)&raquo; hover_overlay_color=&raquo;rgba(255,255,255,0.29)&raquo; align=&raquo;center&raquo; align_tablet=&raquo;center&raquo; align_phone=&raquo;center&raquo; align_last_edited=&raquo;on|desktop&raquo; _builder_version=&raquo;4.16.1&#8243; custom_margin=&raquo;||||false|false&raquo; animation_style=&raquo;slide&raquo; animation_direction=&raquo;bottom&raquo; animation_intensity_slide=&raquo;4%&raquo; locked=&raquo;off&raquo; global_colors_info=&raquo;{}&raquo;][\/et_pb_image][\/et_pb_column][\/et_pb_row][et_pb_row _builder_version=&raquo;4.16.1&#8243; _module_preset=&raquo;default&raquo; global_colors_info=&raquo;{}&raquo;][et_pb_column type=&raquo;4_4&#8243; _builder_version=&raquo;4.16.1&#8243; _module_preset=&raquo;default&raquo; global_colors_info=&raquo;{}&raquo;][et_pb_text _builder_version=&raquo;4.20.4&#8243; _module_preset=&raquo;default&raquo; text_font=&raquo;Exo|300|||||||&raquo; text_text_color=&raquo;#023047&#8243; text_font_size=&raquo;26px&raquo; text_letter_spacing=&raquo;1px&raquo; text_orientation=&raquo;center&raquo; global_colors_info=&raquo;{}&raquo;]<\/p>\n<p>POOLBOX 13&#215;4,3 boblebad + badstue + avslapningsomr\u00e5de<\/p>\n<p>[\/et_pb_text][\/et_pb_column][\/et_pb_row][et_pb_row _builder_version=&raquo;4.16.1&#8243; _module_preset=&raquo;default&raquo; global_colors_info=&raquo;{}&raquo;][et_pb_column type=&raquo;4_4&#8243; _builder_version=&raquo;4.16.1&#8243; _module_preset=&raquo;default&raquo; global_colors_info=&raquo;{}&raquo;][et_pb_divider color=&raquo;#8ecae6&#8243; _builder_version=&raquo;4.16.1&#8243; _module_preset=&raquo;default&raquo; global_colors_info=&raquo;{}&raquo;][\/et_pb_divider][\/et_pb_column][\/et_pb_row][et_pb_row column_structure=&raquo;1_2,1_2&#8243; use_custom_gutter=&raquo;on&raquo; _builder_version=&raquo;4.16&#8243; max_width=&raquo;1280px&raquo; custom_margin=&raquo;|||&raquo; custom_padding=&raquo;|||&raquo; use_custom_width=&raquo;on&raquo; custom_width_px=&raquo;1280px&raquo; global_colors_info=&raquo;{}&raquo;][et_pb_column type=&raquo;1_2&#8243; _builder_version=&raquo;4.16&#8243; custom_padding=&raquo;|||&raquo; global_colors_info=&raquo;{}&raquo; custom_padding__hover=&raquo;|||&raquo;][et_pb_image src=&raquo;https:\/\/poolbox.eu\/wp-content\/uploads\/2022\/11\/13m_basen_grill_bar_widok_1.jpg&raquo; title_text=&raquo;13m_pool_grill_bar_view_1&#8243; show_in_lightbox=&raquo;on&raquo; use_overlay=&raquo;on&raquo; overlay_icon_color=&raquo;rgba(0,0,0,0.22)&raquo; hover_overlay_color=&raquo;rgba(255,255,255,0.29)&raquo; align=&raquo;center&raquo; align_tablet=&raquo;center&raquo; align_phone=&raquo;center&raquo; align_last_edited=&raquo;on|desktop&raquo; _builder_version=&raquo;4.19.0&#8243; custom_margin=&raquo;||||false|false&raquo; animation_style=&raquo;slide&raquo; animation_direction=&raquo;bottom&raquo; animation_intensity_slide=&raquo;4%&raquo; locked=&raquo;off&raquo; global_colors_info=&raquo;{}&raquo;][\/et_pb_image][\/et_pb_column][et_pb_column type=&raquo;1_2&#8243; _builder_version=&raquo;4.16&#8243; custom_padding=&raquo;|||&raquo; global_colors_info=&raquo;{}&raquo; custom_padding__hover=&raquo;|||&raquo;][et_pb_image src=&raquo;https:\/\/poolbox.eu\/wp-content\/uploads\/2022\/11\/13m_basen_grill_bar_widok_2.jpg&raquo; title_text=&raquo;13m_pool_grill_bar_view_2&#8243; show_in_lightbox=&raquo;on&raquo; use_overlay=&raquo;on&raquo; overlay_icon_color=&raquo;rgba(0,0,0,0.22)&raquo; hover_overlay_color=&raquo;rgba(255,255,255,0.29)&raquo; align=&raquo;center&raquo; align_tablet=&raquo;center&raquo; align_phone=&raquo;center&raquo; align_last_edited=&raquo;on|desktop&raquo; _builder_version=&raquo;4.19.0&#8243; custom_margin=&raquo;||||false|false&raquo; animation_style=&raquo;slide&raquo; animation_direction=&raquo;bottom&raquo; animation_intensity_slide=&raquo;4%&raquo; locked=&raquo;off&raquo; global_colors_info=&raquo;{}&raquo;][\/et_pb_image][\/et_pb_column][\/et_pb_row][et_pb_row _builder_version=&raquo;4.16.1&#8243; _module_preset=&raquo;default&raquo; global_colors_info=&raquo;{}&raquo;][et_pb_column type=&raquo;4_4&#8243; _builder_version=&raquo;4.16.1&#8243; _module_preset=&raquo;default&raquo; global_colors_info=&raquo;{}&raquo;][et_pb_text _builder_version=&raquo;4.20.4&#8243; _module_preset=&raquo;default&raquo; text_font=&raquo;Exo|300|||||||&raquo; text_text_color=&raquo;#023047&#8243; text_font_size=&raquo;26px&raquo; text_letter_spacing=&raquo;1px&raquo; text_orientation=&raquo;center&raquo; global_colors_info=&raquo;{}&raquo;]<\/p>\n<p>POOLBOX 13&#215;4,3 sv\u00f8mmebasseng + grillbar<\/p>\n<p>[\/et_pb_text][\/et_pb_column][\/et_pb_row][et_pb_row _builder_version=&raquo;4.16.1&#8243; _module_preset=&raquo;default&raquo; global_colors_info=&raquo;{}&raquo;][et_pb_column type=&raquo;4_4&#8243; _builder_version=&raquo;4.16.1&#8243; _module_preset=&raquo;default&raquo; global_colors_info=&raquo;{}&raquo;][et_pb_divider color=&raquo;#8ecae6&#8243; _builder_version=&raquo;4.16.1&#8243; _module_preset=&raquo;default&raquo; global_colors_info=&raquo;{}&raquo;][\/et_pb_divider][\/et_pb_column][\/et_pb_row][et_pb_row column_structure=&raquo;1_2,1_2&#8243; use_custom_gutter=&raquo;on&raquo; _builder_version=&raquo;4.16&#8243; max_width=&raquo;1280px&raquo; custom_margin=&raquo;|||&raquo; custom_padding=&raquo;|||&raquo; use_custom_width=&raquo;on&raquo; custom_width_px=&raquo;1280px&raquo; global_colors_info=&raquo;{}&raquo;][et_pb_column type=&raquo;1_2&#8243; _builder_version=&raquo;4.16&#8243; custom_padding=&raquo;|||&raquo; global_colors_info=&raquo;{}&raquo; custom_padding__hover=&raquo;|||&raquo;][et_pb_image src=&raquo;https:\/\/poolbox.eu\/wp-content\/uploads\/2023\/05\/rehabilitacja_13m_rzut_1.jpg&raquo; title_text=&raquo;rehabilitacja_13m_rzut_1&#8243; show_in_lightbox=&raquo;on&raquo; use_overlay=&raquo;on&raquo; overlay_icon_color=&raquo;rgba(0,0,0,0.22)&raquo; hover_overlay_color=&raquo;rgba(255,255,255,0.29)&raquo; align=&raquo;center&raquo; align_tablet=&raquo;center&raquo; align_phone=&raquo;center&raquo; align_last_edited=&raquo;on|desktop&raquo; _builder_version=&raquo;4.20.4&#8243; custom_margin=&raquo;||||false|false&raquo; animation_style=&raquo;slide&raquo; animation_direction=&raquo;bottom&raquo; animation_intensity_slide=&raquo;4%&raquo; hover_enabled=&raquo;0&#8243; locked=&raquo;off&raquo; global_colors_info=&raquo;{}&raquo; sticky_enabled=&raquo;0&#8243;][\/et_pb_image][\/et_pb_column][et_pb_column type=&raquo;1_2&#8243; _builder_version=&raquo;4.16&#8243; custom_padding=&raquo;|||&raquo; global_colors_info=&raquo;{}&raquo; custom_padding__hover=&raquo;|||&raquo;][et_pb_image src=&raquo;https:\/\/poolbox.eu\/wp-content\/uploads\/2023\/05\/rehabilitacja_13m_rzut_2.jpg&raquo; title_text=&raquo;rehabilitacja_13m_rzut_2&#8243; show_in_lightbox=&raquo;on&raquo; use_overlay=&raquo;on&raquo; overlay_icon_color=&raquo;rgba(0,0,0,0.22)&raquo; hover_overlay_color=&raquo;rgba(255,255,255,0.29)&raquo; align=&raquo;center&raquo; align_tablet=&raquo;center&raquo; align_phone=&raquo;center&raquo; align_last_edited=&raquo;on|desktop&raquo; _builder_version=&raquo;4.20.4&#8243; custom_margin=&raquo;||||false|false&raquo; animation_style=&raquo;slide&raquo; animation_direction=&raquo;bottom&raquo; animation_intensity_slide=&raquo;4%&raquo; hover_enabled=&raquo;0&#8243; locked=&raquo;off&raquo; global_colors_info=&raquo;{}&raquo; sticky_enabled=&raquo;0&#8243;][\/et_pb_image][\/et_pb_column][\/et_pb_row][et_pb_row _builder_version=&raquo;4.16.1&#8243; _module_preset=&raquo;default&raquo; global_colors_info=&raquo;{}&raquo;][et_pb_column type=&raquo;4_4&#8243; _builder_version=&raquo;4.16.1&#8243; _module_preset=&raquo;default&raquo; global_colors_info=&raquo;{}&raquo;][et_pb_text _builder_version=&raquo;4.20.4&#8243; _module_preset=&raquo;default&raquo; text_font=&raquo;Exo|300|||||||&raquo; text_text_color=&raquo;#023047&#8243; text_font_size=&raquo;26px&raquo; text_letter_spacing=&raquo;1px&raquo; text_orientation=&raquo;center&raquo; hover_enabled=&raquo;0&#8243; global_colors_info=&raquo;{}&raquo; sticky_enabled=&raquo;0&#8243;]<\/p>\n<p>POOLBOX 13&#215;4,3 Rehabilitacja<\/p>\n<p>[\/et_pb_text][et_pb_text _builder_version=&raquo;4.20.4&#8243; _module_preset=&raquo;default&raquo; hover_enabled=&raquo;0&#8243; sticky_enabled=&raquo;0&#8243; text_font=&raquo;|300|||||||&raquo; text_font_size=&raquo;18px&raquo; text_line_height=&raquo;1.8em&raquo;]<\/p>\n<p>PoolBox Creative Fitness &amp;SPA \u00ae\ufe0fdla klinik fizykoterapii oraz terapii sportowej.<\/p>\n<p>Wyr\u00f3\u017cnij swoj\u0105 klinik\u0119, popraw wyniki leczenia swoich pacjent\u00f3w i przyci\u0105gnij nowych klient\u00f3w jednocze\u015bnie generuj\u0105c znaczny przych\u00f3d dzi\u0119ki w\u0142\u0105czeniu terapii k\u0105pielami lodowymi oraz treningom w wodzie.<\/p>\n<p><strong>POOLBOX REHABILITATION 1300<\/strong> wyposa\u017cone w urz\u0105dzenia :<br \/>&#8211; pionowa kolumna elektryczna do podnoszenia os\u00f3b niepe\u0142nosprawnych<br \/>&#8211; basen z mechaniczn\u0105 bie\u017cni\u0105 do trening\u00f3w w wodzie<br \/>&#8211; basen lodowy do krioterapii<br \/>&#8211; sauna sucha, parowa lub infrared do zwi\u0119kszenia ilo\u015bci czerwonych krwinek, efektywniejszej gospodarki tlenowej, wzmo\u017conego uwalniania endorfin, kortyzolu i amin katecholowych, obni\u017cenie napi\u0119cia mi\u0119\u015bni oskrzeli, przyspieszenie proces\u00f3w przemiany materii i regeneracji powysi\u0142kowej, poprawa wydolno\u015bci oraz wyra\u017anie odczuwalny efekt pobudzenia i \u015bwie\u017co\u015bci.<\/p>\n<p>[\/et_pb_text][\/et_pb_column][\/et_pb_row][et_pb_row _builder_version=&raquo;4.16&#8243; background_size=&raquo;initial&raquo; background_position=&raquo;top_left&raquo; background_repeat=&raquo;repeat&raquo; global_colors_info=&raquo;{}&raquo;][et_pb_column type=&raquo;4_4&#8243; _builder_version=&raquo;4.16&#8243; custom_padding=&raquo;|||&raquo; global_colors_info=&raquo;{}&raquo; custom_padding__hover=&raquo;|||&raquo;][et_pb_text _builder_version=&raquo;4.20.4&#8243; text_font=&raquo;|300|||||||&raquo; text_text_color=&raquo;#023047&#8243; text_font_size=&raquo;18px&raquo; text_line_height=&raquo;1.8em&raquo; header_font=&raquo;||||||||&raquo; header_2_font=&raquo;||||||||&raquo; text_orientation=&raquo;center&raquo; max_width=&raquo;1080px&raquo; module_alignment=&raquo;center&raquo; hover_enabled=&raquo;0&#8243; global_colors_info=&raquo;{}&raquo; sticky_enabled=&raquo;0&#8243;]<\/p>\n<blockquote>\n<p style=\"text-align: left;\">Modellene presentert ovenfor er eksempler, det er kunden som bestemmer den endelige konfigurasjonen av den kj\u00f8pte modellen.<\/p>\n<\/blockquote>\n<p>[\/et_pb_text][\/et_pb_column][\/et_pb_row][et_pb_row _builder_version=&raquo;4.18.0&#8243; _module_preset=&raquo;default&raquo; global_colors_info=&raquo;{}&raquo;][et_pb_column type=&raquo;4_4&#8243; _builder_version=&raquo;4.18.0&#8243; _module_preset=&raquo;default&raquo; global_colors_info=&raquo;{}&raquo;][et_pb_code _builder_version=&raquo;4.18.0&#8243; _module_preset=&raquo;default&raquo; global_colors_info=&raquo;{}&raquo;][\/et_pb_code][\/et_pb_column][\/et_pb_row][\/et_pb_section]<\/p>\n","protected":false},"excerpt":{"rendered":"<p>POOLBOX 1300POOLBOX 13&#215;4.3 sv\u00f8mmebasseng med jacuzzi + salongomr\u00e5dePOOLBOX 13&#215;4,3 sv\u00f8mmebasseng med jacuzzi + badstuePOOLBOX 13&#215;4,3 boblebad + badstue + avslapningsomr\u00e5dePOOLBOX 13&#215;4,3 sv\u00f8mmebasseng + grillbarPOOLBOX 13&#215;4,3 RehabilitacjaPoolBox Creative Fitness &amp;SPA \u00ae\ufe0fdla klinik fizykoterapii oraz terapii sportowej. Wyr\u00f3\u017cnij swoj\u0105 klinik\u0119, popraw wyniki leczenia swoich pacjent\u00f3w i przyci\u0105gnij nowych klient\u00f3w jednocze\u015bnie generuj\u0105c znaczny przych\u00f3d dzi\u0119ki w\u0142\u0105czeniu terapii k\u0105pielami [&hellip;]<\/p>\n","protected":false},"author":1,"featured_media":0,"parent":0,"menu_order":0,"comment_status":"closed","ping_status":"closed","template":"","meta":{"_et_pb_use_builder":"on","_et_pb_old_content":"","_et_gb_content_width":"","footnotes":""},"class_list":["post-28938","page","type-page","status-publish","hentry"],"_links":{"self":[{"href":"https:\/\/poolbox.eu\/no\/wp-json\/wp\/v2\/pages\/28938","targetHints":{"allow":["GET"]}}],"collection":[{"href":"https:\/\/poolbox.eu\/no\/wp-json\/wp\/v2\/pages"}],"about":[{"href":"https:\/\/poolbox.eu\/no\/wp-json\/wp\/v2\/types\/page"}],"author":[{"embeddable":true,"href":"https:\/\/poolbox.eu\/no\/wp-json\/wp\/v2\/users\/1"}],"replies":[{"embeddable":true,"href":"https:\/\/poolbox.eu\/no\/wp-json\/wp\/v2\/comments?post=28938"}],"version-history":[{"count":5,"href":"https:\/\/poolbox.eu\/no\/wp-json\/wp\/v2\/pages\/28938\/revisions"}],"predecessor-version":[{"id":30682,"href":"https:\/\/poolbox.eu\/no\/wp-json\/wp\/v2\/pages\/28938\/revisions\/30682"}],"wp:attachment":[{"href":"https:\/\/poolbox.eu\/no\/wp-json\/wp\/v2\/media?parent=28938"}],"curies":[{"name":"wp","href":"https:\/\/api.w.org\/{rel}","templated":true}]}}