{"id":28672,"date":"2022-04-23T01:40:42","date_gmt":"2022-04-22T23:40:42","guid":{"rendered":"https:\/\/poolbox.eu\/bastu"},"modified":"2023-04-27T13:08:29","modified_gmt":"2023-04-27T11:08:29","slug":"bastu","status":"publish","type":"page","link":"https:\/\/poolbox.eu\/sv\/bastu","title":{"rendered":"Bastu"},"content":{"rendered":"<p>[et_pb_section fb_built=&#8221;1&#8243; _builder_version=&#8221;4.16&#8243; _module_preset=&#8221;default&#8221; use_background_color_gradient=&#8221;on&#8221; background_color_gradient_stops=&#8221;rgba(22,22,22,0.28) 0%|rgba(22,22,22,0.62) 100%&#8221; background_color_gradient_overlays_image=&#8221;on&#8221; background_color_gradient_start=&#8221;rgba(22,22,22,0.28)&#8221; background_color_gradient_end=&#8221;rgba(22,22,22,0.62)&#8221; background_image=&#8221;https:\/\/poolbox.eu\/wp-content\/uploads\/2022\/01\/foto_bg_1.jpg&#8221; global_colors_info=&#8221;{}&#8221;][et_pb_row _builder_version=&#8221;4.16&#8243; _module_preset=&#8221;default&#8221; global_colors_info=&#8221;{}&#8221;][et_pb_column type=&#8221;4_4&#8243; _builder_version=&#8221;4.16&#8243; _module_preset=&#8221;default&#8221; global_colors_info=&#8221;{}&#8221;][et_pb_text module_class=&#8221;h1_home&#8221; _builder_version=&#8221;4.16.1&#8243; _module_preset=&#8221;default&#8221; header_font=&#8221;Exo|600||on|||||&#8221; header_text_color=&#8221;#ffffff&#8221; header_font_size=&#8221;65px&#8221; custom_margin=&#8221;||0px||false|false&#8221; header_font_size_tablet=&#8221;64px&#8221; header_font_size_phone=&#8221;48px&#8221; header_font_size_last_edited=&#8221;on|tablet&#8221; global_colors_info=&#8221;{}&#8221;]<\/p>\n<h1>SAUNAS<\/h1>\n<p>[\/et_pb_text][\/et_pb_column][\/et_pb_row][\/et_pb_section][et_pb_section fb_built=&#8221;1&#8243; admin_label=&#8221;About Us &#8221; _builder_version=&#8221;4.16.1&#8243; background_enable_image=&#8221;off&#8221; custom_padding=&#8221;110px|0px|60px|0px||&#8221; global_colors_info=&#8221;{}&#8221;][et_pb_row column_structure=&#8221;1_2,1_2&#8243; _builder_version=&#8221;4.17.3&#8243; module_alignment=&#8221;center&#8221; custom_margin=&#8221;||40px||false|false&#8221; custom_padding=&#8221;||50px||false|false&#8221; global_colors_info=&#8221;{}&#8221;][et_pb_column type=&#8221;1_2&#8243; _builder_version=&#8221;4.16&#8243; background_color_gradient_direction=&#8221;35deg&#8221; background_color_gradient_start=&#8221;#ff6a88&#8243; background_color_gradient_end=&#8221;#ff99ac&#8221; custom_padding=&#8221;|60px||&#8221; global_colors_info=&#8221;{}&#8221; custom_padding__hover=&#8221;|||&#8221;][et_pb_text _builder_version=&#8221;4.16.1&#8243; text_font=&#8221;||||||||&#8221; header_font=&#8221;||||||||&#8221; header_text_align=&#8221;left&#8221; header_text_color=&#8221;#2b2b2b&#8221; header_line_height=&#8221;1.3em&#8221; header_2_font=&#8221;Exo|300|||||||&#8221; header_2_text_align=&#8221;left&#8221; header_2_text_color=&#8221;#023047&#8243; header_2_font_size=&#8221;42px&#8221; header_2_letter_spacing=&#8221;1px&#8221; text_orientation=&#8221;center&#8221; module_alignment=&#8221;center&#8221; custom_margin=&#8221;||10px|&#8221; animation_style=&#8221;slide&#8221; animation_duration=&#8221;1250ms&#8221; animation_delay=&#8221;250ms&#8221; global_colors_info=&#8221;{}&#8221;]<\/p>\n<h2>Torr bastu<\/h2>\n<p>[\/et_pb_text][et_pb_divider color=&#8221;#ffb703&#8243; divider_weight=&#8221;3px&#8221; disabled_on=&#8221;on|on|off&#8221; _builder_version=&#8221;4.16&#8243; max_width=&#8221;90px&#8221; module_alignment=&#8221;left&#8221; height=&#8221;10px&#8221; custom_margin=&#8221;||20px|&#8221; animation_style=&#8221;slide&#8221; animation_direction=&#8221;bottom&#8221; animation_duration=&#8221;1250ms&#8221; animation_delay=&#8221;300ms&#8221; locked=&#8221;off&#8221; global_colors_info=&#8221;{}&#8221;][\/et_pb_divider][et_pb_text _builder_version=&#8221;4.16&#8243; text_font=&#8221;|300|||||||&#8221; text_text_color=&#8221;#023047&#8243; text_font_size=&#8221;18px&#8221; text_line_height=&#8221;1.8em&#8221; header_font=&#8221;||||||||&#8221; header_2_font=&#8221;||||||||&#8221; module_alignment=&#8221;center&#8221; custom_margin=&#8221;||30px|&#8221; global_colors_info=&#8221;{}&#8221;]<\/p>\n<p>En torrbastu \u00e4r den perfekta l\u00f6sningen f\u00f6r personer som s\u00f6ker ett effektivt, bekv\u00e4mt och s\u00e4kert s\u00e4tt att svettas, hj\u00e4lpa dig att bli av med celluliter och avl\u00e4gsna gifter fr\u00e5n kroppen.<\/p>\n<p>Med den h\u00e4r apparaten kan du snabbt och enkelt bli av med extra v\u00e4tska i kroppen. Allt detta tack vare den unika konstruktionen, som s\u00e4kerst\u00e4ller en h\u00f6gkvalitativ luftkomposition och l\u00e4ngre exponeringstider.<\/p>\n<p>V\u00e4rmen genereras genom att br\u00e4nna ved, tr\u00e4kol eller torv i spisen.<\/p>\n<p>[\/et_pb_text][\/et_pb_column][et_pb_column type=&#8221;1_2&#8243; _builder_version=&#8221;4.16&#8243; use_background_color_gradient=&#8221;on&#8221; background_color_gradient_direction=&#8221;143deg&#8221; background_color_gradient_stops=&#8221;#1c5baa 0%|#8ecae6 100%&#8221; background_color_gradient_start=&#8221;#1c5baa&#8221; background_color_gradient_end=&#8221;#8ecae6&#8243; custom_padding=&#8221;|||&#8221; animation_style=&#8221;zoom&#8221; animation_duration=&#8221;1250ms&#8221; animation_delay=&#8221;450ms&#8221; global_colors_info=&#8221;{}&#8221; custom_padding__hover=&#8221;|||&#8221;][et_pb_image src=&#8221;https:\/\/poolbox.eu\/wp-content\/uploads\/2022\/05\/sauna_sucha.jpg&#8221; title_text=&#8221;bastu\/torr&#8221; align=&#8221;center&#8221; _builder_version=&#8221;4.17.3&#8243; custom_margin=&#8221;-40px|40px|40px|-40px&#8221; custom_padding=&#8221;|||&#8221; animation_style=&#8221;zoom&#8221; animation_direction=&#8221;right&#8221; animation_duration=&#8221;1250ms&#8221; animation_delay=&#8221;500ms&#8221; animation_intensity_zoom=&#8221;6%&#8221; animation_starting_opacity=&#8221;100%&#8221; box_shadow_style=&#8221;preset3&#8243; box_shadow_color=&#8221;rgba(0,0,0,0.1)&#8221; always_center_on_mobile=&#8221;off&#8221; global_colors_info=&#8221;{}&#8221;][\/et_pb_image][\/et_pb_column][\/et_pb_row][et_pb_row column_structure=&#8221;1_2,1_2&#8243; _builder_version=&#8221;4.17.3&#8243; module_alignment=&#8221;center&#8221; custom_margin=&#8221;||40px||false|false&#8221; custom_padding=&#8221;||50px||false|false&#8221; global_colors_info=&#8221;{}&#8221;][et_pb_column type=&#8221;1_2&#8243; _builder_version=&#8221;4.16&#8243; use_background_color_gradient=&#8221;on&#8221; background_color_gradient_direction=&#8221;143deg&#8221; background_color_gradient_stops=&#8221;#1c5baa 0%|#8ecae6 100%&#8221; background_color_gradient_start=&#8221;#1c5baa&#8221; background_color_gradient_end=&#8221;#8ecae6&#8243; custom_padding=&#8221;|||&#8221; animation_style=&#8221;zoom&#8221; animation_duration=&#8221;1250ms&#8221; animation_delay=&#8221;450ms&#8221; global_colors_info=&#8221;{}&#8221; custom_padding__hover=&#8221;|||&#8221;][et_pb_image src=&#8221;https:\/\/poolbox.eu\/wp-content\/uploads\/2022\/05\/sauna_mokra.jpg&#8221; title_text=&#8221;bastu\/v\u00e5t&#8221; align=&#8221;center&#8221; _builder_version=&#8221;4.17.3&#8243; custom_margin=&#8221;-40px|40px|40px|-40px&#8221; custom_padding=&#8221;|||&#8221; animation_style=&#8221;zoom&#8221; animation_direction=&#8221;right&#8221; animation_duration=&#8221;1250ms&#8221; animation_delay=&#8221;500ms&#8221; animation_intensity_zoom=&#8221;6%&#8221; animation_starting_opacity=&#8221;100%&#8221; box_shadow_style=&#8221;preset3&#8243; box_shadow_color=&#8221;rgba(0,0,0,0.1)&#8221; always_center_on_mobile=&#8221;off&#8221; global_colors_info=&#8221;{}&#8221;][\/et_pb_image][\/et_pb_column][et_pb_column type=&#8221;1_2&#8243; _builder_version=&#8221;4.16&#8243; background_color_gradient_direction=&#8221;35deg&#8221; background_color_gradient_start=&#8221;#ff6a88&#8243; background_color_gradient_end=&#8221;#ff99ac&#8221; custom_padding=&#8221;|60px||&#8221; global_colors_info=&#8221;{}&#8221; custom_padding__hover=&#8221;|||&#8221;][et_pb_text _builder_version=&#8221;4.16.1&#8243; text_font=&#8221;||||||||&#8221; header_font=&#8221;||||||||&#8221; header_text_align=&#8221;left&#8221; header_text_color=&#8221;#2b2b2b&#8221; header_line_height=&#8221;1.3em&#8221; header_2_font=&#8221;Exo|300|||||||&#8221; header_2_text_align=&#8221;left&#8221; header_2_text_color=&#8221;#023047&#8243; header_2_font_size=&#8221;42px&#8221; header_2_letter_spacing=&#8221;1px&#8221; text_orientation=&#8221;center&#8221; module_alignment=&#8221;center&#8221; custom_margin=&#8221;||10px|&#8221; animation_style=&#8221;slide&#8221; animation_duration=&#8221;1250ms&#8221; animation_delay=&#8221;250ms&#8221; global_colors_info=&#8221;{}&#8221;]<\/p>\n<h2>V\u00e5t bastu<\/h2>\n<p>[\/et_pb_text][et_pb_divider color=&#8221;#ffb703&#8243; divider_weight=&#8221;3px&#8221; disabled_on=&#8221;on|on|off&#8221; _builder_version=&#8221;4.16&#8243; max_width=&#8221;90px&#8221; module_alignment=&#8221;left&#8221; height=&#8221;10px&#8221; custom_margin=&#8221;||20px|&#8221; animation_style=&#8221;slide&#8221; animation_direction=&#8221;bottom&#8221; animation_duration=&#8221;1250ms&#8221; animation_delay=&#8221;300ms&#8221; locked=&#8221;off&#8221; global_colors_info=&#8221;{}&#8221;][\/et_pb_divider][et_pb_text _builder_version=&#8221;4.16&#8243; text_font=&#8221;|300|||||||&#8221; text_text_color=&#8221;#023047&#8243; text_font_size=&#8221;18px&#8221; text_line_height=&#8221;1.8em&#8221; header_font=&#8221;||||||||&#8221; header_2_font=&#8221;||||||||&#8221; module_alignment=&#8221;center&#8221; custom_margin=&#8221;||30px|&#8221; global_colors_info=&#8221;{}&#8221;]<\/p>\n<p>Den v\u00e5ta bastun \u00e4r en typ av bastu som k\u00e4nnetecknas av en fuktig milj\u00f6 &#8211; luftfuktigheten \u00e4r upp till 40 % och temperaturen varierar mellan 65-70 grader Celsius.<\/p>\n<p>J\u00e4mf\u00f6rt med en traditionell torrbastu s\u00e4ger man att dessa bastur tenderar att ge djupare avslappning och lindra f\u00f6rkylningar och luftv\u00e4gsproblem.<\/p>\n<p>P\u00e5 grund av f\u00f6rh\u00e5llandena i basturna \u00e4r dessa bastur l\u00e4mpliga f\u00f6r personer som st\u00f6rs av torr och varm luft.<\/p>\n<p>[\/et_pb_text][\/et_pb_column][\/et_pb_row][et_pb_row column_structure=&#8221;1_2,1_2&#8243; _builder_version=&#8221;4.17.3&#8243; module_alignment=&#8221;center&#8221; custom_margin=&#8221;||40px||false|false&#8221; custom_padding=&#8221;||50px||false|false&#8221; global_colors_info=&#8221;{}&#8221;][et_pb_column type=&#8221;1_2&#8243; _builder_version=&#8221;4.16&#8243; background_color_gradient_direction=&#8221;35deg&#8221; background_color_gradient_start=&#8221;#ff6a88&#8243; background_color_gradient_end=&#8221;#ff99ac&#8221; custom_padding=&#8221;|60px||&#8221; global_colors_info=&#8221;{}&#8221; custom_padding__hover=&#8221;|||&#8221;][et_pb_text _builder_version=&#8221;4.17.3&#8243; text_font=&#8221;||||||||&#8221; header_font=&#8221;||||||||&#8221; header_text_align=&#8221;left&#8221; header_text_color=&#8221;#2b2b2b&#8221; header_line_height=&#8221;1.3em&#8221; header_2_font=&#8221;Exo|300|||||||&#8221; header_2_text_align=&#8221;left&#8221; header_2_text_color=&#8221;#023047&#8243; header_2_font_size=&#8221;42px&#8221; header_2_letter_spacing=&#8221;1px&#8221; text_orientation=&#8221;center&#8221; module_alignment=&#8221;center&#8221; custom_margin=&#8221;||10px|&#8221; animation_style=&#8221;slide&#8221; animation_duration=&#8221;1250ms&#8221; animation_delay=&#8221;250ms&#8221; global_colors_info=&#8221;{}&#8221;]<\/p>\n<h2>\u00c5ngbastu<\/h2>\n<p>[\/et_pb_text][et_pb_divider color=&#8221;#ffb703&#8243; divider_weight=&#8221;3px&#8221; disabled_on=&#8221;on|on|off&#8221; _builder_version=&#8221;4.16&#8243; max_width=&#8221;90px&#8221; module_alignment=&#8221;left&#8221; height=&#8221;10px&#8221; custom_margin=&#8221;||20px|&#8221; animation_style=&#8221;slide&#8221; animation_direction=&#8221;bottom&#8221; animation_duration=&#8221;1250ms&#8221; animation_delay=&#8221;300ms&#8221; locked=&#8221;off&#8221; global_colors_info=&#8221;{}&#8221;][\/et_pb_divider][et_pb_text _builder_version=&#8221;4.16&#8243; text_font=&#8221;|300|||||||&#8221; text_text_color=&#8221;#023047&#8243; text_font_size=&#8221;18px&#8221; text_line_height=&#8221;1.8em&#8221; header_font=&#8221;||||||||&#8221; header_2_font=&#8221;||||||||&#8221; module_alignment=&#8221;center&#8221; custom_margin=&#8221;||30px|&#8221; global_colors_info=&#8221;{}&#8221;]<\/p>\n<p>\u00c5ngbastun \u00e4r ett utm\u00e4rkt s\u00e4tt att avl\u00e4gsna gifter fr\u00e5n kroppen och f\u00e5r dig att k\u00e4nna dig vitaliserad tack vare dess naturliga reningseffekter.<\/p>\n<p>\u00c5ngbastun s\u00e4gs lindra stress, f\u00f6rkylning och influensa, artrit och andra luftv\u00e4gsproblem.  <br \/>Med regelbunden anv\u00e4ndning av \u00e5ngbastun kan blodtrycket, sm\u00e4rta fr\u00e5n muskelspasmer, ledv\u00e4rk och s\u00f6mnl\u00f6shet normaliseras.<\/p>\n<p>Dessutom hj\u00e4lper den dig att g\u00e5 ner i vikt genom att svettas ut de ackumulerade gifterna i kroppen.<\/p>\n<p>[\/et_pb_text][\/et_pb_column][et_pb_column type=&#8221;1_2&#8243; _builder_version=&#8221;4.16&#8243; use_background_color_gradient=&#8221;on&#8221; background_color_gradient_direction=&#8221;143deg&#8221; background_color_gradient_stops=&#8221;#1c5baa 0%|#8ecae6 100%&#8221; background_color_gradient_start=&#8221;#1c5baa&#8221; background_color_gradient_end=&#8221;#8ecae6&#8243; custom_padding=&#8221;|||&#8221; animation_style=&#8221;zoom&#8221; animation_duration=&#8221;1250ms&#8221; animation_delay=&#8221;450ms&#8221; global_colors_info=&#8221;{}&#8221; custom_padding__hover=&#8221;|||&#8221;][et_pb_image src=&#8221;https:\/\/poolbox.eu\/wp-content\/uploads\/2022\/05\/sauna_parowa.jpg&#8221; title_text=&#8221;bastu_\u00e5nga&#8221; align=&#8221;center&#8221; _builder_version=&#8221;4.17.3&#8243; custom_margin=&#8221;-40px|40px|40px|-40px&#8221; custom_padding=&#8221;|||&#8221; animation_style=&#8221;zoom&#8221; animation_direction=&#8221;right&#8221; animation_duration=&#8221;1250ms&#8221; animation_delay=&#8221;500ms&#8221; animation_intensity_zoom=&#8221;6%&#8221; animation_starting_opacity=&#8221;100%&#8221; box_shadow_style=&#8221;preset3&#8243; box_shadow_color=&#8221;rgba(0,0,0,0.1)&#8221; always_center_on_mobile=&#8221;off&#8221; global_colors_info=&#8221;{}&#8221;][\/et_pb_image][\/et_pb_column][\/et_pb_row][et_pb_row column_structure=&#8221;1_2,1_2&#8243; _builder_version=&#8221;4.17.3&#8243; module_alignment=&#8221;center&#8221; custom_margin=&#8221;||40px||false|false&#8221; custom_padding=&#8221;||50px||false|false&#8221; global_colors_info=&#8221;{}&#8221;][et_pb_column type=&#8221;1_2&#8243; _builder_version=&#8221;4.16&#8243; use_background_color_gradient=&#8221;on&#8221; background_color_gradient_direction=&#8221;143deg&#8221; background_color_gradient_stops=&#8221;#1c5baa 0%|#8ecae6 100%&#8221; background_color_gradient_start=&#8221;#1c5baa&#8221; background_color_gradient_end=&#8221;#8ecae6&#8243; custom_padding=&#8221;|||&#8221; animation_style=&#8221;zoom&#8221; animation_duration=&#8221;1250ms&#8221; animation_delay=&#8221;450ms&#8221; global_colors_info=&#8221;{}&#8221; custom_padding__hover=&#8221;|||&#8221;][et_pb_image src=&#8221;https:\/\/poolbox.eu\/wp-content\/uploads\/2022\/05\/Sauna_infrared.jpg&#8221; title_text=&#8221;Bastu_infrar\u00f6d&#8221; align=&#8221;center&#8221; _builder_version=&#8221;4.17.3&#8243; custom_margin=&#8221;-40px|40px|40px|-40px&#8221; custom_padding=&#8221;|||&#8221; animation_style=&#8221;zoom&#8221; animation_direction=&#8221;right&#8221; animation_duration=&#8221;1250ms&#8221; animation_delay=&#8221;500ms&#8221; animation_intensity_zoom=&#8221;6%&#8221; animation_starting_opacity=&#8221;100%&#8221; box_shadow_style=&#8221;preset3&#8243; box_shadow_color=&#8221;rgba(0,0,0,0.1)&#8221; always_center_on_mobile=&#8221;off&#8221; global_colors_info=&#8221;{}&#8221;][\/et_pb_image][\/et_pb_column][et_pb_column type=&#8221;1_2&#8243; _builder_version=&#8221;4.16&#8243; background_color_gradient_direction=&#8221;35deg&#8221; background_color_gradient_start=&#8221;#ff6a88&#8243; background_color_gradient_end=&#8221;#ff99ac&#8221; custom_padding=&#8221;|60px||&#8221; global_colors_info=&#8221;{}&#8221; custom_padding__hover=&#8221;|||&#8221;][et_pb_text _builder_version=&#8221;4.17.3&#8243; text_font=&#8221;||||||||&#8221; header_font=&#8221;||||||||&#8221; header_text_align=&#8221;left&#8221; header_text_color=&#8221;#2b2b2b&#8221; header_line_height=&#8221;1.3em&#8221; header_2_font=&#8221;Exo|300|||||||&#8221; header_2_text_align=&#8221;left&#8221; header_2_text_color=&#8221;#023047&#8243; header_2_font_size=&#8221;42px&#8221; header_2_letter_spacing=&#8221;1px&#8221; text_orientation=&#8221;center&#8221; module_alignment=&#8221;center&#8221; custom_margin=&#8221;||10px|&#8221; animation_style=&#8221;slide&#8221; animation_duration=&#8221;1250ms&#8221; animation_delay=&#8221;250ms&#8221; global_colors_info=&#8221;{}&#8221;]<\/p>\n<h2>Infrar\u00f6d bastu<\/h2>\n<p>[\/et_pb_text][et_pb_divider color=&#8221;#ffb703&#8243; divider_weight=&#8221;3px&#8221; disabled_on=&#8221;on|on|off&#8221; _builder_version=&#8221;4.16&#8243; max_width=&#8221;90px&#8221; module_alignment=&#8221;left&#8221; height=&#8221;10px&#8221; custom_margin=&#8221;||20px|&#8221; animation_style=&#8221;slide&#8221; animation_direction=&#8221;bottom&#8221; animation_duration=&#8221;1250ms&#8221; animation_delay=&#8221;300ms&#8221; locked=&#8221;off&#8221; global_colors_info=&#8221;{}&#8221;][\/et_pb_divider][et_pb_text _builder_version=&#8221;4.16&#8243; text_font=&#8221;|300|||||||&#8221; text_text_color=&#8221;#023047&#8243; text_font_size=&#8221;18px&#8221; text_line_height=&#8221;1.8em&#8221; header_font=&#8221;||||||||&#8221; header_2_font=&#8221;||||||||&#8221; module_alignment=&#8221;center&#8221; custom_margin=&#8221;||30px|&#8221; global_colors_info=&#8221;{}&#8221;]<\/p>\n<p>Infrar\u00f6d bastu \u00e4r ett fantastiskt s\u00e4tt att \u00f6ka h\u00e4lsan, minska stressen och \u00f6ka energin.<\/p>\n<p>Den hj\u00e4lper till att eliminera gifter fr\u00e5n kroppen och lindrar sm\u00e4rta genom att st\u00e4rka musklerna genom djupare penetration \u00e4n en traditionell bastu.  <br \/>Infrar\u00f6d v\u00e4rme v\u00e4rmer dig inifr\u00e5n utan att luften runt omkring dig v\u00e4rms upp.<\/p>\n<p>Behandlingar med infrar\u00f6d bastu p\u00e5verkar cellmetabolismen och \u00f6kar syrehalten och blodfl\u00f6det till v\u00e4vnader och organ.<\/p>\n<p>&nbsp;<\/p>\n<p>[\/et_pb_text][\/et_pb_column][\/et_pb_row][\/et_pb_section]<\/p>\n","protected":false},"excerpt":{"rendered":"<p>SAUNASTorr bastuEn torrbastu \u00e4r den perfekta l\u00f6sningen f\u00f6r personer som s\u00f6ker ett effektivt, bekv\u00e4mt och s\u00e4kert s\u00e4tt att svettas, hj\u00e4lpa dig att bli av med celluliter och avl\u00e4gsna gifter fr\u00e5n kroppen. Med den h\u00e4r apparaten kan du snabbt och enkelt bli av med extra v\u00e4tska i kroppen. Allt detta tack vare den unika konstruktionen, som [&hellip;]<\/p>\n","protected":false},"author":1,"featured_media":0,"parent":0,"menu_order":0,"comment_status":"closed","ping_status":"closed","template":"","meta":{"_et_pb_use_builder":"on","_et_pb_old_content":"","_et_gb_content_width":"","footnotes":""},"class_list":["post-28672","page","type-page","status-publish","hentry"],"_links":{"self":[{"href":"https:\/\/poolbox.eu\/sv\/wp-json\/wp\/v2\/pages\/28672","targetHints":{"allow":["GET"]}}],"collection":[{"href":"https:\/\/poolbox.eu\/sv\/wp-json\/wp\/v2\/pages"}],"about":[{"href":"https:\/\/poolbox.eu\/sv\/wp-json\/wp\/v2\/types\/page"}],"author":[{"embeddable":true,"href":"https:\/\/poolbox.eu\/sv\/wp-json\/wp\/v2\/users\/1"}],"replies":[{"embeddable":true,"href":"https:\/\/poolbox.eu\/sv\/wp-json\/wp\/v2\/comments?post=28672"}],"version-history":[{"count":3,"href":"https:\/\/poolbox.eu\/sv\/wp-json\/wp\/v2\/pages\/28672\/revisions"}],"predecessor-version":[{"id":28681,"href":"https:\/\/poolbox.eu\/sv\/wp-json\/wp\/v2\/pages\/28672\/revisions\/28681"}],"wp:attachment":[{"href":"https:\/\/poolbox.eu\/sv\/wp-json\/wp\/v2\/media?parent=28672"}],"curies":[{"name":"wp","href":"https:\/\/api.w.org\/{rel}","templated":true}]}}