{"id":28730,"date":"2022-09-20T13:48:34","date_gmt":"2022-09-20T11:48:34","guid":{"rendered":"https:\/\/poolbox.eu\/grillbar"},"modified":"2023-04-27T13:08:42","modified_gmt":"2023-04-27T11:08:42","slug":"grillbar","status":"publish","type":"page","link":"https:\/\/poolbox.eu\/sv\/grillbar","title":{"rendered":"Grillbar"},"content":{"rendered":"<p>[et_pb_section fb_built=&#8221;1&#8243; _builder_version=&#8221;4.16&#8243; _module_preset=&#8221;default&#8221; use_background_color_gradient=&#8221;on&#8221; background_color_gradient_stops=&#8221;rgba(22,22,22,0.28) 0%|rgba(22,22,22,0.62) 100%&#8221; background_color_gradient_overlays_image=&#8221;on&#8221; background_color_gradient_start=&#8221;rgba(22,22,22,0.28)&#8221; background_color_gradient_end=&#8221;rgba(22,22,22,0.62)&#8221; background_image=&#8221;https:\/\/poolbox.eu\/wp-content\/uploads\/2022\/01\/foto_bg_1.jpg&#8221; global_colors_info=&#8221;{}&#8221;][et_pb_row _builder_version=&#8221;4.16&#8243; _module_preset=&#8221;default&#8221; global_colors_info=&#8221;{}&#8221;][et_pb_column type=&#8221;4_4&#8243; _builder_version=&#8221;4.16&#8243; _module_preset=&#8221;default&#8221; global_colors_info=&#8221;{}&#8221;][et_pb_text module_class=&#8221;h1_home&#8221; _builder_version=&#8221;4.16.1&#8243; _module_preset=&#8221;default&#8221; header_font=&#8221;Exo|600||on|||||&#8221; header_text_color=&#8221;#ffffff&#8221; header_font_size=&#8221;65px&#8221; custom_margin=&#8221;||0px||false|false&#8221; header_font_size_tablet=&#8221;64px&#8221; header_font_size_phone=&#8221;48px&#8221; header_font_size_last_edited=&#8221;on|tablet&#8221; global_colors_info=&#8221;{}&#8221;]<\/p>\n<h1>Grillbar<\/h1>\n<p>[\/et_pb_text][\/et_pb_column][\/et_pb_row][\/et_pb_section][et_pb_section fb_built=&#8221;1&#8243; admin_label=&#8221;About Us &#8221; _builder_version=&#8221;4.16.1&#8243; background_enable_image=&#8221;off&#8221; custom_padding=&#8221;110px|0px|60px|0px||&#8221; global_colors_info=&#8221;{}&#8221;][et_pb_row column_structure=&#8221;1_2,1_2&#8243; _builder_version=&#8221;4.17.3&#8243; module_alignment=&#8221;center&#8221; custom_margin=&#8221;||40px||false|false&#8221; custom_padding=&#8221;||50px||false|false&#8221; global_colors_info=&#8221;{}&#8221;][et_pb_column type=&#8221;1_2&#8243; _builder_version=&#8221;4.16&#8243; background_color_gradient_direction=&#8221;35deg&#8221; background_color_gradient_start=&#8221;#ff6a88&#8243; background_color_gradient_end=&#8221;#ff99ac&#8221; custom_padding=&#8221;|60px||&#8221; global_colors_info=&#8221;{}&#8221; custom_padding__hover=&#8221;|||&#8221;][et_pb_text _builder_version=&#8221;4.18.0&#8243; text_font=&#8221;||||||||&#8221; header_font=&#8221;||||||||&#8221; header_text_align=&#8221;left&#8221; header_text_color=&#8221;#2b2b2b&#8221; header_line_height=&#8221;1.3em&#8221; header_2_font=&#8221;Exo|300|||||||&#8221; header_2_text_align=&#8221;left&#8221; header_2_text_color=&#8221;#023047&#8243; header_2_font_size=&#8221;42px&#8221; header_2_letter_spacing=&#8221;1px&#8221; text_orientation=&#8221;center&#8221; module_alignment=&#8221;center&#8221; custom_margin=&#8221;||10px|&#8221; animation_style=&#8221;slide&#8221; animation_duration=&#8221;1250ms&#8221; animation_delay=&#8221;250ms&#8221; global_colors_info=&#8221;{}&#8221;]<\/p>\n<h2>Grillbar<\/h2>\n<p>[\/et_pb_text][et_pb_divider color=&#8221;#ffb703&#8243; divider_weight=&#8221;3px&#8221; disabled_on=&#8221;on|on|off&#8221; _builder_version=&#8221;4.16&#8243; max_width=&#8221;90px&#8221; module_alignment=&#8221;left&#8221; height=&#8221;10px&#8221; custom_margin=&#8221;||20px|&#8221; animation_style=&#8221;slide&#8221; animation_direction=&#8221;bottom&#8221; animation_duration=&#8221;1250ms&#8221; animation_delay=&#8221;300ms&#8221; locked=&#8221;off&#8221; global_colors_info=&#8221;{}&#8221;][\/et_pb_divider][et_pb_text _builder_version=&#8221;4.16&#8243; text_font=&#8221;|300|||||||&#8221; text_text_color=&#8221;#023047&#8243; text_font_size=&#8221;18px&#8221; text_line_height=&#8221;1.8em&#8221; header_font=&#8221;||||||||&#8221; header_2_font=&#8221;||||||||&#8221; module_alignment=&#8221;center&#8221; custom_margin=&#8221;||30px|&#8221; global_colors_info=&#8221;{}&#8221;]<\/p>\n<p>Njut av en perfekt grillad m\u00e5ltid varje g\u00e5ng med Grill Bar.<\/p>\n<p>Med en gasolgrill blir det \u00e4nnu enklare att laga mat &#8211; det \u00e4r enkelt att starta och enkelt att reng\u00f6ra den, vilket g\u00f6r det \u00e4nnu bekv\u00e4mare f\u00f6r dig.<\/p>\n<p>Rummet \u00e4r fullt utrustat med en gasolgrill, inbyggda m\u00f6bler, diskb\u00e4nk, kylsk\u00e5p och diskmaskin f\u00f6r att du ska kunna njuta av all den komfort som ett s\u00e5dant rum erbjuder.<\/p>\n<p>[\/et_pb_text][\/et_pb_column][et_pb_column type=&#8221;1_2&#8243; _builder_version=&#8221;4.16&#8243; use_background_color_gradient=&#8221;on&#8221; background_color_gradient_direction=&#8221;143deg&#8221; background_color_gradient_stops=&#8221;#1c5baa 0%|#8ecae6 100%&#8221; background_color_gradient_start=&#8221;#1c5baa&#8221; background_color_gradient_end=&#8221;#8ecae6&#8243; custom_padding=&#8221;|||&#8221; animation_style=&#8221;zoom&#8221; animation_duration=&#8221;1250ms&#8221; animation_delay=&#8221;450ms&#8221; global_colors_info=&#8221;{}&#8221; custom_padding__hover=&#8221;|||&#8221;][et_pb_image src=&#8221;https:\/\/poolbox.eu\/wp-content\/uploads\/2022\/09\/grill_bar.jpg&#8221; title_text=&#8221;grill_bar&#8221; align=&#8221;center&#8221; _builder_version=&#8221;4.18.0&#8243; custom_margin=&#8221;-40px|40px|40px|-40px&#8221; custom_padding=&#8221;|||&#8221; animation_style=&#8221;zoom&#8221; animation_direction=&#8221;right&#8221; animation_duration=&#8221;1250ms&#8221; animation_delay=&#8221;500ms&#8221; animation_intensity_zoom=&#8221;6%&#8221; animation_starting_opacity=&#8221;100%&#8221; box_shadow_style=&#8221;preset3&#8243; box_shadow_color=&#8221;rgba(0,0,0,0.1)&#8221; always_center_on_mobile=&#8221;off&#8221; global_colors_info=&#8221;{}&#8221;][\/et_pb_image][\/et_pb_column][\/et_pb_row][et_pb_row column_structure=&#8221;1_2,1_2&#8243; use_custom_gutter=&#8221;on&#8221; _builder_version=&#8221;4.16.1&#8243; max_width=&#8221;1280px&#8221; custom_margin=&#8221;|||&#8221; custom_padding=&#8221;|||&#8221; use_custom_width=&#8221;on&#8221; custom_width_px=&#8221;1280px&#8221; global_colors_info=&#8221;{}&#8221; theme_builder_area=&#8221;post_content&#8221;][et_pb_column type=&#8221;1_2&#8243; _builder_version=&#8221;4.16&#8243; custom_padding=&#8221;|||&#8221; global_colors_info=&#8221;{}&#8221; custom_padding__hover=&#8221;|||&#8221; theme_builder_area=&#8221;post_content&#8221;][et_pb_image src=&#8221;https:\/\/poolbox.eu\/wp-content\/uploads\/2023\/01\/poolbox_1600.jpg&#8221; title_text=&#8221;poolbox_1600&#8243; show_in_lightbox=&#8221;on&#8221; use_overlay=&#8221;on&#8221; overlay_icon_color=&#8221;rgba(0,0,0,0.22)&#8221; hover_overlay_color=&#8221;rgba(255,255,255,0.29)&#8221; align=&#8221;center&#8221; align_tablet=&#8221;center&#8221; align_phone=&#8221;center&#8221; align_last_edited=&#8221;on|desktop&#8221; _builder_version=&#8221;4.19.4&#8243; custom_margin=&#8221;||||false|false&#8221; animation_style=&#8221;slide&#8221; animation_direction=&#8221;bottom&#8221; animation_intensity_slide=&#8221;4%&#8221; hover_enabled=&#8221;0&#8243; global_colors_info=&#8221;{}&#8221; theme_builder_area=&#8221;post_content&#8221; sticky_enabled=&#8221;0&#8243;][\/et_pb_image][\/et_pb_column][et_pb_column type=&#8221;1_2&#8243; _builder_version=&#8221;4.16&#8243; custom_padding=&#8221;|||&#8221; global_colors_info=&#8221;{}&#8221; custom_padding__hover=&#8221;|||&#8221; theme_builder_area=&#8221;post_content&#8221;][et_pb_image src=&#8221;https:\/\/poolbox.eu\/wp-content\/uploads\/2022\/11\/16m_basen_sauna_grill_bar_widok_1.jpg&#8221; title_text=&#8221;16m_basen_sauna_grill_bar_view_1&#8243; show_in_lightbox=&#8221;on&#8221; use_overlay=&#8221;on&#8221; overlay_icon_color=&#8221;rgba(0,0,0,0.22)&#8221; hover_overlay_color=&#8221;rgba(255,255,255,0.29)&#8221; align=&#8221;center&#8221; align_tablet=&#8221;&#8221; align_phone=&#8221;center&#8221; align_last_edited=&#8221;on|desktop&#8221; _builder_version=&#8221;4.19.4&#8243; custom_margin=&#8221;||||false|false&#8221; animation_style=&#8221;slide&#8221; animation_direction=&#8221;bottom&#8221; animation_intensity_slide=&#8221;4%&#8221; hover_enabled=&#8221;0&#8243; locked=&#8221;off&#8221; global_colors_info=&#8221;{}&#8221; theme_builder_area=&#8221;post_content&#8221; sticky_enabled=&#8221;0&#8243;][\/et_pb_image][\/et_pb_column][\/et_pb_row][et_pb_row column_structure=&#8221;1_2,1_2&#8243; use_custom_gutter=&#8221;on&#8221; _builder_version=&#8221;4.16.1&#8243; max_width=&#8221;1280px&#8221; custom_margin=&#8221;|||&#8221; custom_padding=&#8221;|||&#8221; use_custom_width=&#8221;on&#8221; custom_width_px=&#8221;1280px&#8221; global_colors_info=&#8221;{}&#8221; theme_builder_area=&#8221;post_content&#8221;][et_pb_column type=&#8221;1_2&#8243; _builder_version=&#8221;4.16&#8243; custom_padding=&#8221;|||&#8221; global_colors_info=&#8221;{}&#8221; custom_padding__hover=&#8221;|||&#8221; theme_builder_area=&#8221;post_content&#8221;][et_pb_image src=&#8221;https:\/\/poolbox.eu\/wp-content\/uploads\/2022\/01\/Poolbox_16m_otwarty_jtsz.jpg&#8221; title_text=&#8221;Poolbox_16m_open_jtsz&#8221; show_in_lightbox=&#8221;on&#8221; use_overlay=&#8221;on&#8221; overlay_icon_color=&#8221;rgba(0,0,0,0.22)&#8221; hover_overlay_color=&#8221;rgba(255,255,255,0.29)&#8221; align=&#8221;center&#8221; align_tablet=&#8221;center&#8221; align_phone=&#8221;center&#8221; align_last_edited=&#8221;on|desktop&#8221; _builder_version=&#8221;4.19.4&#8243; custom_margin=&#8221;||||false|false&#8221; animation_style=&#8221;slide&#8221; animation_direction=&#8221;bottom&#8221; animation_intensity_slide=&#8221;4%&#8221; hover_enabled=&#8221;0&#8243; global_colors_info=&#8221;{}&#8221; theme_builder_area=&#8221;post_content&#8221; sticky_enabled=&#8221;0&#8243;][\/et_pb_image][\/et_pb_column][et_pb_column type=&#8221;1_2&#8243; _builder_version=&#8221;4.16&#8243; custom_padding=&#8221;|||&#8221; global_colors_info=&#8221;{}&#8221; custom_padding__hover=&#8221;|||&#8221; theme_builder_area=&#8221;post_content&#8221;][et_pb_image src=&#8221;https:\/\/poolbox.eu\/wp-content\/uploads\/2022\/11\/13m_basen_grill_bar_widok_1.jpg&#8221; title_text=&#8221;13m_basen_grill_bar_widok_1&#8243; show_in_lightbox=&#8221;on&#8221; use_overlay=&#8221;on&#8221; overlay_icon_color=&#8221;rgba(0,0,0,0.22)&#8221; hover_overlay_color=&#8221;rgba(255,255,255,0.29)&#8221; align=&#8221;center&#8221; align_tablet=&#8221;&#8221; align_phone=&#8221;center&#8221; align_last_edited=&#8221;on|desktop&#8221; _builder_version=&#8221;4.19.4&#8243; custom_margin=&#8221;||||false|false&#8221; animation_style=&#8221;slide&#8221; animation_direction=&#8221;bottom&#8221; animation_intensity_slide=&#8221;4%&#8221; hover_enabled=&#8221;0&#8243; locked=&#8221;off&#8221; global_colors_info=&#8221;{}&#8221; theme_builder_area=&#8221;post_content&#8221; sticky_enabled=&#8221;0&#8243;][\/et_pb_image][\/et_pb_column][\/et_pb_row][\/et_pb_section]<\/p>\n","protected":false},"excerpt":{"rendered":"<p>GrillbarGrillbarNjut av en perfekt grillad m\u00e5ltid varje g\u00e5ng med Grill Bar.Med en gasolgrill blir det \u00e4nnu enklare att laga mat &#8211; det \u00e4r enkelt att starta och enkelt att reng\u00f6ra den, vilket g\u00f6r det \u00e4nnu bekv\u00e4mare f\u00f6r dig. Rummet \u00e4r fullt utrustat med en gasolgrill, inbyggda m\u00f6bler, diskb\u00e4nk, kylsk\u00e5p och diskmaskin f\u00f6r att du ska [&hellip;]<\/p>\n","protected":false},"author":1,"featured_media":0,"parent":0,"menu_order":0,"comment_status":"closed","ping_status":"closed","template":"","meta":{"_et_pb_use_builder":"on","_et_pb_old_content":"","_et_gb_content_width":"","footnotes":""},"class_list":["post-28730","page","type-page","status-publish","hentry"],"_links":{"self":[{"href":"https:\/\/poolbox.eu\/sv\/wp-json\/wp\/v2\/pages\/28730","targetHints":{"allow":["GET"]}}],"collection":[{"href":"https:\/\/poolbox.eu\/sv\/wp-json\/wp\/v2\/pages"}],"about":[{"href":"https:\/\/poolbox.eu\/sv\/wp-json\/wp\/v2\/types\/page"}],"author":[{"embeddable":true,"href":"https:\/\/poolbox.eu\/sv\/wp-json\/wp\/v2\/users\/1"}],"replies":[{"embeddable":true,"href":"https:\/\/poolbox.eu\/sv\/wp-json\/wp\/v2\/comments?post=28730"}],"version-history":[{"count":3,"href":"https:\/\/poolbox.eu\/sv\/wp-json\/wp\/v2\/pages\/28730\/revisions"}],"predecessor-version":[{"id":28738,"href":"https:\/\/poolbox.eu\/sv\/wp-json\/wp\/v2\/pages\/28730\/revisions\/28738"}],"wp:attachment":[{"href":"https:\/\/poolbox.eu\/sv\/wp-json\/wp\/v2\/media?parent=28730"}],"curies":[{"name":"wp","href":"https:\/\/api.w.org\/{rel}","templated":true}]}}