{"id":28733,"date":"2022-04-23T01:56:57","date_gmt":"2022-04-22T23:56:57","guid":{"rendered":"https:\/\/poolbox.eu\/snogrotta"},"modified":"2023-04-27T13:08:43","modified_gmt":"2023-04-27T11:08:43","slug":"snogrotta","status":"publish","type":"page","link":"https:\/\/poolbox.eu\/sv\/snogrotta","title":{"rendered":"Sn\u00f6grotta"},"content":{"rendered":"<p>[et_pb_section fb_built=&#8221;1&#8243; _builder_version=&#8221;4.16&#8243; _module_preset=&#8221;default&#8221; use_background_color_gradient=&#8221;on&#8221; background_color_gradient_stops=&#8221;rgba(22,22,22,0.28) 0%|rgba(22,22,22,0.62) 100%&#8221; background_color_gradient_overlays_image=&#8221;on&#8221; background_color_gradient_start=&#8221;rgba(22,22,22,0.28)&#8221; background_color_gradient_end=&#8221;rgba(22,22,22,0.62)&#8221; background_image=&#8221;https:\/\/poolbox.eu\/wp-content\/uploads\/2022\/01\/foto_bg_1.jpg&#8221; global_colors_info=&#8221;{}&#8221;][et_pb_row _builder_version=&#8221;4.16&#8243; _module_preset=&#8221;default&#8221; global_colors_info=&#8221;{}&#8221;][et_pb_column type=&#8221;4_4&#8243; _builder_version=&#8221;4.16&#8243; _module_preset=&#8221;default&#8221; global_colors_info=&#8221;{}&#8221;][et_pb_text module_class=&#8221;h1_home&#8221; _builder_version=&#8221;4.16.1&#8243; _module_preset=&#8221;default&#8221; header_font=&#8221;Exo|600||on|||||&#8221; header_text_color=&#8221;#ffffff&#8221; header_font_size=&#8221;65px&#8221; custom_margin=&#8221;||0px||false|false&#8221; header_font_size_tablet=&#8221;64px&#8221; header_font_size_phone=&#8221;48px&#8221; header_font_size_last_edited=&#8221;on|tablet&#8221; global_colors_info=&#8221;{}&#8221;]<\/p>\n<h1>SNOWHOUSE<\/h1>\n<p>[\/et_pb_text][\/et_pb_column][\/et_pb_row][\/et_pb_section][et_pb_section fb_built=&#8221;1&#8243; admin_label=&#8221;About Us &#8221; _builder_version=&#8221;4.16.1&#8243; background_enable_image=&#8221;off&#8221; custom_padding=&#8221;110px|0px|0px|0px||&#8221; global_colors_info=&#8221;{}&#8221;][et_pb_row column_structure=&#8221;1_2,1_2&#8243; _builder_version=&#8221;4.16&#8243; module_alignment=&#8221;center&#8221; custom_margin=&#8221;|||&#8221; custom_padding=&#8221;|||&#8221; global_colors_info=&#8221;{}&#8221;][et_pb_column type=&#8221;1_2&#8243; _builder_version=&#8221;4.16&#8243; background_color_gradient_direction=&#8221;35deg&#8221; background_color_gradient_start=&#8221;#ff6a88&#8243; background_color_gradient_end=&#8221;#ff99ac&#8221; custom_padding=&#8221;|60px||&#8221; global_colors_info=&#8221;{}&#8221; custom_padding__hover=&#8221;|||&#8221;][et_pb_text _builder_version=&#8221;4.16&#8243; text_font=&#8221;||||||||&#8221; header_font=&#8221;||||||||&#8221; header_text_align=&#8221;left&#8221; header_text_color=&#8221;#2b2b2b&#8221; header_line_height=&#8221;1.3em&#8221; header_2_font=&#8221;Exo|300|||||||&#8221; header_2_text_align=&#8221;left&#8221; header_2_text_color=&#8221;#023047&#8243; header_2_font_size=&#8221;42px&#8221; header_2_letter_spacing=&#8221;1px&#8221; text_orientation=&#8221;center&#8221; module_alignment=&#8221;center&#8221; custom_margin=&#8221;||10px|&#8221; animation_style=&#8221;slide&#8221; animation_duration=&#8221;1250ms&#8221; animation_delay=&#8221;250ms&#8221; global_colors_info=&#8221;{}&#8221;]<\/p>\n<h2>Sn\u00f6grotta<\/h2>\n<p>[\/et_pb_text][et_pb_divider color=&#8221;#ffb703&#8243; divider_weight=&#8221;3px&#8221; disabled_on=&#8221;on|on|off&#8221; _builder_version=&#8221;4.16&#8243; max_width=&#8221;90px&#8221; module_alignment=&#8221;left&#8221; height=&#8221;10px&#8221; custom_margin=&#8221;||20px|&#8221; animation_style=&#8221;slide&#8221; animation_direction=&#8221;bottom&#8221; animation_duration=&#8221;1250ms&#8221; animation_delay=&#8221;300ms&#8221; locked=&#8221;off&#8221; global_colors_info=&#8221;{}&#8221;][\/et_pb_divider][et_pb_text _builder_version=&#8221;4.16&#8243; text_font=&#8221;|300|||||||&#8221; text_text_color=&#8221;#023047&#8243; text_font_size=&#8221;18px&#8221; text_line_height=&#8221;1.8em&#8221; header_font=&#8221;||||||||&#8221; header_2_font=&#8221;||||||||&#8221; module_alignment=&#8221;center&#8221; custom_margin=&#8221;||30px|&#8221; global_colors_info=&#8221;{}&#8221;]<\/p>\n<p>Sn\u00f6grottan \u00e4r en plats som garanterar en unik upplevelse som alla kan njuta av. Det \u00e4r den perfekta platsen f\u00f6r att umg\u00e5s med familj och n\u00e4ra och k\u00e4ra.<\/p>\n<p>Det \u00e4r ocks\u00e5 en idealisk plats f\u00f6r att kyla ner kroppen efter en bastuvistelse. I sn\u00f6grottan r\u00e5der en temperatur p\u00e5 upp till -15 \u00b0C och en luftfuktighet p\u00e5 15 %.<\/p>\n<p>En session i ett s\u00e5dant rum \u00e4r s\u00e4rskilt anv\u00e4ndbar f\u00f6r personer som lider av f\u00f6rkylning, reumatism, artrit eller andra h\u00e4lsoproblem. Sn\u00f6grottan hj\u00e4lper till att lindra sm\u00e4rta och f\u00f6rb\u00e4ttra cirkulationen.<\/p>\n<p>[\/et_pb_text][\/et_pb_column][et_pb_column type=&#8221;1_2&#8243; _builder_version=&#8221;4.16&#8243; use_background_color_gradient=&#8221;on&#8221; background_color_gradient_direction=&#8221;143deg&#8221; background_color_gradient_stops=&#8221;#1c5baa 0%|#8ecae6 100%&#8221; background_color_gradient_start=&#8221;#1c5baa&#8221; background_color_gradient_end=&#8221;#8ecae6&#8243; custom_padding=&#8221;|||&#8221; animation_style=&#8221;zoom&#8221; animation_duration=&#8221;1250ms&#8221; animation_delay=&#8221;450ms&#8221; global_colors_info=&#8221;{}&#8221; custom_padding__hover=&#8221;|||&#8221;][et_pb_image src=&#8221;https:\/\/poolbox.eu\/wp-content\/uploads\/2022\/09\/grota_sniezna.jpg&#8221; title_text=&#8221;poolbox snow grotto&#8221; align=&#8221;center&#8221; _builder_version=&#8221;4.18.0&#8243; custom_margin=&#8221;-40px|40px|40px|-40px&#8221; custom_padding=&#8221;|||&#8221; animation_style=&#8221;zoom&#8221; animation_direction=&#8221;right&#8221; animation_duration=&#8221;1250ms&#8221; animation_delay=&#8221;500ms&#8221; animation_intensity_zoom=&#8221;6%&#8221; animation_starting_opacity=&#8221;100%&#8221; box_shadow_style=&#8221;preset3&#8243; box_shadow_color=&#8221;rgba(0,0,0,0.1)&#8221; always_center_on_mobile=&#8221;off&#8221; global_colors_info=&#8221;{}&#8221;][\/et_pb_image][\/et_pb_column][\/et_pb_row][\/et_pb_section][et_pb_section fb_built=&#8221;1&#8243; admin_label=&#8221;Featured Products&#8221; _builder_version=&#8221;4.16&#8243; custom_padding=&#8221;0px||26px|||&#8221; global_colors_info=&#8221;{}&#8221;][et_pb_row _builder_version=&#8221;4.17.3&#8243; background_size=&#8221;initial&#8221; background_position=&#8221;top_left&#8221; background_repeat=&#8221;repeat&#8221; custom_padding=&#8221;||129px|||&#8221; global_colors_info=&#8221;{}&#8221;][et_pb_column type=&#8221;4_4&#8243; _builder_version=&#8221;4.16&#8243; custom_padding=&#8221;|||&#8221; global_colors_info=&#8221;{}&#8221; custom_padding__hover=&#8221;|||&#8221;][et_pb_text _builder_version=&#8221;4.18.0&#8243; text_font=&#8221;|300|||||||&#8221; text_text_color=&#8221;#023047&#8243; text_font_size=&#8221;18px&#8221; text_line_height=&#8221;1.8em&#8221; header_font=&#8221;||||||||&#8221; header_text_align=&#8221;left&#8221; header_2_font=&#8221;||||||||&#8221; text_orientation=&#8221;center&#8221; max_width=&#8221;1204px&#8221; module_alignment=&#8221;center&#8221; animation_style=&#8221;slide&#8221; global_colors_info=&#8221;{}&#8221;]<\/p>\n<p style=\"text-align: left;\"><span style=\"text-decoration: underline;\">F\u00f6rdelar med Snow Grotto:<\/span><\/p>\n<p style=\"text-align: left;\"><span style=\"text-decoration: underline;\"><\/span>&#8211; \u00f6kar immuniteten,<br \/>&#8211; f\u00f6rb\u00e4ttrar cirkulationen,<br \/>&#8211; lindrar befintliga sm\u00e4rtor,<br \/>&#8211; har en antiinflammatorisk effekt,<br \/>&#8211; minskar muskelsp\u00e4nningar,<br \/>&#8211; har en positiv effekt p\u00e5 lungorna och luftv\u00e4garna.<\/p>\n<p>[\/et_pb_text][\/et_pb_column][\/et_pb_row][\/et_pb_section]<\/p>\n","protected":false},"excerpt":{"rendered":"<p>SNOWHOUSESn\u00f6grottaSn\u00f6grottan \u00e4r en plats som garanterar en unik upplevelse som alla kan njuta av. Det \u00e4r den perfekta platsen f\u00f6r att umg\u00e5s med familj och n\u00e4ra och k\u00e4ra. Det \u00e4r ocks\u00e5 en idealisk plats f\u00f6r att kyla ner kroppen efter en bastuvistelse. I sn\u00f6grottan r\u00e5der en temperatur p\u00e5 upp till -15 \u00b0C och en luftfuktighet [&hellip;]<\/p>\n","protected":false},"author":1,"featured_media":0,"parent":0,"menu_order":0,"comment_status":"closed","ping_status":"closed","template":"","meta":{"_et_pb_use_builder":"on","_et_pb_old_content":"","_et_gb_content_width":"","footnotes":""},"class_list":["post-28733","page","type-page","status-publish","hentry"],"_links":{"self":[{"href":"https:\/\/poolbox.eu\/sv\/wp-json\/wp\/v2\/pages\/28733","targetHints":{"allow":["GET"]}}],"collection":[{"href":"https:\/\/poolbox.eu\/sv\/wp-json\/wp\/v2\/pages"}],"about":[{"href":"https:\/\/poolbox.eu\/sv\/wp-json\/wp\/v2\/types\/page"}],"author":[{"embeddable":true,"href":"https:\/\/poolbox.eu\/sv\/wp-json\/wp\/v2\/users\/1"}],"replies":[{"embeddable":true,"href":"https:\/\/poolbox.eu\/sv\/wp-json\/wp\/v2\/comments?post=28733"}],"version-history":[{"count":3,"href":"https:\/\/poolbox.eu\/sv\/wp-json\/wp\/v2\/pages\/28733\/revisions"}],"predecessor-version":[{"id":28745,"href":"https:\/\/poolbox.eu\/sv\/wp-json\/wp\/v2\/pages\/28733\/revisions\/28745"}],"wp:attachment":[{"href":"https:\/\/poolbox.eu\/sv\/wp-json\/wp\/v2\/media?parent=28733"}],"curies":[{"name":"wp","href":"https:\/\/api.w.org\/{rel}","templated":true}]}}